{"id":84898,"date":"2023-10-23T15:36:22","date_gmt":"2023-10-23T13:36:22","guid":{"rendered":"https:\/\/www.ricany.cz\/overview-of-grants-from-the-programme-events-2018-operations-2018-and-representation-1-pol-2018\/"},"modified":"2024-04-28T08:35:41","modified_gmt":"2024-04-28T06:35:41","slug":"overview-of-grants-from-the-programme-events-2018-operations-2018-and-representation-1-pol-2018","status":"publish","type":"page","link":"https:\/\/www.ricany.cz\/en\/overview-of-grants-from-the-programme-events-2018-operations-2018-and-representation-1-pol-2018\/","title":{"rendered":"Overview of grants from the programme Events 2018, Operations 2018 and Representation 1. pol. 2018"},"content":{"rendered":"\n<p><strong>City grants from the 2018 Events programme distributed<\/strong><\/p>\n\n<p>On 13. 9. 2017, the City Council of \u0158\u00ed\u010dany approved the ACTION programme for the provision of subsidies from the budget of the City of \u0158\u00ed\u010dany for 2018 under the number of Resolution 17-07-023. According to the terms of the approved programme, applicants could submit applications for financial support for their projects in the Grantys database system until 31 December 2016. 12. 2017. A total of 62 applications for subsidies were registered. The town council of \u0158\u00ed\u010dany at its meeting on 14. February 2018 approved the distribution of funds among applicants who met the conditions of the Action 2018 programme, in the total amount of CZK 1 378 200,-.<\/p>\n\n<figure class=\"wp-block-table\"><table><tbody><tr><td><strong>Name of organisation<\/strong><\/td><td><strong>Subject of the request<\/strong><\/td><td><strong>Amount approved by the council<\/strong><\/td><\/tr><tr><td>Aizen &#8211; Japanese Garden, o.p.s.<\/td><td>Children&#8217;s Day at the Aizen Japanese Garden<\/td><td>20 000<\/td><\/tr><tr><td>Aizen &#8211; Japanese Garden, o.p.s.<\/td><td>Plant your tree in the Aizen Japanese Garden<\/td><td>20 000<\/td><\/tr><tr><td>Aizen &#8211; Japanese Garden, o.p.s.<\/td><td>Summer cinema in Aizen Japanese Garden<\/td><td>12 800<\/td><\/tr><tr><td>Aizen &#8211; Japanese Garden, o.p.s.<\/td><td>Japanese Day in Aizen Garden<\/td><td>20 000<\/td><\/tr><tr><td>Running club \u0158\u00ed\u010dany z.s.<\/td><td>Forest run \u0158\u00ed\u010dany XCR 2018<\/td><td>20 000<\/td><\/tr><tr><td>Skating club \u0158\u00ed\u010dany, z. s.<\/td><td>St. Nicholas on Ice<\/td><td>20 000<\/td><\/tr><tr><td>Skating club \u0158\u00ed\u010dany, z. s.<\/td><td>Mardi Gras on ice (carnival)<\/td><td>20 000<\/td><\/tr><tr><td>Skating club \u0158\u00ed\u010dany, z. s.<\/td><td>Halloween &#8211; Haunting on Ice<\/td><td>20 000<\/td><\/tr><tr><td>Skating club \u0158\u00ed\u010dany, z. s.<\/td><td>Children&#8217;s Day on Ice<\/td><td>20 000<\/td><\/tr><tr><td>Skating club \u0158\u00ed\u010dany, z. s.<\/td><td>Ice Ball &#8211; Winter Jamboree<\/td><td>20 000<\/td><\/tr><tr><td>Centrum Na Fialce o.p.s.<\/td><td>Swimming marathon 2018<\/td><td>40 000<\/td><\/tr><tr><td>Path of Integration, o.p.s.<\/td><td>Club and in the streets 3<\/td><td>18 000<\/td><\/tr><tr><td>Path of Integration, o.p.s.<\/td><td>Injury Free Day 2018<\/td><td>18 000<\/td><\/tr><tr><td>Path of Integration, o.p.s.<\/td><td>Day of the rescuers<\/td><td>39 000<\/td><\/tr><tr><td>Theatre Association Tyl<\/td><td>Theatre Autumn of Ji\u0159\u00ed \u0160atoplet<\/td><td>40 000<\/td><\/tr><tr><td>Fight club \u0158\u00ed\u010dany, z. s.<\/td><td>\u0158\u00ed\u010dansk\u00e9 potah\u00e1n\u00ed 7<\/td><td>8 000<\/td><\/tr><tr><td>Fight club \u0158\u00ed\u010dany, z. s.<\/td><td>\u0158\u00ed\u010dansk\u00e9 potah\u00e1n\u00ed 6<\/td><td>8 000<\/td><\/tr><tr><td>FK \u0158\u00ed\u010dany, association<\/td><td>Miroslav \u0160af\u00e1rik Memorial 2018<\/td><td>20 000<\/td><\/tr><tr><td>Fuego \u0158\u00ed\u010dany z.s.<\/td><td>41. \u0158\u00ed\u010dany Cup 2018 &#8211; competition in dance sport<\/td><td>50 000<\/td><\/tr><tr><td>Fuego \u0158\u00ed\u010dany z.s.<\/td><td>Fuego Cup 2018 &#8211; 16. Vintage<\/td><td>40 000<\/td><\/tr><tr><td>HaMfest, z.s.<\/td><td>HaMfest.cz 2018<\/td><td>20 000<\/td><\/tr><tr><td>Judo Club Kyklop branch association \u0158\u00ed\u010dany<\/td><td>Judo Cup Ricany 2018<\/td><td>50 000<\/td><\/tr><tr><td>Jun\u00e1k &#8211; Czech Scout, centre L\u00edpa \u0158\u00ed\u010dany, z. s.<\/td><td>Cyclotrophy 2018<\/td><td>11 000<\/td><\/tr><tr><td>Jure\u010dek z.s.<\/td><td>Jure\u010dkov\u00e1 Trefa 2018<\/td><td>20 000<\/td><\/tr><tr><td>K\u010cT, Department \u0158\u00ed\u010dany &#8211; Rado\u0161ovice<\/td><td>Tourist march through the Pytl\u00e1ckie Gorges<\/td><td>20 000<\/td><\/tr><tr><td>Chess Club \u0158\u00ed\u010dany 1925, z.s.<\/td><td>KP of younger pupils<\/td><td>20 000<\/td><\/tr><tr><td>Scooter Grand Prix<\/td><td>Scooter Grand Prix \u0158\u00ed\u010dany<\/td><td>17 000<\/td><\/tr><tr><td>Mraveni\u0161t\u011b, leisure centre \u0158\u00ed\u010dany, z.s.<\/td><td>This page<\/td><td>18 000<\/td><\/tr><tr><td>Mraveni\u0161t\u011b, leisure centre \u0158\u00ed\u010dany, z.s.<\/td><td>\u0158\u00ed\u010dany pedal race 2018<\/td><td>50 000<\/td><\/tr><tr><td>Na Radostech, z. s.<\/td><td>Street Food Festival 2018<\/td><td>50 000<\/td><\/tr><tr><td>The Ornamental Society in \u0158\u00ed\u010dany, z.s.<\/td><td>Eradication of woody plants in r. 2018 &#8211; winged warbler<\/td><td>8 000<\/td><\/tr><tr><td>Rugby Club \u0158\u00ed\u010dany, z.s.<\/td><td>International tournament PYRF 2018 for U14<\/td><td>30 000<\/td><\/tr><tr><td>Rugby Club \u0158\u00ed\u010dany, z.s.<\/td><td>International tournament PYRF 2018 for U16<\/td><td>30 000<\/td><\/tr><tr><td>SC SPIRIT \u0158\u00cd\u010cANY z. s.<\/td><td>Children&#8217;s karate sports league in \u0158\u00ed\u010dany<\/td><td>20 000<\/td><\/tr><tr><td>SC SPIRIT \u0158\u00cd\u010cANY z. s.<\/td><td>Central Bohemia Karate Championship<\/td><td>20 000<\/td><\/tr><tr><td>SC SPIRIT \u0158\u00cd\u010cANY z. s.<\/td><td>Blue and red mini volleyball tournament<\/td><td>8 000<\/td><\/tr><tr><td>SC SPIRIT \u0158\u00cd\u010cANY z. s.<\/td><td>Yellow and orange mini volleyball tournament<\/td><td>8 000<\/td><\/tr><tr><td>SC SPIRIT \u0158\u00cd\u010cANY z. s.<\/td><td>Children&#8217;s karate mini-tournament in Ricany<\/td><td>20 000<\/td><\/tr><tr><td>Senior Centre \u0158\u00ed\u010dany<\/td><td>Diabetes Day<\/td><td>8 000<\/td><\/tr><tr><td>Senior Centre \u0158\u00ed\u010dany<\/td><td>PC course for seniors<\/td><td>8 000<\/td><\/tr><tr><td>Senior Centre \u0158\u00ed\u010dany<\/td><td>PC course for families with children<\/td><td>8 000<\/td><\/tr><tr><td>SK Slun\u00e9\u010dko, z.s.<\/td><td>Cool Valley 2018<\/td><td>8 000<\/td><\/tr><tr><td>Studio DANCE EB association<\/td><td>3. Step Cup \u0158\u00ed\u010dany<\/td><td>20 000<\/td><\/tr><tr><td>Studio DANCE EB association<\/td><td>Dance for all<\/td><td>8 000<\/td><\/tr><tr><td>School of Taekwon-Do ITF KWANG GAE z.s.<\/td><td>OPEN CHAMPIONSHIP OF THE CZECH REPUBLIC<\/td><td>50 000<\/td><\/tr><tr><td>School of Taekwon-Do ITF KWANG GAE z.s.<\/td><td>15th International Championship Best of the Best 2018<\/td><td>50 000<\/td><\/tr><tr><td>Sokol \u0158\u00ed\u010dany and Rado\u0161ovice<\/td><td>Spring athletic competitions<\/td><td>20 000<\/td><\/tr><tr><td>Sokol \u0158\u00ed\u010dany and Rado\u0161ovice<\/td><td>Pupil athletics day<\/td><td>20 000<\/td><\/tr><tr><td>Sokol \u0158\u00ed\u010dany and Rado\u0161ovice<\/td><td>Swimming school swimming championships<\/td><td>30 000<\/td><\/tr><tr><td>Sokol \u0158\u00ed\u010dany and Rado\u0161ovice<\/td><td>St. Wenceslas Aquathlon<\/td><td>30 000<\/td><\/tr><tr><td>Sokol \u0158\u00ed\u010dany and Rado\u0161ovice<\/td><td>\u0158\u00ed\u010dany Swimming School Cup<\/td><td>15 000<\/td><\/tr><tr><td>TJ Tourist, z.s.<\/td><td>\u0158\u00ed\u010dany stars<\/td><td>20 000<\/td><\/tr><tr><td>TJ Tourist, z.s.<\/td><td>Teamgym Cup \u0158\u00ed\u010dany 2018<\/td><td>34 500<\/td><\/tr><tr><td>T\u0160 Twist \u0158\u00ed\u010dany, z.s.<\/td><td>Spring prize of T\u0160 Twist \u0158\u00ed\u010dany 2018, 16. Vintage<\/td><td>40 000<\/td><\/tr><tr><td>T\u0160 Twist \u0158\u00ed\u010dany, z.s.<\/td><td>Mayor&#8217;s Cup 2018, 18. Vintage<\/td><td>40 000<\/td><\/tr><tr><td>T\u0160 Twist \u0158\u00ed\u010dany, z.s.<\/td><td>Christmas TWISTing<\/td><td>20 000<\/td><\/tr><tr><td>Vesmir \u0158\u00ed\u010dany, z.s.<\/td><td>Realization of the Children&#8217;s Day at Marv\u00e1nek 2018<\/td><td>14 900<\/td><\/tr><tr><td>ZO \u010cSOP EKOCENTRUM \u0158\u00cd\u010cANY<\/td><td>Arbor Day 2018<\/td><td>8 000<\/td><\/tr><tr><td>ZO \u010cSOP EKOCENTRUM \u0158\u00cd\u010cANY<\/td><td>Puppies in the yard<\/td><td>8 000<\/td><\/tr><tr><td>ZO \u010cSOP EKOCENTRUM \u0158\u00cd\u010cANY<\/td><td>Sheep in the Yard &#8211; sheep shearing, wool spinning, felting<\/td><td>8 000<\/td><\/tr><tr><td>ZO \u010cSOP EKOCENTRUM \u0158\u00cd\u010cANY<\/td><td>Goat afternoon at Dvorku &#8211; butter and cheese making<\/td><td>8 000<\/td><\/tr><tr><td>ZO \u010cSOP EKOCENTRUM \u0158\u00cd\u010cANY<\/td><td>Nutcracker in the nutcracker<\/td><td>8 000<\/td><\/tr><\/tbody><\/table><\/figure>\n\n<p><strong>City subsidies from the 2018 Operations and Representation program in 1. pol. 2018 distributed<\/strong><\/p>\n\n<p>On 13. 9. 2017, the City Council of \u0158\u00ed\u010dany approved under the number of resolution 17-07-020 the program OPERATION and under the number of resolution 17-07-018 the program Representation for the provision of subsidies from the budget of the City of \u0158\u00ed\u010dany for the year 2018. 36 applications for subsidies were registered in the Operations programme, 13 applications for 1. half of 2018.<\/p>\n\n<p>The applications that met the conditions of the PROVOZ 2018 programme were awarded by the resolution of the City Council of \u0158\u00ed\u010dany of 14. March 2018, funds in the total amount of CZK 3 620 045,- were allocated.<\/p>\n\n<p>Among the individual applicants who represent the town of \u0158\u00ed\u010dany at international events, the resolution of the Municipal Council of \u0158\u00ed\u010dany of 14. 3. 2018 for the first half of 2018, a total of CZK 200 480,-. Applicants ranked 1st. &#8211; 3rd place, they received a 100% subsidy. Applicants ranked on the 4. &#8211; 13. place, they received 64% of the amount requested.<\/p>\n\n<p><strong>Operation Programme 2018 &#8211; Allocation of funds<\/strong><\/p>\n\n<figure class=\"wp-block-table\"><table><tbody><tr><td><strong><em>Name of organisation<\/em><\/strong><\/td><td><strong><em>Amount approved by the council (in CZK)<\/em><\/strong><\/td><\/tr><tr><td>Alphabet of practical movement, z. s.<\/td><td>22 825<\/td><\/tr><tr><td>Aikido Kenkyukai \u0158\u00ed\u010dany, z. s.<\/td><td>91 300<\/td><\/tr><tr><td>Aizen &#8211; Japanese garden, o. p. s.<\/td><td>22 825<\/td><\/tr><tr><td>Ant Parkour Deadly Team \u0158\u00ed\u010dany, z. s.<\/td><td>91 300<\/td><\/tr><tr><td>Running club \u0158\u00ed\u010dany, z. s.<\/td><td>9 130<\/td><\/tr><tr><td>Skating club \u0158\u00ed\u010dany, z. s.<\/td><td>136 950<\/td><\/tr><tr><td>Centrum Na Fialce, o. p. s.<\/td><td>228 250<\/td><\/tr><tr><td>Czech Fishing Association, z. s.<\/td><td>136 950<\/td><\/tr><tr><td>Theatre Association Tyl, z. s.<\/td><td>22 825<\/td><\/tr><tr><td>FBC \u0158\u00ed\u010dany, z. s.<\/td><td>136 950<\/td><\/tr><tr><td>Fight Club \u0158\u00ed\u010dany, z. s.<\/td><td>9 130<\/td><\/tr><tr><td>FK Rado\u0161ovice, z. s.<\/td><td>136 950<\/td><\/tr><tr><td>FK \u0158\u00ed\u010dany, z. s.<\/td><td>228 250<\/td><\/tr><tr><td>Fuego \u0158\u00ed\u010dany, z. s.<\/td><td>91 300<\/td><\/tr><tr><td>Judo Club Kyklop, branch association \u0158\u00ed\u010dany<\/td><td>91 300<\/td><\/tr><tr><td>Jun\u00e1k &#8211; Czech Scout, centre L\u00edpa \u0158\u00ed\u010dany, z. s.<\/td><td>136 950<\/td><\/tr><tr><td>Chess Club \u0158\u00ed\u010dany 1925, z. s.<\/td><td>91 300<\/td><\/tr><tr><td>Mraveni\u0161t\u011b, leisure centre \u0158\u00ed\u010dany, z. s.<\/td><td>228 250<\/td><\/tr><tr><td>The Ornamental Society in \u0158\u00ed\u010dany, z. s.<\/td><td>9 130<\/td><\/tr><tr><td>Rugby Club \u0158\u00ed\u010dany, z. s.<\/td><td>136 950<\/td><\/tr><tr><td>\u0158\u00ed\u010dany Chamber Orchestra, z. s.<\/td><td>22 825<\/td><\/tr><tr><td>Congregation of the Church of the Brethren in \u0158\u00ed\u010dany<\/td><td>22 825<\/td><\/tr><tr><td>SC Spirit \u0158\u00ed\u010dany, z. s.<\/td><td>136 950<\/td><\/tr><tr><td>SH \u010cMS &#8211; Volunteer Fire Brigade \u0158\u00ed\u010dany<\/td><td>45 650<\/td><\/tr><tr><td>SK Slun\u00e9\u010dko, z. s.<\/td><td>91 300<\/td><\/tr><tr><td>Sports, o. p. s.<\/td><td>91 300<\/td><\/tr><tr><td>Studio Dance EB, z. s.<\/td><td>136 950<\/td><\/tr><tr><td>Taekwon-Do Kwang Gae School, z. s.<\/td><td>91 300<\/td><\/tr><tr><td>TJ Sokol \u0158\u00ed\u010dany and Rado\u0161ovice, z. s.<\/td><td>365 200<\/td><\/tr><tr><td>TJ Sokol Pacov, z. s.<\/td><td>9 130<\/td><\/tr><tr><td>TJ Tourist, z. s.<\/td><td>228 250<\/td><\/tr><tr><td>TK Rado\u0161ovice, z. s.<\/td><td>91 300<\/td><\/tr><tr><td>T\u0160 TWIST \u0158\u00ed\u010dany, z. s.<\/td><td>136 950<\/td><\/tr><tr><td>ZO \u010cSOP EKOCENTRUM \u0158\u00ed\u010dany, z. s.<\/td><td>91 300<\/td><\/tr><\/tbody><\/table><\/figure>\n\n<p><strong>Program of Representation 1. pol. 2018 &#8211; Allocation of funds<\/strong><\/p>\n\n<figure class=\"wp-block-table\"><table><tbody><tr><td><strong><em>Ranking<\/em><\/strong><\/td><td><strong><em>Applicant<\/em><\/strong><\/td><td><strong><em>Project name<\/em><\/strong><\/td><td><strong><em>Amount approved by the council (in CZK)<\/em><\/strong><\/td><\/tr><tr><td>1.<\/td><td>FBC \u0158\u00ed\u010dany, z.s.<\/td><td>Floorball players go to M\u00f6lndal<\/td><td>30 000,-<\/td><\/tr><tr><td>2.<\/td><td>TJ Tourist, z.s.<\/td><td>Representation of the city to the twin city of Dainville<\/td><td>24 000,-<\/td><\/tr><tr><td>3.<\/td><td>Rugby Club \u0158\u00ed\u010dany, z.s.<\/td><td>World Youth Games 2018<\/td><td>30 000,-<\/td><\/tr><tr><td>4.<\/td><td>FK Rado\u0161ovice, z. s.<\/td><td>International tournament Deutschland Cup<\/td><td>19 200,-  <\/td><\/tr><tr><td>5.<\/td><td>FK \u0158\u00ed\u010dany, z. s.<\/td><td>Jesolo Cup 2018<\/td><td>19 200,-<\/td><\/tr><tr><td>6.<\/td><td>TJ Sokol \u0158\u00ed\u010dany and Rado\u0161ovice<\/td><td>45th meeting of falconers in \u00d6etz, Austria<\/td><td>11 520,-<\/td><\/tr><tr><td>7.<\/td><td>School of Taekwon-Do ITF KWANG GAE, z. s.<\/td><td>Pre\u0161ov Open 2018<\/td><td>19 200,-<\/td><\/tr><tr><td>8.<\/td><td>Chess Club \u0158\u00ed\u010dany 1925, z. s.<\/td><td>Czech-Slovak Women&#8217;s Chess Extraliga<\/td><td>5 120,-<\/td><\/tr><tr><td>9.<\/td><td>Mat\u011bj Burian<\/td><td>Representative triathlon trip &#8211; Australia<\/td><td>6 400,-<\/td><\/tr><tr><td>10.<\/td><td>Running club \u0158\u00ed\u010dany, z.s.<\/td><td>World Championships for Veterans in Downhill Running 2018<\/td><td>3 840,-<\/td><\/tr><tr><td>11.<\/td><td>Fuego \u0158\u00ed\u010dany, z. s.<\/td><td>Germany 2018-dance comp Wuppertal<\/td><td>19 200,-<\/td><\/tr><tr><td>12.<\/td><td>Mat\u011bj Bedrn\u00edk<\/td><td>Representation on MTB camp in Italy<\/td><td>6 400,-<\/td><\/tr><tr><td>13.<\/td><td>Karol\u00edna Bedrn\u00edkov\u00e1<\/td><td>Representation on MTB camp in Italy<\/td><td>6 400,-<\/td><\/tr><\/tbody><\/table><\/figure>\n","protected":false},"excerpt":{"rendered":"<p>City grants from the 2018 Events programme distributed On 13. 9. 2017, the City Council of \u0158\u00ed\u010dany approved the ACTION&#8230;<\/p>\n","protected":false},"author":1,"featured_media":0,"parent":0,"menu_order":617,"comment_status":"closed","ping_status":"closed","template":"","meta":{"_acf_changed":false,"_relevanssi_hide_post":"","_relevanssi_hide_content":"","_relevanssi_pin_for_all":"","_relevanssi_pin_keywords":"","_relevanssi_unpin_keywords":"","_relevanssi_related_keywords":"","_relevanssi_related_include_ids":"","_relevanssi_related_exclude_ids":"","_relevanssi_related_no_append":"","_relevanssi_related_not_related":"","_relevanssi_related_posts":"","_relevanssi_noindex_reason":"","inline_featured_image":false,"footnotes":""},"class_list":["post-84898","page","type-page","status-publish","hentry"],"acf":[],"_links":{"self":[{"href":"https:\/\/www.ricany.cz\/en\/wp-json\/wp\/v2\/pages\/84898","targetHints":{"allow":["GET"]}}],"collection":[{"href":"https:\/\/www.ricany.cz\/en\/wp-json\/wp\/v2\/pages"}],"about":[{"href":"https:\/\/www.ricany.cz\/en\/wp-json\/wp\/v2\/types\/page"}],"author":[{"embeddable":true,"href":"https:\/\/www.ricany.cz\/en\/wp-json\/wp\/v2\/users\/1"}],"replies":[{"embeddable":true,"href":"https:\/\/www.ricany.cz\/en\/wp-json\/wp\/v2\/comments?post=84898"}],"version-history":[{"count":1,"href":"https:\/\/www.ricany.cz\/en\/wp-json\/wp\/v2\/pages\/84898\/revisions"}],"predecessor-version":[{"id":84901,"href":"https:\/\/www.ricany.cz\/en\/wp-json\/wp\/v2\/pages\/84898\/revisions\/84901"}],"wp:attachment":[{"href":"https:\/\/www.ricany.cz\/en\/wp-json\/wp\/v2\/media?parent=84898"}],"curies":[{"name":"wp","href":"https:\/\/api.w.org\/{rel}","templated":true}]}}