{"id":84881,"date":"2023-11-06T09:36:29","date_gmt":"2023-11-06T08:36:29","guid":{"rendered":"https:\/\/www.ricany.cz\/city\/municipal-police-ricany\/precinct-officers\/"},"modified":"2025-02-11T08:56:28","modified_gmt":"2025-02-11T07:56:28","slug":"precinct-officers","status":"publish","type":"page","link":"https:\/\/www.ricany.cz\/en\/city\/municipal-police-ricany\/precinct-officers\/","title":{"rendered":"Precinct officers"},"content":{"rendered":"\n<p>Number of MP precincts: 7<br\/>Number of precinct officers: 7<\/p>\n\n<p>A precinct officer of the \u0158\u00ed\u010dany Municipal Police<em>(hereinafter referred to as precinct officer<\/em>) performs duty in the precinct assigned to him. The individual districts are defined by a bounded area &#8211; see map.<\/p>\n\n<p>In the map of \u0158\u00ed\u010dany and its surroundings you can find a total of 7 districts:<\/p>\n\n<p>1. \u0158\u00ed\u010dany u Prahy, 2. \u0158\u00ed\u010dany &#8211; Rado\u0161ovice, 3. Pacov u \u0158\u00ed\u010dan, 4. Stra\u0161\u00edn near \u0158\u00ed\u010dany, 5. Water fountains, 6. Ja\u017elovice, 7. Ku\u0159\u00ed near \u0158\u00ed\u010dany.<\/p>\n\n<figure class=\"wp-block-image size-full\"><img decoding=\"async\" width=\"966\" height=\"852\" src=\"https:\/\/www.ricany.cz\/wp-content\/smush-webp\/2023\/11\/ricany-mestska-policie-mapa_02.jpg.webp\" alt=\"\" class=\"wp-image-28455\" srcset=\"https:\/\/www.ricany.cz\/wp-content\/smush-webp\/2023\/11\/ricany-mestska-policie-mapa_02.jpg.webp 966w, https:\/\/www.ricany.cz\/wp-content\/smush-webp\/2023\/11\/ricany-mestska-policie-mapa_02-600x529.jpg.webp 600w, https:\/\/www.ricany.cz\/wp-content\/smush-webp\/2023\/11\/ricany-mestska-policie-mapa_02-412x363.jpg.webp 412w, https:\/\/www.ricany.cz\/wp-content\/smush-webp\/2023\/11\/ricany-mestska-policie-mapa_02-823x726.jpg.webp 823w, https:\/\/www.ricany.cz\/wp-content\/smush-webp\/2023\/11\/ricany-mestska-policie-mapa_02-300x265.jpg.webp 300w\" sizes=\"(max-width: 966px) 100vw, 966px\" \/><\/figure>\n\n<p><\/p>\n\n<p><strong><u>Principle and job description of a precinct officer in the town of \u0158\u00ed\u010dany<\/u><\/strong><\/p>\n\n<p>The principle of the precinct officer is greater personal responsibility for the precinct and closer contact with the citizens in the precinct. The district officer has a better overview of what is happening in the place and should be the first to deal with individual cases &#8211; incidents within the framework of ensuring public order and its prevention, including traffic safety. In the absence of the precinct officer, the standard MP patrol provides the service, which then passes on the necessary information from the service in the precinct to the precinct officer.<\/p>\n\n<p>The precinct officer also performs regular MP patrol services throughout the entire cadastral territory of the town of \u0158\u00ed\u010dany.<\/p>\n\n<p>The District Police Officer performs his tasks and duties in accordance with the Municipal Police Act No. 553\/1991 Coll., and everyone has the right to ask him for help. The performance of tasks in the precinct is carried out mainly by foot patrols or by bicycle and car patrols.<\/p>\n\n<p><strong>The priority of the precinct officer&#8217;s activity is, among other things, the control of: <\/strong>unauthorized occupation of public space, parked car wrecks, free running of animals, pollution of public space, unauthorized establishment of landfills, observance of civil coexistence, disturbance of night peace, crime prevention. Supervision of compliance with generally binding ordinances of the town of \u0158\u00ed\u010dany and cooperation with settlement committees of individual districts.<\/p>\n<section class=\"block block-record-listing-dynamic\" >\n    <div class=\"filters\">\n        <div class=\"facetwp-facet facetwp-facet-zaznamy_hledat facetwp-type-search\" data-name=\"zaznamy_hledat\" data-type=\"search\"><\/div><div class=\"facetwp-facet facetwp-facet-zaznamy_pocet facetwp-type-pager\" data-name=\"zaznamy_pocet\" data-type=\"pager\"><\/div>    <\/div>\n    <div class=\"facetwp-template records\">\n        <p class=\"notice\">We are really sorry but there are no records.<\/p>    <\/div>\n    <div class=\"facetwp-facet facetwp-facet-obecne_nacist_dalsi facetwp-type-pager\" data-name=\"obecne_nacist_dalsi\" data-type=\"pager\"><\/div><\/section>","protected":false},"excerpt":{"rendered":"<p>Number of MP precincts: 7Number of precinct officers: 7 A precinct officer of the \u0158\u00ed\u010dany Municipal Police(hereinafter referred to as&#8230;<\/p>\n","protected":false},"author":1,"featured_media":0,"parent":84743,"menu_order":360,"comment_status":"closed","ping_status":"closed","template":"","meta":{"_acf_changed":false,"_relevanssi_hide_post":"","_relevanssi_hide_content":"","_relevanssi_pin_for_all":"","_relevanssi_pin_keywords":"","_relevanssi_unpin_keywords":"","_relevanssi_related_keywords":"","_relevanssi_related_include_ids":"","_relevanssi_related_exclude_ids":"","_relevanssi_related_no_append":"","_relevanssi_related_not_related":"","_relevanssi_related_posts":"","_relevanssi_noindex_reason":"","inline_featured_image":false,"footnotes":""},"class_list":["post-84881","page","type-page","status-publish","hentry"],"acf":[],"_links":{"self":[{"href":"https:\/\/www.ricany.cz\/en\/wp-json\/wp\/v2\/pages\/84881","targetHints":{"allow":["GET"]}}],"collection":[{"href":"https:\/\/www.ricany.cz\/en\/wp-json\/wp\/v2\/pages"}],"about":[{"href":"https:\/\/www.ricany.cz\/en\/wp-json\/wp\/v2\/types\/page"}],"author":[{"embeddable":true,"href":"https:\/\/www.ricany.cz\/en\/wp-json\/wp\/v2\/users\/1"}],"replies":[{"embeddable":true,"href":"https:\/\/www.ricany.cz\/en\/wp-json\/wp\/v2\/comments?post=84881"}],"version-history":[{"count":2,"href":"https:\/\/www.ricany.cz\/en\/wp-json\/wp\/v2\/pages\/84881\/revisions"}],"predecessor-version":[{"id":105680,"href":"https:\/\/www.ricany.cz\/en\/wp-json\/wp\/v2\/pages\/84881\/revisions\/105680"}],"up":[{"embeddable":true,"href":"https:\/\/www.ricany.cz\/en\/wp-json\/wp\/v2\/pages\/84743"}],"wp:attachment":[{"href":"https:\/\/www.ricany.cz\/en\/wp-json\/wp\/v2\/media?parent=84881"}],"curies":[{"name":"wp","href":"https:\/\/api.w.org\/{rel}","templated":true}]}}