{"id":84878,"date":"2023-11-25T10:14:23","date_gmt":"2023-11-25T09:14:23","guid":{"rendered":"https:\/\/www.ricany.cz\/architect-of-the-city\/"},"modified":"2025-02-11T08:46:15","modified_gmt":"2025-02-11T07:46:15","slug":"architect-of-the-city","status":"publish","type":"page","link":"https:\/\/www.ricany.cz\/en\/town-hall\/city-office\/architect-of-the-city\/","title":{"rendered":"Architect of the city"},"content":{"rendered":"\n<div class=\"wp-block-columns is-layout-flex wp-container-core-columns-is-layout-9d6595d7 wp-block-columns-is-layout-flex\">\n<div class=\"wp-block-column is-layout-flow wp-block-column-is-layout-flow\" style=\"flex-basis:66.66%\">\n<p><strong>Scope of activity:<\/strong> The town architect is responsible for the overall concept of the architectural development of the town, the quality of public space, the form of the town&#8217;s furniture, participates in the evaluation of architectural projects within the town of \u0158\u00ed\u010dany, is one of the main drivers of architectural competitions in the town.<\/p>\n\n\n\n<p>The architect of the town of \u0158\u00ed\u010dany was appointed in 2023  <strong>Ing. arch. Peter Frank.  <\/strong>He performs the function as an external collaborator of the City on the basis of an assignment contract.<\/p>\n\n\n\n<h3 class=\"wp-block-heading\">Contacts:<\/h3>\n\n\n    <section class=\"block block-contacts\" >\n                    <div class=\"contacts\">\n                <article class=\"contact odbor-rozvoje-mesta\">\n            <div class=\"picture\">\n            <img decoding=\"async\" width=\"200\" height=\"200\" src=\"https:\/\/www.ricany.cz\/wp-content\/smush-webp\/2025\/10\/Frank-Petr-200x200.jpg.webp\" class=\"thumbnail wp-post-image\" alt=\"Frank Petr, Ing. arch.\" title=\"Frank Petr, Ing. arch.\" srcset=\"https:\/\/www.ricany.cz\/wp-content\/smush-webp\/2025\/10\/Frank-Petr-200x200.jpg.webp 200w, https:\/\/www.ricany.cz\/wp-content\/smush-webp\/2025\/10\/Frank-Petr-400x400.jpg.webp 400w, https:\/\/www.ricany.cz\/wp-content\/smush-webp\/2025\/10\/Frank-Petr-150x150.jpg.webp 150w, https:\/\/www.ricany.cz\/wp-content\/smush-webp\/2025\/10\/Frank-Petr-800x800.jpg.webp 800w\" sizes=\"(max-width: 200px) 100vw, 200px\" \/>        <\/div>\n        <div class=\"content\">\n        <h4>                Frank Petr, Ing. arch.                <\/h4>                    <div class=\"description\">architekt m\u011bsta<\/div>\n                <div class=\"details\">\n                                                    <a class=\"icon mail\" href=\"mailto:petr.frank@ricany.cz\" title=\"Email\" aria-label=\"Email\">petr.frank@ricany.cz<\/a>\n                                        <p class=\"icon office\" title=\"Office number\" aria-label=\"Office number\">A-211<\/p>\n                                                    <p class=\"icon department\">\n                                                <a href=\"https:\/\/www.ricany.cz\/kontakty\/databaze-kontaktu\/?_kontakty_oddeleni=odbor-rozvoje-mesta\" title=\"Department\" aria-label=\"Department\">Odbor rozvoje m\u011bsta<\/a>\n                                    <\/p>\n                                            <\/div>\n    <\/div>\n<\/article>            <\/div>\n            <\/section>\n<\/div>\n\n\n\n<div class=\"wp-block-column person is-layout-flow wp-block-column-is-layout-flow\" style=\"flex-basis:33.33%\">\n<figure class=\"wp-block-image size-thumbnail-people rounded\"><img decoding=\"async\" width=\"400\" height=\"400\" src=\"https:\/\/www.ricany.cz\/wp-content\/smush-webp\/2023\/11\/1635259764484-400x400.jpeg.webp\" alt=\"\" class=\"wp-image-46442\" srcset=\"https:\/\/www.ricany.cz\/wp-content\/smush-webp\/2023\/11\/1635259764484-400x400.jpeg.webp 400w, https:\/\/www.ricany.cz\/wp-content\/smush-webp\/2023\/11\/1635259764484-600x600.jpeg.webp 600w, https:\/\/www.ricany.cz\/wp-content\/smush-webp\/2023\/11\/1635259764484-150x150.jpeg.webp 150w, https:\/\/www.ricany.cz\/wp-content\/smush-webp\/2023\/11\/1635259764484-200x200.jpeg.webp 200w, https:\/\/www.ricany.cz\/wp-content\/smush-webp\/2023\/11\/1635259764484-363x363.jpeg.webp 363w, https:\/\/www.ricany.cz\/wp-content\/smush-webp\/2023\/11\/1635259764484-726x726.jpeg.webp 726w, https:\/\/www.ricany.cz\/wp-content\/smush-webp\/2023\/11\/1635259764484-300x300.jpeg.webp 300w, https:\/\/www.ricany.cz\/wp-content\/smush-webp\/2023\/11\/1635259764484.jpeg.webp 800w\" sizes=\"(max-width: 400px) 100vw, 400px\" \/><\/figure>\n\n\n\n<p>Ing. arch. Petr Frank<\/p>\n\n\n\n<p class=\"uppercase has-small-font-size\"><\/p>\n\n\n\n<p class=\"has-small-font-size\">City Architect<\/p>\n<\/div>\n<\/div>\n","protected":false},"excerpt":{"rendered":"<p>Scope of activity: The town architect is responsible for the overall concept of the architectural development of the town, the&#8230;<\/p>\n","protected":false},"author":2,"featured_media":0,"parent":84890,"menu_order":308,"comment_status":"closed","ping_status":"closed","template":"","meta":{"_acf_changed":false,"_relevanssi_hide_post":"","_relevanssi_hide_content":"","_relevanssi_pin_for_all":"","_relevanssi_pin_keywords":"","_relevanssi_unpin_keywords":"","_relevanssi_related_keywords":"","_relevanssi_related_include_ids":"","_relevanssi_related_exclude_ids":"","_relevanssi_related_no_append":"","_relevanssi_related_not_related":"","_relevanssi_related_posts":"","_relevanssi_noindex_reason":"","inline_featured_image":false,"footnotes":""},"class_list":["post-84878","page","type-page","status-publish","hentry"],"acf":[],"_links":{"self":[{"href":"https:\/\/www.ricany.cz\/en\/wp-json\/wp\/v2\/pages\/84878","targetHints":{"allow":["GET"]}}],"collection":[{"href":"https:\/\/www.ricany.cz\/en\/wp-json\/wp\/v2\/pages"}],"about":[{"href":"https:\/\/www.ricany.cz\/en\/wp-json\/wp\/v2\/types\/page"}],"author":[{"embeddable":true,"href":"https:\/\/www.ricany.cz\/en\/wp-json\/wp\/v2\/users\/2"}],"replies":[{"embeddable":true,"href":"https:\/\/www.ricany.cz\/en\/wp-json\/wp\/v2\/comments?post=84878"}],"version-history":[{"count":1,"href":"https:\/\/www.ricany.cz\/en\/wp-json\/wp\/v2\/pages\/84878\/revisions"}],"predecessor-version":[{"id":84888,"href":"https:\/\/www.ricany.cz\/en\/wp-json\/wp\/v2\/pages\/84878\/revisions\/84888"}],"up":[{"embeddable":true,"href":"https:\/\/www.ricany.cz\/en\/wp-json\/wp\/v2\/pages\/84890"}],"wp:attachment":[{"href":"https:\/\/www.ricany.cz\/en\/wp-json\/wp\/v2\/media?parent=84878"}],"curies":[{"name":"wp","href":"https:\/\/api.w.org\/{rel}","templated":true}]}}