{"id":84840,"date":"2023-11-08T11:14:06","date_gmt":"2023-11-08T10:14:06","guid":{"rendered":"https:\/\/www.ricany.cz\/5th-year\/"},"modified":"2024-04-28T08:36:00","modified_gmt":"2024-04-28T06:36:00","slug":"5th-year","status":"publish","type":"page","link":"https:\/\/www.ricany.cz\/en\/city\/surprise-ricany\/5th-year\/","title":{"rendered":"5th year"},"content":{"rendered":"\n<div class=\"wp-block-buttons is-layout-flex wp-block-buttons-is-layout-flex\">\n<div class=\"wp-block-button\"><a class=\"wp-block-button__link wp-element-button\" href=\"http:\/\/www.prekvaptericany.cz\/\">Surprise \u0158\u00ed\u010dany<\/a><\/div>\n<\/div>\n\n<p>The 5th year of participatory budgeting SURPRISE \u0158\u00cd\u010cANY 2020\/2021<\/p>\n\n<figure class=\"wp-block-image size-full\"><img decoding=\"async\" width=\"891\" height=\"802\" src=\"https:\/\/www.ricany.cz\/wp-content\/smush-webp\/2023\/11\/ricany-prekvapte-ricany-5-rocnik.jpg.webp\" alt=\"\" class=\"wp-image-31377\" srcset=\"https:\/\/www.ricany.cz\/wp-content\/smush-webp\/2023\/11\/ricany-prekvapte-ricany-5-rocnik.jpg.webp 891w, https:\/\/www.ricany.cz\/wp-content\/smush-webp\/2023\/11\/ricany-prekvapte-ricany-5-rocnik-600x540.jpg.webp 600w, https:\/\/www.ricany.cz\/wp-content\/smush-webp\/2023\/11\/ricany-prekvapte-ricany-5-rocnik-403x363.jpg.webp 403w, https:\/\/www.ricany.cz\/wp-content\/smush-webp\/2023\/11\/ricany-prekvapte-ricany-5-rocnik-807x726.jpg.webp 807w, https:\/\/www.ricany.cz\/wp-content\/smush-webp\/2023\/11\/ricany-prekvapte-ricany-5-rocnik-300x270.jpg.webp 300w\" sizes=\"(max-width: 891px) 100vw, 891px\" \/><\/figure>\n<section class=\"block block-record-listing-dynamic\" >\n    <div class=\"filters\">\n        <div class=\"facetwp-facet facetwp-facet-zaznamy_hledat facetwp-type-search\" data-name=\"zaznamy_hledat\" data-type=\"search\"><\/div><div class=\"facetwp-facet facetwp-facet-zaznamy_pocet facetwp-type-pager\" data-name=\"zaznamy_pocet\" data-type=\"pager\"><\/div>    <\/div>\n    <div class=\"facetwp-template records\">\n        <article class=\"record\">\n    <div class=\"content\">\n        <h2>\n                            Nov\u00e9 h\u0159i\u0161t\u011b u Ml\u00fdnsk\u00e9ho rybn\u00edka                        <\/h2>\n                <div class=\"details\">\n            <div class=\"content-left\">\n                <p class=\"data icon calendar\" title=\"Publication date\" aria-label=\"Publication date\">\n                    <label>Publication date:<\/label> 13. 9. 2022                <\/p>\n                                    <div class=\"description\"><p>V ulici Podhr\u00e1zsk\u00e1 u cyklostezky vyrostlo vedle st\u00e1vaj\u00edc\u00edho hern\u00edho prvku lo\u010f nov\u00e9 velk\u00e9 h\u0159i\u0161t\u011b s v\u011b\u017eemi, klouza\u010dkami a lanov\u00fdmi mosty. H\u0159i\u0161t\u011b vzniklo v r\u00e1mci participativn\u00edho rozpo\u010dtu P\u0159ekvapte \u0158\u00ed\u010dany. D\u011bkujeme za n\u00e1pad.<\/p>\n<\/div>\n                                                                            <\/div>\n                                <\/div>\n            <\/div>\n<\/article><article class=\"record\">\n    <div class=\"content\">\n        <h2>\n            <a class=\"popup-open\" href=\"https:\/\/www.ricany.cz\/en\/record\/dramaticky-souboj-o-dva-miliony-v-prekvapte-ricany-svedly-namety-mostku-pres-potok-a-lanove-mosty-na-detske-hriste\/\">                Dramatick\u00fd souboj o dva miliony v P\u0159ekvapte \u0158\u00ed\u010dany svedly n\u00e1m\u011bty mostku p\u0159es potok a lanov\u00e9 mosty na d\u011btsk\u00e9 h\u0159i\u0161t\u011b                <\/a>        <\/h2>\n                <div class=\"details\">\n            <div class=\"content-left\">\n                <p class=\"data icon calendar\" title=\"Publication date\" aria-label=\"Publication date\">\n                    <label>Publication date:<\/label> 13. 7. 2021                <\/p>\n                                                                            <\/div>\n                                <\/div>\n                    <a class=\"button popup-open\" href=\"https:\/\/www.ricany.cz\/en\/record\/dramaticky-souboj-o-dva-miliony-v-prekvapte-ricany-svedly-namety-mostku-pres-potok-a-lanove-mosty-na-detske-hriste\/\">Show more<\/a>\n            <\/div>\n<\/article><article class=\"record\">\n    <div class=\"content\">\n        <h2>\n            <a class=\"popup-open\" href=\"https:\/\/www.ricany.cz\/en\/record\/letos-pilotne-zapojime-do-hlasovani-portal-obcana-mesta-ricany\/\">                Letos pilotn\u011b zapoj\u00edme do hlasov\u00e1n\u00ed Port\u00e1l ob\u010dana m\u011bsta \u0158\u00ed\u010dany                <\/a>        <\/h2>\n                <div class=\"details\">\n            <div class=\"content-left\">\n                <p class=\"data icon calendar\" title=\"Publication date\" aria-label=\"Publication date\">\n                    <label>Publication date:<\/label> 31. 5. 2021                <\/p>\n                                                                            <\/div>\n                                <\/div>\n                    <a class=\"button popup-open\" href=\"https:\/\/www.ricany.cz\/en\/record\/letos-pilotne-zapojime-do-hlasovani-portal-obcana-mesta-ricany\/\">Show more<\/a>\n            <\/div>\n<\/article>    <\/div>\n    <div class=\"facetwp-facet facetwp-facet-obecne_nacist_dalsi facetwp-type-pager\" data-name=\"obecne_nacist_dalsi\" data-type=\"pager\"><\/div><\/section>","protected":false},"excerpt":{"rendered":"<p>The 5th year of participatory budgeting SURPRISE \u0158\u00cd\u010cANY 2020\/2021<\/p>\n","protected":false},"author":1,"featured_media":0,"parent":84747,"menu_order":885,"comment_status":"closed","ping_status":"closed","template":"","meta":{"_acf_changed":false,"_relevanssi_hide_post":"","_relevanssi_hide_content":"","_relevanssi_pin_for_all":"","_relevanssi_pin_keywords":"","_relevanssi_unpin_keywords":"","_relevanssi_related_keywords":"","_relevanssi_related_include_ids":"","_relevanssi_related_exclude_ids":"","_relevanssi_related_no_append":"","_relevanssi_related_not_related":"","_relevanssi_related_posts":"","_relevanssi_noindex_reason":"","inline_featured_image":false,"footnotes":""},"class_list":["post-84840","page","type-page","status-publish","hentry"],"acf":[],"_links":{"self":[{"href":"https:\/\/www.ricany.cz\/en\/wp-json\/wp\/v2\/pages\/84840","targetHints":{"allow":["GET"]}}],"collection":[{"href":"https:\/\/www.ricany.cz\/en\/wp-json\/wp\/v2\/pages"}],"about":[{"href":"https:\/\/www.ricany.cz\/en\/wp-json\/wp\/v2\/types\/page"}],"author":[{"embeddable":true,"href":"https:\/\/www.ricany.cz\/en\/wp-json\/wp\/v2\/users\/1"}],"replies":[{"embeddable":true,"href":"https:\/\/www.ricany.cz\/en\/wp-json\/wp\/v2\/comments?post=84840"}],"version-history":[{"count":5,"href":"https:\/\/www.ricany.cz\/en\/wp-json\/wp\/v2\/pages\/84840\/revisions"}],"predecessor-version":[{"id":84894,"href":"https:\/\/www.ricany.cz\/en\/wp-json\/wp\/v2\/pages\/84840\/revisions\/84894"}],"up":[{"embeddable":true,"href":"https:\/\/www.ricany.cz\/en\/wp-json\/wp\/v2\/pages\/84747"}],"wp:attachment":[{"href":"https:\/\/www.ricany.cz\/en\/wp-json\/wp\/v2\/media?parent=84840"}],"curies":[{"name":"wp","href":"https:\/\/api.w.org\/{rel}","templated":true}]}}