{"id":84835,"date":"2023-11-08T11:40:52","date_gmt":"2023-11-08T10:40:52","guid":{"rendered":"https:\/\/www.ricany.cz\/3rd-year\/"},"modified":"2024-04-28T08:35:55","modified_gmt":"2024-04-28T06:35:55","slug":"3rd-year","status":"publish","type":"page","link":"https:\/\/www.ricany.cz\/en\/city\/surprise-ricany\/3rd-year\/","title":{"rendered":"3rd year"},"content":{"rendered":"<section class=\"block block-record-listing-dynamic\" >\n    <div class=\"filters\">\n        <div class=\"facetwp-facet facetwp-facet-zaznamy_hledat facetwp-type-search\" data-name=\"zaznamy_hledat\" data-type=\"search\"><\/div><div class=\"facetwp-facet facetwp-facet-zaznamy_pocet facetwp-type-pager\" data-name=\"zaznamy_pocet\" data-type=\"pager\"><\/div>    <\/div>\n    <div class=\"facetwp-template records\">\n        <article class=\"record\">\n    <div class=\"content\">\n        <h2>\n            <a class=\"popup-open\" href=\"https:\/\/www.ricany.cz\/en\/record\/ricanaci-rozhodli-radnice-ma-investovat-do-modernizace-dopravniho-hriste-a-kultivace-stanovist-pro-trideny-odpad\/\">                \u0158\u00ed\u010da\u0148\u00e1ci rozhodli: Radnice m\u00e1 investovat do modernizace dopravn\u00edho h\u0159i\u0161t\u011b a kultivace stanovi\u0161\u0165 pro t\u0159\u00edd\u011bn\u00fd odpad                <\/a>        <\/h2>\n                <div class=\"details\">\n            <div class=\"content-left\">\n                <p class=\"data icon calendar\" title=\"Publication date\" aria-label=\"Publication date\">\n                    <label>Publication date:<\/label> 27. 6. 2019                <\/p>\n                                                                            <\/div>\n                                <\/div>\n                    <a class=\"button popup-open\" href=\"https:\/\/www.ricany.cz\/en\/record\/ricanaci-rozhodli-radnice-ma-investovat-do-modernizace-dopravniho-hriste-a-kultivace-stanovist-pro-trideny-odpad\/\">Show more<\/a>\n            <\/div>\n<\/article><article class=\"record\">\n    <div class=\"content\">\n        <h2>\n            <a class=\"popup-open\" href=\"https:\/\/www.ricany.cz\/en\/record\/zname-viteze-tretiho-rocniku-prekvapte-ricany\/\">                Zn\u00e1me v\u00edt\u011bze t\u0159et\u00edho ro\u010dn\u00edku P\u0159ekvapte \u0158\u00ed\u010dany                <\/a>        <\/h2>\n                <div class=\"details\">\n            <div class=\"content-left\">\n                <p class=\"data icon calendar\" title=\"Publication date\" aria-label=\"Publication date\">\n                    <label>Publication date:<\/label> 20. 6. 2019                <\/p>\n                                                                            <\/div>\n                                <\/div>\n                    <a class=\"button popup-open\" href=\"https:\/\/www.ricany.cz\/en\/record\/zname-viteze-tretiho-rocniku-prekvapte-ricany\/\">Show more<\/a>\n            <\/div>\n<\/article><article class=\"record\">\n    <div class=\"content\">\n        <h2>\n            <a class=\"popup-open\" href=\"https:\/\/www.ricany.cz\/en\/record\/projekty-prekvapte-ricany-iii-postupujici-do-cervnoveho-hlasovani\/\">                Projekty P\u0159ekvapte \u0158\u00ed\u010dany III. postupuj\u00edc\u00ed do \u010dervnov\u00e9ho hlasov\u00e1n\u00ed                <\/a>        <\/h2>\n                <div class=\"details\">\n            <div class=\"content-left\">\n                <p class=\"data icon calendar\" title=\"Publication date\" aria-label=\"Publication date\">\n                    <label>Publication date:<\/label> 14. 5. 2019                <\/p>\n                                                                            <\/div>\n                                <\/div>\n                    <a class=\"button popup-open\" href=\"https:\/\/www.ricany.cz\/en\/record\/projekty-prekvapte-ricany-iii-postupujici-do-cervnoveho-hlasovani\/\">Show more<\/a>\n            <\/div>\n<\/article><article class=\"record\">\n    <div class=\"content\">\n        <h2>\n            <a class=\"popup-open\" href=\"https:\/\/www.ricany.cz\/en\/record\/ricanaci-do-tretiho-rocniku-pebecka-prihlasili-tricet-tri-nametu\/\">                \u0158\u00ed\u010da\u0148\u00e1ci do t\u0159et\u00edho ro\u010dn\u00edku p\u00e9b\u00e9\u010dka p\u0159ihl\u00e1sili t\u0159icet t\u0159i n\u00e1m\u011bt\u016f                <\/a>        <\/h2>\n                <div class=\"details\">\n            <div class=\"content-left\">\n                <p class=\"data icon calendar\" title=\"Publication date\" aria-label=\"Publication date\">\n                    <label>Publication date:<\/label> 1. 3. 2019                <\/p>\n                                                                            <\/div>\n                                <\/div>\n                    <a class=\"button popup-open\" href=\"https:\/\/www.ricany.cz\/en\/record\/ricanaci-do-tretiho-rocniku-pebecka-prihlasili-tricet-tri-nametu\/\">Show more<\/a>\n            <\/div>\n<\/article><article class=\"record\">\n    <div class=\"content\">\n        <h2>\n            <a class=\"popup-open\" href=\"https:\/\/www.ricany.cz\/en\/record\/prezentace-projektu-prekvapte-ricany\/\">                Prezentace projekt\u016f P\u0159ekvapte \u0158\u00ed\u010dany                <\/a>        <\/h2>\n                <div class=\"details\">\n            <div class=\"content-left\">\n                <p class=\"data icon calendar\" title=\"Publication date\" aria-label=\"Publication date\">\n                    <label>Publication date:<\/label> 6. 2. 2019                <\/p>\n                                                                            <\/div>\n                                <\/div>\n                    <a class=\"button popup-open\" href=\"https:\/\/www.ricany.cz\/en\/record\/prezentace-projektu-prekvapte-ricany\/\">Show more<\/a>\n            <\/div>\n<\/article><article class=\"record\">\n    <div class=\"content\">\n        <h2>\n            <a class=\"popup-open\" href=\"https:\/\/www.ricany.cz\/en\/record\/prekvapte-ricany-potreti\/\">                P\u0159ekvapte \u0158\u00ed\u010dany pot\u0159et\u00ed                <\/a>        <\/h2>\n                <div class=\"details\">\n            <div class=\"content-left\">\n                <p class=\"data icon calendar\" title=\"Publication date\" aria-label=\"Publication date\">\n                    <label>Publication date:<\/label> 1. 12. 2018                <\/p>\n                                                                            <\/div>\n                                <\/div>\n                    <a class=\"button popup-open\" href=\"https:\/\/www.ricany.cz\/en\/record\/prekvapte-ricany-potreti\/\">Show more<\/a>\n            <\/div>\n<\/article><article class=\"record\">\n    <div class=\"content\">\n        <h2>\n            <a class=\"popup-open\" href=\"https:\/\/www.ricany.cz\/en\/record\/treti-rocnik-prekvapte-ricany-odstartuje-v-prosinci\/\">                T\u0159et\u00ed ro\u010dn\u00edk P\u0159ekvapte \u0158\u00ed\u010dany odstartuje v prosinci                <\/a>        <\/h2>\n                <div class=\"details\">\n            <div class=\"content-left\">\n                <p class=\"data icon calendar\" title=\"Publication date\" aria-label=\"Publication date\">\n                    <label>Publication date:<\/label> 29. 11. 2018                <\/p>\n                                                                            <\/div>\n                                <\/div>\n                    <a class=\"button popup-open\" href=\"https:\/\/www.ricany.cz\/en\/record\/treti-rocnik-prekvapte-ricany-odstartuje-v-prosinci\/\">Show more<\/a>\n            <\/div>\n<\/article>    <\/div>\n    <div class=\"facetwp-facet facetwp-facet-obecne_nacist_dalsi facetwp-type-pager\" data-name=\"obecne_nacist_dalsi\" data-type=\"pager\"><\/div><\/section>","protected":false},"excerpt":{"rendered":"","protected":false},"author":1,"featured_media":0,"parent":84747,"menu_order":926,"comment_status":"closed","ping_status":"closed","template":"","meta":{"_acf_changed":false,"_relevanssi_hide_post":"","_relevanssi_hide_content":"","_relevanssi_pin_for_all":"","_relevanssi_pin_keywords":"","_relevanssi_unpin_keywords":"","_relevanssi_related_keywords":"","_relevanssi_related_include_ids":"","_relevanssi_related_exclude_ids":"","_relevanssi_related_no_append":"","_relevanssi_related_not_related":"","_relevanssi_related_posts":"","_relevanssi_noindex_reason":"","inline_featured_image":false,"footnotes":""},"class_list":["post-84835","page","type-page","status-publish","hentry"],"acf":[],"_links":{"self":[{"href":"https:\/\/www.ricany.cz\/en\/wp-json\/wp\/v2\/pages\/84835","targetHints":{"allow":["GET"]}}],"collection":[{"href":"https:\/\/www.ricany.cz\/en\/wp-json\/wp\/v2\/pages"}],"about":[{"href":"https:\/\/www.ricany.cz\/en\/wp-json\/wp\/v2\/types\/page"}],"author":[{"embeddable":true,"href":"https:\/\/www.ricany.cz\/en\/wp-json\/wp\/v2\/users\/1"}],"replies":[{"embeddable":true,"href":"https:\/\/www.ricany.cz\/en\/wp-json\/wp\/v2\/comments?post=84835"}],"version-history":[{"count":5,"href":"https:\/\/www.ricany.cz\/en\/wp-json\/wp\/v2\/pages\/84835\/revisions"}],"predecessor-version":[{"id":84875,"href":"https:\/\/www.ricany.cz\/en\/wp-json\/wp\/v2\/pages\/84835\/revisions\/84875"}],"up":[{"embeddable":true,"href":"https:\/\/www.ricany.cz\/en\/wp-json\/wp\/v2\/pages\/84747"}],"wp:attachment":[{"href":"https:\/\/www.ricany.cz\/en\/wp-json\/wp\/v2\/media?parent=84835"}],"curies":[{"name":"wp","href":"https:\/\/api.w.org\/{rel}","templated":true}]}}