{"id":84834,"date":"2023-11-08T12:17:27","date_gmt":"2023-11-08T11:17:27","guid":{"rendered":"https:\/\/www.ricany.cz\/1st-year\/"},"modified":"2024-04-28T08:36:08","modified_gmt":"2024-04-28T06:36:08","slug":"1st-year","status":"publish","type":"page","link":"https:\/\/www.ricany.cz\/en\/city\/surprise-ricany\/1st-year\/","title":{"rendered":"1st year"},"content":{"rendered":"<section class=\"block block-record-listing-dynamic\" >\n    <div class=\"filters\">\n        <div class=\"facetwp-facet facetwp-facet-zaznamy_hledat facetwp-type-search\" data-name=\"zaznamy_hledat\" data-type=\"search\"><\/div><div class=\"facetwp-facet facetwp-facet-zaznamy_pocet facetwp-type-pager\" data-name=\"zaznamy_pocet\" data-type=\"pager\"><\/div>    <\/div>\n    <div class=\"facetwp-template records\">\n        <article class=\"record\">\n    <div class=\"content\">\n        <h2>\n            <a class=\"popup-open\" href=\"https:\/\/www.ricany.cz\/en\/record\/v-historicky-prvnim-pebecku-si-ricansti-vybrali-investice-do-parkoviste-pro-kola-volnocasoveho-parku-pro-nactilete-a-do-chodniku-hlasovani-se-zucastnilo-rekordnich-1022-obcanu\/\">                V historicky prvn\u00edm \u201ep\u00e9b\u00e9\u010dku\u201c si \u0158\u00ed\u010dan\u0161t\u00ed vybrali investice do parkovi\u0161t\u011b pro kola, volno\u010dasov\u00e9ho parku pro n\u00e1ctilet\u00e9 a do chodn\u00edk\u016f. Hlasov\u00e1n\u00ed se z\u00fa\u010dastnilo rekordn\u00edch 1022 ob\u010dan\u016f.                <\/a>        <\/h2>\n                <div class=\"details\">\n            <div class=\"content-left\">\n                <p class=\"data icon calendar\" title=\"Publication date\" aria-label=\"Publication date\">\n                    <label>Publication date:<\/label> 1. 6. 2017                <\/p>\n                                                                            <\/div>\n                                <\/div>\n                    <a class=\"button popup-open\" href=\"https:\/\/www.ricany.cz\/en\/record\/v-historicky-prvnim-pebecku-si-ricansti-vybrali-investice-do-parkoviste-pro-kola-volnocasoveho-parku-pro-nactilete-a-do-chodniku-hlasovani-se-zucastnilo-rekordnich-1022-obcanu\/\">Show more<\/a>\n            <\/div>\n<\/article><article class=\"record\">\n    <div class=\"content\">\n        <h2>\n            <a class=\"popup-open\" href=\"https:\/\/www.ricany.cz\/en\/record\/hlasujte-az-do-nedele-28-kvetna\/\">                HLASUJTE A\u017d DO NED\u011aLE 28. kv\u011btna!                <\/a>        <\/h2>\n                <div class=\"details\">\n            <div class=\"content-left\">\n                <p class=\"data icon calendar\" title=\"Publication date\" aria-label=\"Publication date\">\n                    <label>Publication date:<\/label> 25. 5. 2017                <\/p>\n                                                                            <\/div>\n                                <\/div>\n                    <a class=\"button popup-open\" href=\"https:\/\/www.ricany.cz\/en\/record\/hlasujte-az-do-nedele-28-kvetna\/\">Show more<\/a>\n            <\/div>\n<\/article><article class=\"record\">\n    <div class=\"content\">\n        <h2>\n            <a class=\"popup-open\" href=\"https:\/\/www.ricany.cz\/en\/record\/hlasovani-prekvapte-ricany-v-plnem-proudu\/\">                Hlasov\u00e1n\u00ed P\u0159ekvapte \u0158\u00ed\u010dany v pln\u00e9m proudu                <\/a>        <\/h2>\n                <div class=\"details\">\n            <div class=\"content-left\">\n                <p class=\"data icon calendar\" title=\"Publication date\" aria-label=\"Publication date\">\n                    <label>Publication date:<\/label> 16. 5. 2017                <\/p>\n                                                                            <\/div>\n                                <\/div>\n                    <a class=\"button popup-open\" href=\"https:\/\/www.ricany.cz\/en\/record\/hlasovani-prekvapte-ricany-v-plnem-proudu\/\">Show more<\/a>\n            <\/div>\n<\/article><article class=\"record\">\n    <div class=\"content\">\n        <h2>\n            <a class=\"popup-open\" href=\"https:\/\/www.ricany.cz\/en\/record\/ricansti-rozhodnou-o-peti-milionech\/\">                \u0158\u00ed\u010dan\u0161t\u00ed rozhodnou o p\u011bti milionech!                <\/a>        <\/h2>\n                <div class=\"details\">\n            <div class=\"content-left\">\n                <p class=\"data icon calendar\" title=\"Publication date\" aria-label=\"Publication date\">\n                    <label>Publication date:<\/label> 3. 1. 2017                <\/p>\n                                                                            <\/div>\n                                <\/div>\n                    <a class=\"button popup-open\" href=\"https:\/\/www.ricany.cz\/en\/record\/ricansti-rozhodnou-o-peti-milionech\/\">Show more<\/a>\n            <\/div>\n<\/article><article class=\"record\">\n    <div class=\"content\">\n        <h2>\n            <a class=\"popup-open\" href=\"https:\/\/www.ricany.cz\/en\/record\/vase-napady-do-prvniho-ricanskeho-pebecka-uz-pro-tento-rok-neprijimame\/\">                Va\u0161e n\u00e1pady do prvn\u00edho \u0159\u00ed\u010dansk\u00e9ho p\u00e9b\u00e9\u010dka u\u017e pro tento rok nep\u0159ij\u00edm\u00e1me                <\/a>        <\/h2>\n                <div class=\"details\">\n            <div class=\"content-left\">\n                <p class=\"data icon calendar\" title=\"Publication date\" aria-label=\"Publication date\">\n                    <label>Publication date:<\/label> 5. 12. 2016                <\/p>\n                                                                            <\/div>\n                                <\/div>\n                    <a class=\"button popup-open\" href=\"https:\/\/www.ricany.cz\/en\/record\/vase-napady-do-prvniho-ricanskeho-pebecka-uz-pro-tento-rok-neprijimame\/\">Show more<\/a>\n            <\/div>\n<\/article><article class=\"record\">\n    <div class=\"content\">\n        <h2>\n            <a class=\"popup-open\" href=\"https:\/\/www.ricany.cz\/en\/record\/prekvapte-ricany\/\">                P\u0158EKVAPTE \u0158\u00cd\u010cANY!                <\/a>        <\/h2>\n                <div class=\"details\">\n            <div class=\"content-left\">\n                <p class=\"data icon calendar\" title=\"Publication date\" aria-label=\"Publication date\">\n                    <label>Publication date:<\/label> 31. 10. 2016                <\/p>\n                                                                            <\/div>\n                                <\/div>\n                    <a class=\"button popup-open\" href=\"https:\/\/www.ricany.cz\/en\/record\/prekvapte-ricany\/\">Show more<\/a>\n            <\/div>\n<\/article>    <\/div>\n    <div class=\"facetwp-facet facetwp-facet-obecne_nacist_dalsi facetwp-type-pager\" data-name=\"obecne_nacist_dalsi\" data-type=\"pager\"><\/div><\/section>","protected":false},"excerpt":{"rendered":"","protected":false},"author":1,"featured_media":0,"parent":84747,"menu_order":932,"comment_status":"closed","ping_status":"closed","template":"","meta":{"_acf_changed":false,"_relevanssi_hide_post":"","_relevanssi_hide_content":"","_relevanssi_pin_for_all":"","_relevanssi_pin_keywords":"","_relevanssi_unpin_keywords":"","_relevanssi_related_keywords":"","_relevanssi_related_include_ids":"","_relevanssi_related_exclude_ids":"","_relevanssi_related_no_append":"","_relevanssi_related_not_related":"","_relevanssi_related_posts":"","_relevanssi_noindex_reason":"","inline_featured_image":false,"footnotes":""},"class_list":["post-84834","page","type-page","status-publish","hentry"],"acf":[],"_links":{"self":[{"href":"https:\/\/www.ricany.cz\/en\/wp-json\/wp\/v2\/pages\/84834","targetHints":{"allow":["GET"]}}],"collection":[{"href":"https:\/\/www.ricany.cz\/en\/wp-json\/wp\/v2\/pages"}],"about":[{"href":"https:\/\/www.ricany.cz\/en\/wp-json\/wp\/v2\/types\/page"}],"author":[{"embeddable":true,"href":"https:\/\/www.ricany.cz\/en\/wp-json\/wp\/v2\/users\/1"}],"replies":[{"embeddable":true,"href":"https:\/\/www.ricany.cz\/en\/wp-json\/wp\/v2\/comments?post=84834"}],"version-history":[{"count":5,"href":"https:\/\/www.ricany.cz\/en\/wp-json\/wp\/v2\/pages\/84834\/revisions"}],"predecessor-version":[{"id":84911,"href":"https:\/\/www.ricany.cz\/en\/wp-json\/wp\/v2\/pages\/84834\/revisions\/84911"}],"up":[{"embeddable":true,"href":"https:\/\/www.ricany.cz\/en\/wp-json\/wp\/v2\/pages\/84747"}],"wp:attachment":[{"href":"https:\/\/www.ricany.cz\/en\/wp-json\/wp\/v2\/media?parent=84834"}],"curies":[{"name":"wp","href":"https:\/\/api.w.org\/{rel}","templated":true}]}}