{"id":84796,"date":"2023-11-08T12:18:37","date_gmt":"2023-11-08T11:18:37","guid":{"rendered":"https:\/\/www.ricany.cz\/rules-1-rocniku-prekvapte-ricany\/"},"modified":"2024-04-28T08:34:24","modified_gmt":"2024-04-28T06:34:24","slug":"rules-1-rocniku-prekvapte-ricany","status":"publish","type":"page","link":"https:\/\/www.ricany.cz\/en\/city\/surprise-ricany\/1st-year\/rules-1-rocniku-prekvapte-ricany\/","title":{"rendered":"Rules 1. ro\u010dn\u00edku P\u0159ekvapte \u0158\u00ed\u010dany"},"content":{"rendered":"    <section class=\"block block-files\" >\n                    <div class=\"files\">\n                                    <a class=\"file pdf\" href=\"https:\/\/www.ricany.cz\/wp-content\/uploads\/2023\/11\/Pravidla-PB.pdf\" download>\n                        <span class=\"title\">Pravidla PB<\/span>\n                        <span class=\"right\">\n                            <span class=\"size\">369.72 kB,<\/span>\n                            <span class=\"extension\">pdf<\/span>                        <\/span>\n                    <\/a>\n                            <\/div>\n            <\/section>\n","protected":false},"excerpt":{"rendered":"","protected":false},"author":1,"featured_media":0,"parent":84834,"menu_order":171,"comment_status":"closed","ping_status":"closed","template":"","meta":{"_acf_changed":false,"_relevanssi_hide_post":"","_relevanssi_hide_content":"","_relevanssi_pin_for_all":"","_relevanssi_pin_keywords":"","_relevanssi_unpin_keywords":"","_relevanssi_related_keywords":"","_relevanssi_related_include_ids":"","_relevanssi_related_exclude_ids":"","_relevanssi_related_no_append":"","_relevanssi_related_not_related":"","_relevanssi_related_posts":"","_relevanssi_noindex_reason":"","inline_featured_image":false,"footnotes":""},"class_list":["post-84796","page","type-page","status-publish","hentry"],"acf":[],"_links":{"self":[{"href":"https:\/\/www.ricany.cz\/en\/wp-json\/wp\/v2\/pages\/84796","targetHints":{"allow":["GET"]}}],"collection":[{"href":"https:\/\/www.ricany.cz\/en\/wp-json\/wp\/v2\/pages"}],"about":[{"href":"https:\/\/www.ricany.cz\/en\/wp-json\/wp\/v2\/types\/page"}],"author":[{"embeddable":true,"href":"https:\/\/www.ricany.cz\/en\/wp-json\/wp\/v2\/users\/1"}],"replies":[{"embeddable":true,"href":"https:\/\/www.ricany.cz\/en\/wp-json\/wp\/v2\/comments?post=84796"}],"version-history":[{"count":1,"href":"https:\/\/www.ricany.cz\/en\/wp-json\/wp\/v2\/pages\/84796\/revisions"}],"predecessor-version":[{"id":84797,"href":"https:\/\/www.ricany.cz\/en\/wp-json\/wp\/v2\/pages\/84796\/revisions\/84797"}],"up":[{"embeddable":true,"href":"https:\/\/www.ricany.cz\/en\/wp-json\/wp\/v2\/pages\/84834"}],"wp:attachment":[{"href":"https:\/\/www.ricany.cz\/en\/wp-json\/wp\/v2\/media?parent=84796"}],"curies":[{"name":"wp","href":"https:\/\/api.w.org\/{rel}","templated":true}]}}