{"id":84728,"date":"2023-10-23T11:53:10","date_gmt":"2023-10-23T09:53:10","guid":{"rendered":"https:\/\/www.ricany.cz\/departments-and-divisions\/department-of-spatial-planning-and-regional-development\/spatial-planning-municipalities-in-the-administrative-district-of-the-orp-ricany\/"},"modified":"2025-02-11T08:46:23","modified_gmt":"2025-02-11T07:46:23","slug":"spatial-planning-municipalities-in-the-administrative-district-of-the-orp-ricany","status":"publish","type":"page","link":"https:\/\/www.ricany.cz\/en\/town-hall\/city-office\/departments-and-divisions\/department-of-spatial-planning-and-regional-development\/spatial-planning-municipalities-in-the-administrative-district-of-the-orp-ricany\/","title":{"rendered":"Spatial planning &#8211; municipalities in the administrative district of the ORP \u0158\u00ed\u010dany"},"content":{"rendered":"\n<p><a href=\"https:\/\/www.ricany.cz\/potrebuji-vyridit\/formulare\/formulare-odboru-uzemniho-planovani-a-regionalniho-rozvoje\/?highlight=formul%C3%A1%C5%99e\">Forms for submitting objections and comments<\/a><\/p>\n\n<p>The national instrument of spatial planning is the strategic document <a href=\"https:\/\/www.mmr.cz\/cs\/Uzemni-a-bytova-politika\/Uzemni-planovani-a-stavebni-rad\/Koncepce-Strategie\/Politika-uzemniho-rozvoje-Ceske-republiky\" target=\"_blank\" rel=\"noreferrer noopener\">Spatial Development Policy of the Czech Republic<\/a> (P\u00daR \u010cR). The P\u00daR is prepared by the Ministry of Regional Development and approved by the Government of the Czech Republic.<\/p>\n\n<p>The <a href=\"https:\/\/www.kr-stredocesky.cz\/web\/uzemni-planovani\/1.-aktualizace-zasad-uzemniho-rozvoje-stredoceskeho-kraje\" target=\"_blank\" rel=\"noreferrer noopener\">Principles of Spatial Development of the Central Bohemian Region<\/a> are valid for the administrative territory of ORP \u0158\u00ed\u010dany, and the <a href=\"https:\/\/www.kr-stredocesky.cz\/web\/uzemni-planovani\/uzemne-analyticke-poklady-stredoceskeho-kraje\" target=\"_blank\" rel=\"noreferrer noopener\">Spatial Analytical Documentation of the Central Bohemian Region<\/a> was prepared as a spatial planning basis.<\/p>\n\n<p><a href=\"https:\/\/www.ricany.cz\/radnice\/strategicke-dokumenty\/uzemni-planovani-ve-meste-ricany\/uzemne-analyticke-podklady\/\" target=\"_blank\" rel=\"noreferrer noopener\">Spatial analytical documents<\/a> were prepared for the administrative territory of the ORP \u0158\u00ed\u010dany<\/p>\n\n<p>Below is a link to electronically available information on the acquired or being acquired UDP and UDP of individual municipalities. Due to the extent of the administrative area and the development of the urban development plan, it is not possible to guarantee that the information provided here is completely up-to-date. An overview of the acquired or being acquired UDP and UDP can be found in the records of spatial planning activities kept by the Institute of Spatial Development of the Ministry for Regional Development of the Czech Republic.<\/p>\n\n<p>Spatial plans and regulatory plans are always deposited in the municipality for which they were made, at the relevant building authority and at the planning office (Municipality of \u0158\u00ed\u010dany, Department of Spatial Planning and Regional Development, Komensk\u00e9ho n\u00e1m. 1619\/2, 251 01 \u0158\u00ed\u010dany).<\/p>\n\n<p>The activities of the Office of Spatial Planning are regulated by the valid <a href=\"https:\/\/www.ricany.cz\/radnice\/strategicke-dokumenty\/uzemni-planovani-ve-meste-ricany\/legislativa-cr-v-oblasti-uzemniho-planovani\/\" target=\"_blank\" rel=\"noreferrer noopener\">legislation of the Czech Republic<\/a><\/p>\n\n<p><strong><a href=\"https:\/\/1drv.ms\/u\/s!Ali-MQPwhzYCgu4jd3u8v6HKgsOHXw?e=X2wxao\" target=\"_blank\" rel=\"noreferrer noopener\">Spatial plans of individual municipalities<\/a><\/strong><\/p>\n","protected":false},"excerpt":{"rendered":"<p>Forms for submitting objections and comments The national instrument of spatial planning is the strategic document Spatial Development Policy of&#8230;<\/p>\n","protected":false},"author":1,"featured_media":0,"parent":84631,"menu_order":644,"comment_status":"closed","ping_status":"closed","template":"","meta":{"_acf_changed":false,"_relevanssi_hide_post":"","_relevanssi_hide_content":"","_relevanssi_pin_for_all":"","_relevanssi_pin_keywords":"","_relevanssi_unpin_keywords":"","_relevanssi_related_keywords":"","_relevanssi_related_include_ids":"","_relevanssi_related_exclude_ids":"","_relevanssi_related_no_append":"","_relevanssi_related_not_related":"","_relevanssi_related_posts":"","_relevanssi_noindex_reason":"","inline_featured_image":false,"footnotes":""},"class_list":["post-84728","page","type-page","status-publish","hentry"],"acf":[],"_links":{"self":[{"href":"https:\/\/www.ricany.cz\/en\/wp-json\/wp\/v2\/pages\/84728","targetHints":{"allow":["GET"]}}],"collection":[{"href":"https:\/\/www.ricany.cz\/en\/wp-json\/wp\/v2\/pages"}],"about":[{"href":"https:\/\/www.ricany.cz\/en\/wp-json\/wp\/v2\/types\/page"}],"author":[{"embeddable":true,"href":"https:\/\/www.ricany.cz\/en\/wp-json\/wp\/v2\/users\/1"}],"replies":[{"embeddable":true,"href":"https:\/\/www.ricany.cz\/en\/wp-json\/wp\/v2\/comments?post=84728"}],"version-history":[{"count":1,"href":"https:\/\/www.ricany.cz\/en\/wp-json\/wp\/v2\/pages\/84728\/revisions"}],"predecessor-version":[{"id":84729,"href":"https:\/\/www.ricany.cz\/en\/wp-json\/wp\/v2\/pages\/84728\/revisions\/84729"}],"up":[{"embeddable":true,"href":"https:\/\/www.ricany.cz\/en\/wp-json\/wp\/v2\/pages\/84631"}],"wp:attachment":[{"href":"https:\/\/www.ricany.cz\/en\/wp-json\/wp\/v2\/media?parent=84728"}],"curies":[{"name":"wp","href":"https:\/\/api.w.org\/{rel}","templated":true}]}}