{"id":84724,"date":"2023-10-13T10:31:42","date_gmt":"2023-10-13T08:31:42","guid":{"rendered":"https:\/\/www.ricany.cz\/departments-and-divisions\/department-building-authority\/department-of-planning-and-building-management\/"},"modified":"2024-04-26T14:20:35","modified_gmt":"2024-04-26T12:20:35","slug":"department-of-planning-and-building-management","status":"publish","type":"page","link":"https:\/\/www.ricany.cz\/en\/town-hall\/city-office\/departments-and-divisions\/department-building-authority\/department-of-planning-and-building-management\/","title":{"rendered":"Department of Planning and Building Management"},"content":{"rendered":"\n<h3 class=\"wp-block-heading\">Head of the Department of Planning and Building Management:<\/h3>\n    <section class=\"block block-contacts\" >\n                    <div class=\"contacts\">\n                <article class=\"contact mestsky-urad-ricany\">\n            <div class=\"picture\">\n            <img decoding=\"async\" width=\"200\" height=\"200\" src=\"https:\/\/www.ricany.cz\/wp-content\/smush-webp\/2025\/10\/Hofmanova-Ilona-1-200x200.jpg.webp\" class=\"thumbnail wp-post-image\" alt=\"Hofmanov\u00e1 Ilona Bc.\" title=\"Hofmanov\u00e1 Ilona Bc.\" srcset=\"https:\/\/www.ricany.cz\/wp-content\/smush-webp\/2025\/10\/Hofmanova-Ilona-1-200x200.jpg.webp 200w, https:\/\/www.ricany.cz\/wp-content\/smush-webp\/2025\/10\/Hofmanova-Ilona-1-600x600.jpg.webp 600w, https:\/\/www.ricany.cz\/wp-content\/smush-webp\/2025\/10\/Hofmanova-Ilona-1-400x400.jpg.webp 400w, https:\/\/www.ricany.cz\/wp-content\/smush-webp\/2025\/10\/Hofmanova-Ilona-1-150x150.jpg.webp 150w, https:\/\/www.ricany.cz\/wp-content\/smush-webp\/2025\/10\/Hofmanova-Ilona-1-800x800.jpg.webp 800w, https:\/\/www.ricany.cz\/wp-content\/smush-webp\/2025\/10\/Hofmanova-Ilona-1-363x363.jpg.webp 363w, https:\/\/www.ricany.cz\/wp-content\/smush-webp\/2025\/10\/Hofmanova-Ilona-1-726x726.jpg.webp 726w, https:\/\/www.ricany.cz\/wp-content\/smush-webp\/2025\/10\/Hofmanova-Ilona-1-300x300.jpg.webp 300w, https:\/\/www.ricany.cz\/wp-content\/smush-webp\/2025\/10\/Hofmanova-Ilona-1.jpg.webp 1000w\" sizes=\"(max-width: 200px) 100vw, 200px\" \/>        <\/div>\n        <div class=\"content\">\n        <h4>                Hofmanov\u00e1 Ilona Bc.                <\/h4>                    <div class=\"description\">vedouc\u00ed odd\u011blen\u00ed pozemn\u00edch staveb- Babice, Muka\u0159ov, Srb\u00edn, \u017dernovka<\/div>\n                <div class=\"details\">\n                            <a class=\"icon phone\" href=\"tel:+420323618139\" title=\"Phone\" aria-label=\"Phone\">+420&nbsp;323&nbsp;618&nbsp;139<\/a>\n                                                    <a class=\"icon mail\" href=\"mailto:ilona.hofmanova@ricany.cz\" title=\"Email\" aria-label=\"Email\">ilona.hofmanova@ricany.cz<\/a>\n                                        <p class=\"icon office\" title=\"Office number\" aria-label=\"Office number\">E-004<\/p>\n                                                    <p class=\"icon department\">\n                                                <a href=\"https:\/\/www.ricany.cz\/kontakty\/databaze-kontaktu\/?_kontakty_oddeleni=odbor-stavebni-urad\" title=\"Department\" aria-label=\"Department\">Odbor Stavebn\u00ed \u00fa\u0159ad<\/a>\n                                                <a href=\"https:\/\/www.ricany.cz\/kontakty\/databaze-kontaktu\/?_kontakty_oddeleni=oddeleni-pozemnich-staveb\" title=\"Department\" aria-label=\"Department\">Odd\u011blen\u00ed pozemn\u00edch staveb<\/a>\n                                    <\/p>\n                                            <\/div>\n    <\/div>\n<\/article>            <\/div>\n            <\/section>\n\n<div class=\"wp-block-buttons is-layout-flex wp-block-buttons-is-layout-flex\">\n<div class=\"wp-block-button\"><a class=\"wp-block-button__link wp-element-button\" href=\"https:\/\/www.ricany.cz\/potrebuji-vyridit\/formulare\/formulare-stavebniho-uradu\/\">Forms<\/a><\/div>\n\n\n\n<div class=\"wp-block-button\"><a class=\"wp-block-button__link wp-element-button\" href=\"https:\/\/objednavky.ricany.cz\/obj\/?id=1053\">Order system<\/a><\/div>\n\n\n\n<div class=\"wp-block-button\"><a class=\"wp-block-button__link wp-element-button\" href=\"https:\/\/www.ricany.cz\/zivotni-situace\/stavba\/\">Life situations<\/a><\/div>\n<\/div>\n\n<p><strong>Location:  <\/strong><\/p>\n\n<ul class=\"wp-block-list\">\n<li><a href=\"https:\/\/www.ricany.cz\/kontakty\/#e\" data-type=\"link\" data-id=\"https:\/\/www.ricany.cz\/kontakty\/#e\">Building E, apartment house Melantrichova 2000\/38, \u0158\u00ed\u010dany<\/a><\/li>\n<\/ul>\n\n<h3 class=\"wp-block-heading\">Office hours of the building office<\/h3>\n\n<figure class=\"wp-block-table\"><table class=\"has-fixed-layout\"><thead><tr><th>official day<\/th><th class=\"has-text-align-left\" data-align=\"left\">Morning<\/th><th class=\"has-text-align-left\" data-align=\"left\">Afternoon<\/th><\/tr><\/thead><tbody><tr><td>Monday<\/td><td class=\"has-text-align-left\" data-align=\"left\">7.00-12.00<\/td><td class=\"has-text-align-left\" data-align=\"left\">12.30-18.00<\/td><\/tr><tr><td>Tuesday<\/td><td class=\"has-text-align-left\" data-align=\"left\">\u2014<\/td><td class=\"has-text-align-left\" data-align=\"left\">\u2014<\/td><\/tr><tr><td>Wednesday<\/td><td class=\"has-text-align-left\" data-align=\"left\">7.00-12.00<\/td><td class=\"has-text-align-left\" data-align=\"left\">12.30-18.00<\/td><\/tr><tr><td>Thursday<\/td><td class=\"has-text-align-left\" data-align=\"left\">\u2014<\/td><td class=\"has-text-align-left\" data-align=\"left\">\u2014<\/td><\/tr><tr><td>Friday<\/td><td class=\"has-text-align-left\" data-align=\"left\">\u2014<\/td><td class=\"has-text-align-left\" data-align=\"left\">\u2014<\/td><\/tr><\/tbody><\/table><\/figure>\n\n<h3 class=\"wp-block-heading\"><strong>Contact<\/strong><\/h3>\n    <section class=\"block block-contacts\" >\n                    <div class=\"contacts\">\n                <article class=\"contact mestsky-urad-ricany\">\n            <div class=\"picture placeholder\">\n            &nbsp;\n        <\/div>\n        <div class=\"content\">\n        <h4>                Chejnov\u00e1 Zuzana Bc.                <\/h4>                    <div class=\"description\">referent &#8211; Lou\u0148ovice, Modletice, Ja\u017elovice<\/div>\n                <div class=\"details\">\n                            <a class=\"icon phone\" href=\"tel:+420323618136\" title=\"Phone\" aria-label=\"Phone\">+420&nbsp;323&nbsp;618&nbsp;136<\/a>\n                                                    <a class=\"icon mail\" href=\"mailto:zuzana.chejnova@ricany.cz\" title=\"Email\" aria-label=\"Email\">zuzana.chejnova@ricany.cz<\/a>\n                                        <p class=\"icon office\" title=\"Office number\" aria-label=\"Office number\">E-005<\/p>\n                                                    <p class=\"icon department\">\n                                                <a href=\"https:\/\/www.ricany.cz\/kontakty\/databaze-kontaktu\/?_kontakty_oddeleni=odbor-stavebni-urad\" title=\"Department\" aria-label=\"Department\">Odbor Stavebn\u00ed \u00fa\u0159ad<\/a>\n                                                <a href=\"https:\/\/www.ricany.cz\/kontakty\/databaze-kontaktu\/?_kontakty_oddeleni=oddeleni-pozemnich-staveb\" title=\"Department\" aria-label=\"Department\">Odd\u011blen\u00ed pozemn\u00edch staveb<\/a>\n                                    <\/p>\n                                            <\/div>\n    <\/div>\n<\/article><article class=\"contact mestsky-urad-ricany\">\n            <div class=\"picture placeholder\">\n            &nbsp;\n        <\/div>\n        <div class=\"content\">\n        <h4>                Dou\u0161ov\u00e1 Radka Ing.                <\/h4>                    <div class=\"description\">referent &#8211; B\u0159ez\u00ed, Sv\u011btice, Vod\u011br\u00e1dky<\/div>\n                <div class=\"details\">\n                            <a class=\"icon phone\" href=\"tel:+420323618146\" title=\"Phone\" aria-label=\"Phone\">+420&nbsp;323&nbsp;618&nbsp;146<\/a>\n                                                    <a class=\"icon mail\" href=\"mailto:radka.dousova@ricany.cz\" title=\"Email\" aria-label=\"Email\">radka.dousova@ricany.cz<\/a>\n                                        <p class=\"icon office\" title=\"Office number\" aria-label=\"Office number\">E-003<\/p>\n                                                    <p class=\"icon department\">\n                                                <a href=\"https:\/\/www.ricany.cz\/kontakty\/databaze-kontaktu\/?_kontakty_oddeleni=odbor-stavebni-urad\" title=\"Department\" aria-label=\"Department\">Odbor Stavebn\u00ed \u00fa\u0159ad<\/a>\n                                                <a href=\"https:\/\/www.ricany.cz\/kontakty\/databaze-kontaktu\/?_kontakty_oddeleni=oddeleni-pozemnich-staveb\" title=\"Department\" aria-label=\"Department\">Odd\u011blen\u00ed pozemn\u00edch staveb<\/a>\n                                    <\/p>\n                                            <\/div>\n    <\/div>\n<\/article><article class=\"contact mestsky-urad-ricany\">\n            <div class=\"picture placeholder\">\n            &nbsp;\n        <\/div>\n        <div class=\"content\">\n        <h4>                Gloserov\u00e1 Iva Ing.                <\/h4>                    <div class=\"description\">referent &#8211; \u0158\u00ed\u010dany<\/div>\n                <div class=\"details\">\n                            <a class=\"icon phone\" href=\"tel:+420323618147\" title=\"Phone\" aria-label=\"Phone\">+420&nbsp;323&nbsp;618&nbsp;147<\/a>\n                                                    <a class=\"icon mail\" href=\"mailto:iva.gloserova@ricany.cz\" title=\"Email\" aria-label=\"Email\">iva.gloserova@ricany.cz<\/a>\n                                        <p class=\"icon office\" title=\"Office number\" aria-label=\"Office number\">D-008<\/p>\n                                                    <p class=\"icon department\">\n                                                <a href=\"https:\/\/www.ricany.cz\/kontakty\/databaze-kontaktu\/?_kontakty_oddeleni=odbor-stavebni-urad\" title=\"Department\" aria-label=\"Department\">Odbor Stavebn\u00ed \u00fa\u0159ad<\/a>\n                                                <a href=\"https:\/\/www.ricany.cz\/kontakty\/databaze-kontaktu\/?_kontakty_oddeleni=oddeleni-pozemnich-staveb\" title=\"Department\" aria-label=\"Department\">Odd\u011blen\u00ed pozemn\u00edch staveb<\/a>\n                                    <\/p>\n                                            <\/div>\n    <\/div>\n<\/article><article class=\"contact mestsky-urad-ricany\">\n            <div class=\"picture placeholder\">\n            &nbsp;\n        <\/div>\n        <div class=\"content\">\n        <h4>                H\u00e1jkov\u00e1 \u0160\u00e1rka Ing.                <\/h4>                    <div class=\"description\">referent &#8211; K\u0159enice, Rado\u0161ovice, \u0158\u00ed\u010dany &#8211; Contera+RETAIL<\/div>\n                <div class=\"details\">\n                            <a class=\"icon phone\" href=\"tel:+420323618149\" title=\"Phone\" aria-label=\"Phone\">+420&nbsp;323&nbsp;618&nbsp;149<\/a>\n                                                    <a class=\"icon mail\" href=\"mailto:sarka.hajkova@ricany.cz\" title=\"Email\" aria-label=\"Email\">sarka.hajkova@ricany.cz<\/a>\n                                        <p class=\"icon office\" title=\"Office number\" aria-label=\"Office number\">E-010<\/p>\n                                                    <p class=\"icon department\">\n                                                <a href=\"https:\/\/www.ricany.cz\/kontakty\/databaze-kontaktu\/?_kontakty_oddeleni=odbor-stavebni-urad\" title=\"Department\" aria-label=\"Department\">Odbor Stavebn\u00ed \u00fa\u0159ad<\/a>\n                                                <a href=\"https:\/\/www.ricany.cz\/kontakty\/databaze-kontaktu\/?_kontakty_oddeleni=oddeleni-pozemnich-staveb\" title=\"Department\" aria-label=\"Department\">Odd\u011blen\u00ed pozemn\u00edch staveb<\/a>\n                                    <\/p>\n                                            <\/div>\n    <\/div>\n<\/article><article class=\"contact mestsky-urad-ricany\">\n            <div class=\"picture\">\n            <img decoding=\"async\" width=\"200\" height=\"200\" src=\"https:\/\/www.ricany.cz\/wp-content\/smush-webp\/2025\/10\/Hofmanova-Ilona-1-200x200.jpg.webp\" class=\"thumbnail wp-post-image\" alt=\"Hofmanov\u00e1 Ilona Bc.\" title=\"Hofmanov\u00e1 Ilona Bc.\" srcset=\"https:\/\/www.ricany.cz\/wp-content\/smush-webp\/2025\/10\/Hofmanova-Ilona-1-200x200.jpg.webp 200w, https:\/\/www.ricany.cz\/wp-content\/smush-webp\/2025\/10\/Hofmanova-Ilona-1-600x600.jpg.webp 600w, https:\/\/www.ricany.cz\/wp-content\/smush-webp\/2025\/10\/Hofmanova-Ilona-1-400x400.jpg.webp 400w, https:\/\/www.ricany.cz\/wp-content\/smush-webp\/2025\/10\/Hofmanova-Ilona-1-150x150.jpg.webp 150w, https:\/\/www.ricany.cz\/wp-content\/smush-webp\/2025\/10\/Hofmanova-Ilona-1-800x800.jpg.webp 800w, https:\/\/www.ricany.cz\/wp-content\/smush-webp\/2025\/10\/Hofmanova-Ilona-1-363x363.jpg.webp 363w, https:\/\/www.ricany.cz\/wp-content\/smush-webp\/2025\/10\/Hofmanova-Ilona-1-726x726.jpg.webp 726w, https:\/\/www.ricany.cz\/wp-content\/smush-webp\/2025\/10\/Hofmanova-Ilona-1-300x300.jpg.webp 300w, https:\/\/www.ricany.cz\/wp-content\/smush-webp\/2025\/10\/Hofmanova-Ilona-1.jpg.webp 1000w\" sizes=\"(max-width: 200px) 100vw, 200px\" \/>        <\/div>\n        <div class=\"content\">\n        <h4>                Hofmanov\u00e1 Ilona Bc.                <\/h4>                    <div class=\"description\">vedouc\u00ed odd\u011blen\u00ed pozemn\u00edch staveb- Babice, Muka\u0159ov, Srb\u00edn, \u017dernovka<\/div>\n                <div class=\"details\">\n                            <a class=\"icon phone\" href=\"tel:+420323618139\" title=\"Phone\" aria-label=\"Phone\">+420&nbsp;323&nbsp;618&nbsp;139<\/a>\n                                                    <a class=\"icon mail\" href=\"mailto:ilona.hofmanova@ricany.cz\" title=\"Email\" aria-label=\"Email\">ilona.hofmanova@ricany.cz<\/a>\n                                        <p class=\"icon office\" title=\"Office number\" aria-label=\"Office number\">E-004<\/p>\n                                                    <p class=\"icon department\">\n                                                <a href=\"https:\/\/www.ricany.cz\/kontakty\/databaze-kontaktu\/?_kontakty_oddeleni=odbor-stavebni-urad\" title=\"Department\" aria-label=\"Department\">Odbor Stavebn\u00ed \u00fa\u0159ad<\/a>\n                                                <a href=\"https:\/\/www.ricany.cz\/kontakty\/databaze-kontaktu\/?_kontakty_oddeleni=oddeleni-pozemnich-staveb\" title=\"Department\" aria-label=\"Department\">Odd\u011blen\u00ed pozemn\u00edch staveb<\/a>\n                                    <\/p>\n                                            <\/div>\n    <\/div>\n<\/article><article class=\"contact mestsky-urad-ricany\">\n            <div class=\"picture placeholder\">\n            &nbsp;\n        <\/div>\n        <div class=\"content\">\n        <h4>                Vlachov\u00e1 Lucie Ing. arch.                <\/h4>                    <div class=\"description\">referent &#8211; Dob\u0159ejovice, Tehovec, Doubek, Popovi\u010dky, Chomutovice<\/div>\n                <div class=\"details\">\n                            <a class=\"icon phone\" href=\"tel:+420323618143\" title=\"Phone\" aria-label=\"Phone\">+420&nbsp;323&nbsp;618&nbsp;143<\/a>\n                                                    <a class=\"icon mail\" href=\"mailto:lucie.vlachova@ricany.cz\" title=\"Email\" aria-label=\"Email\">lucie.vlachova@ricany.cz<\/a>\n                                        <p class=\"icon office\" title=\"Office number\" aria-label=\"Office number\">E-003<\/p>\n                                                    <p class=\"icon department\">\n                                                <a href=\"https:\/\/www.ricany.cz\/kontakty\/databaze-kontaktu\/?_kontakty_oddeleni=odbor-stavebni-urad\" title=\"Department\" aria-label=\"Department\">Odbor Stavebn\u00ed \u00fa\u0159ad<\/a>\n                                                <a href=\"https:\/\/www.ricany.cz\/kontakty\/databaze-kontaktu\/?_kontakty_oddeleni=oddeleni-pozemnich-staveb\" title=\"Department\" aria-label=\"Department\">Odd\u011blen\u00ed pozemn\u00edch staveb<\/a>\n                                    <\/p>\n                                            <\/div>\n    <\/div>\n<\/article><article class=\"contact mestsky-urad-ricany\">\n            <div class=\"picture placeholder\">\n            &nbsp;\n        <\/div>\n        <div class=\"content\">\n        <h4>                Vladykov\u00e1 T\u00e1\u0148a Ing.                <\/h4>                    <div class=\"description\">referent &#8211; Herink, Kloko\u010dn\u00e1, Ku\u0159\u00ed, Pacov, Svojetice<\/div>\n                <div class=\"details\">\n                            <a class=\"icon phone\" href=\"tel:+420323618174\" title=\"Phone\" aria-label=\"Phone\">+420&nbsp;323&nbsp;618&nbsp;174<\/a>\n                                                    <a class=\"icon mail\" href=\"mailto:tana.vladykova@ricany.cz\" title=\"Email\" aria-label=\"Email\">tana.vladykova@ricany.cz<\/a>\n                                        <p class=\"icon office\" title=\"Office number\" aria-label=\"Office number\">E-008<\/p>\n                                                    <p class=\"icon department\">\n                                                <a href=\"https:\/\/www.ricany.cz\/kontakty\/databaze-kontaktu\/?_kontakty_oddeleni=odbor-stavebni-urad\" title=\"Department\" aria-label=\"Department\">Odbor Stavebn\u00ed \u00fa\u0159ad<\/a>\n                                                <a href=\"https:\/\/www.ricany.cz\/kontakty\/databaze-kontaktu\/?_kontakty_oddeleni=oddeleni-pozemnich-staveb\" title=\"Department\" aria-label=\"Department\">Odd\u011blen\u00ed pozemn\u00edch staveb<\/a>\n                                    <\/p>\n                                            <\/div>\n    <\/div>\n<\/article>            <\/div>\n            <\/section>\n","protected":false},"excerpt":{"rendered":"<p>Head of the Department of Planning and Building Management: Location: Office hours of the building office official day Morning Afternoon&#8230;<\/p>\n","protected":false},"author":1,"featured_media":0,"parent":84659,"menu_order":744,"comment_status":"closed","ping_status":"closed","template":"","meta":{"_acf_changed":false,"_relevanssi_hide_post":"","_relevanssi_hide_content":"","_relevanssi_pin_for_all":"","_relevanssi_pin_keywords":"","_relevanssi_unpin_keywords":"","_relevanssi_related_keywords":"","_relevanssi_related_include_ids":"","_relevanssi_related_exclude_ids":"","_relevanssi_related_no_append":"","_relevanssi_related_not_related":"","_relevanssi_related_posts":"","_relevanssi_noindex_reason":"","inline_featured_image":false,"footnotes":""},"class_list":["post-84724","page","type-page","status-publish","hentry"],"acf":[],"_links":{"self":[{"href":"https:\/\/www.ricany.cz\/en\/wp-json\/wp\/v2\/pages\/84724","targetHints":{"allow":["GET"]}}],"collection":[{"href":"https:\/\/www.ricany.cz\/en\/wp-json\/wp\/v2\/pages"}],"about":[{"href":"https:\/\/www.ricany.cz\/en\/wp-json\/wp\/v2\/types\/page"}],"author":[{"embeddable":true,"href":"https:\/\/www.ricany.cz\/en\/wp-json\/wp\/v2\/users\/1"}],"replies":[{"embeddable":true,"href":"https:\/\/www.ricany.cz\/en\/wp-json\/wp\/v2\/comments?post=84724"}],"version-history":[{"count":1,"href":"https:\/\/www.ricany.cz\/en\/wp-json\/wp\/v2\/pages\/84724\/revisions"}],"predecessor-version":[{"id":84725,"href":"https:\/\/www.ricany.cz\/en\/wp-json\/wp\/v2\/pages\/84724\/revisions\/84725"}],"up":[{"embeddable":true,"href":"https:\/\/www.ricany.cz\/en\/wp-json\/wp\/v2\/pages\/84659"}],"wp:attachment":[{"href":"https:\/\/www.ricany.cz\/en\/wp-json\/wp\/v2\/media?parent=84724"}],"curies":[{"name":"wp","href":"https:\/\/api.w.org\/{rel}","templated":true}]}}