{"id":84683,"date":"2023-10-13T10:51:54","date_gmt":"2023-10-13T08:51:54","guid":{"rendered":"https:\/\/www.ricany.cz\/departments-and-divisions\/department-of-the-vehicle-register\/vehicle-registry-department-bulk-submissions\/"},"modified":"2024-04-26T14:14:54","modified_gmt":"2024-04-26T12:14:54","slug":"vehicle-registry-department-bulk-submissions","status":"publish","type":"page","link":"https:\/\/www.ricany.cz\/en\/town-hall\/city-office\/departments-and-divisions\/department-of-the-vehicle-register\/vehicle-registry-department-bulk-submissions\/","title":{"rendered":"Vehicle Registry Department &#8211; bulk submissions"},"content":{"rendered":"\n<h3 class=\"wp-block-heading\">Head of the Vehicle Register Department &#8211; bulk submissions<\/h3>\n    <section class=\"block block-contacts\" >\n                    <div class=\"contacts\">\n                <article class=\"contact mestsky-urad-ricany\">\n            <div class=\"picture\">\n            <img decoding=\"async\" width=\"200\" height=\"200\" src=\"https:\/\/www.ricany.cz\/wp-content\/smush-webp\/2025\/10\/Skocdopole-Jiri-200x200.jpg.webp\" class=\"thumbnail wp-post-image\" alt=\"Sko\u010ddopole Ji\u0159\u00ed Mgr.\" title=\"Sko\u010ddopole Ji\u0159\u00ed Mgr.\" srcset=\"https:\/\/www.ricany.cz\/wp-content\/smush-webp\/2025\/10\/Skocdopole-Jiri-200x200.jpg.webp 200w, https:\/\/www.ricany.cz\/wp-content\/smush-webp\/2025\/10\/Skocdopole-Jiri-600x600.jpg.webp 600w, https:\/\/www.ricany.cz\/wp-content\/smush-webp\/2025\/10\/Skocdopole-Jiri-400x400.jpg.webp 400w, https:\/\/www.ricany.cz\/wp-content\/smush-webp\/2025\/10\/Skocdopole-Jiri-150x150.jpg.webp 150w, https:\/\/www.ricany.cz\/wp-content\/smush-webp\/2025\/10\/Skocdopole-Jiri-800x800.jpg.webp 800w, https:\/\/www.ricany.cz\/wp-content\/smush-webp\/2025\/10\/Skocdopole-Jiri-363x363.jpg.webp 363w, https:\/\/www.ricany.cz\/wp-content\/smush-webp\/2025\/10\/Skocdopole-Jiri-726x726.jpg.webp 726w, https:\/\/www.ricany.cz\/wp-content\/smush-webp\/2025\/10\/Skocdopole-Jiri-300x300.jpg.webp 300w, https:\/\/www.ricany.cz\/wp-content\/smush-webp\/2025\/10\/Skocdopole-Jiri.jpg.webp 1000w\" sizes=\"(max-width: 200px) 100vw, 200px\" \/>        <\/div>\n        <div class=\"content\">\n        <h4>                Sko\u010ddopole Ji\u0159\u00ed Mgr.                <\/h4>                    <div class=\"description\">vedouc\u00ed odboru<\/div>\n                <div class=\"details\">\n                            <a class=\"icon phone\" href=\"tel:+420777210825\" title=\"Phone\" aria-label=\"Phone\">+420&nbsp;777&nbsp;210&nbsp;825&nbsp;<\/a>\n                                                    <a class=\"icon mail\" href=\"mailto:jiri.skocdopole@ricany.cz\" title=\"Email\" aria-label=\"Email\">jiri.skocdopole@ricany.cz<\/a>\n                                        <p class=\"icon office\" title=\"Office number\" aria-label=\"Office number\">H-320<\/p>\n                                                    <p class=\"icon department\">\n                                                <a href=\"https:\/\/www.ricany.cz\/kontakty\/databaze-kontaktu\/?_kontakty_oddeleni=odbor-registru-vozidel\" title=\"Department\" aria-label=\"Department\">Odbor registru vozidel<\/a>\n                                    <\/p>\n                                            <\/div>\n    <\/div>\n<\/article>            <\/div>\n            <\/section>\n\n<p><strong>Location:  <\/strong><\/p>\n\n<ul class=\"wp-block-list\">\n<li><a href=\"https:\/\/www.ricany.cz\/kontakty\/#h\" data-type=\"link\" data-id=\"https:\/\/www.ricany.cz\/kontakty\/#h\">Building H, Masarykovo n\u00e1m. 62\/32, \u0158\u00ed\u010dany<\/a><\/li>\n<\/ul>\n\n<p>The department deals with the following agendas:<\/p>\n\n<ul class=\"wp-block-list\">\n<li>bulk submissions &#8211; vehicle register<\/li>\n<\/ul>\n\n<h3 class=\"wp-block-heading\">Contact<\/h3>\n    <section class=\"block block-contacts\" >\n                    <div class=\"contacts\">\n                <article class=\"contact mestsky-urad-ricany\">\n            <div class=\"picture placeholder\">\n            &nbsp;\n        <\/div>\n        <div class=\"content\">\n        <h4>                Registr vozidel \u2013 hromadn\u00e1 pod\u00e1n\u00ed                <\/h4>                <div class=\"details\">\n                                        <a class=\"icon mobile\" href=\"tel:+420702162395\" title=\"Mobile\" aria-label=\"Mobile\">+420&nbsp;702 162 395<\/a>\n                                        <a class=\"icon mail\" href=\"mailto:doprava@ricany.cz\" title=\"Email\" aria-label=\"Email\">doprava@ricany.cz<\/a>\n                                        <p class=\"icon office\" title=\"Office number\" aria-label=\"Office number\">budova H<\/p>\n                                                    <p class=\"icon department\">\n                                    <\/p>\n                                        <p class=\"icon address\" title=\"Address\" aria-label=\"Address\">Masarykovo n\u00e1m. 62\/32, 251 01 \u0158\u00ed\u010dany<\/p>\n                                <\/div>\n    <\/div>\n<\/article>            <\/div>\n            <\/section>\n","protected":false},"excerpt":{"rendered":"<p>Head of the Vehicle Register Department &#8211; bulk submissions Location: The department deals with the following agendas: Contact<\/p>\n","protected":false},"author":1,"featured_media":0,"parent":84654,"menu_order":734,"comment_status":"closed","ping_status":"closed","template":"","meta":{"_acf_changed":false,"_relevanssi_hide_post":"","_relevanssi_hide_content":"","_relevanssi_pin_for_all":"","_relevanssi_pin_keywords":"","_relevanssi_unpin_keywords":"","_relevanssi_related_keywords":"","_relevanssi_related_include_ids":"","_relevanssi_related_exclude_ids":"","_relevanssi_related_no_append":"","_relevanssi_related_not_related":"","_relevanssi_related_posts":"","_relevanssi_noindex_reason":"","inline_featured_image":false,"footnotes":""},"class_list":["post-84683","page","type-page","status-publish","hentry"],"acf":[],"_links":{"self":[{"href":"https:\/\/www.ricany.cz\/en\/wp-json\/wp\/v2\/pages\/84683","targetHints":{"allow":["GET"]}}],"collection":[{"href":"https:\/\/www.ricany.cz\/en\/wp-json\/wp\/v2\/pages"}],"about":[{"href":"https:\/\/www.ricany.cz\/en\/wp-json\/wp\/v2\/types\/page"}],"author":[{"embeddable":true,"href":"https:\/\/www.ricany.cz\/en\/wp-json\/wp\/v2\/users\/1"}],"replies":[{"embeddable":true,"href":"https:\/\/www.ricany.cz\/en\/wp-json\/wp\/v2\/comments?post=84683"}],"version-history":[{"count":1,"href":"https:\/\/www.ricany.cz\/en\/wp-json\/wp\/v2\/pages\/84683\/revisions"}],"predecessor-version":[{"id":84684,"href":"https:\/\/www.ricany.cz\/en\/wp-json\/wp\/v2\/pages\/84683\/revisions\/84684"}],"up":[{"embeddable":true,"href":"https:\/\/www.ricany.cz\/en\/wp-json\/wp\/v2\/pages\/84654"}],"wp:attachment":[{"href":"https:\/\/www.ricany.cz\/en\/wp-json\/wp\/v2\/media?parent=84683"}],"curies":[{"name":"wp","href":"https:\/\/api.w.org\/{rel}","templated":true}]}}