{"id":84673,"date":"2023-10-12T16:06:48","date_gmt":"2023-10-12T14:06:48","guid":{"rendered":"https:\/\/www.ricany.cz\/departments-and-divisions\/department-office-of-the-mayor\/mailrooms-and-verification\/"},"modified":"2025-02-11T08:27:53","modified_gmt":"2025-02-11T07:27:53","slug":"mailrooms-and-verification","status":"publish","type":"page","link":"https:\/\/www.ricany.cz\/en\/town-hall\/city-office\/departments-and-divisions\/department-office-of-the-mayor\/mailrooms-and-verification\/","title":{"rendered":"Mailrooms and verification"},"content":{"rendered":"\n<div class=\"wp-block-buttons is-layout-flex wp-block-buttons-is-layout-flex\">\n<div class=\"wp-block-button\"><a class=\"wp-block-button__link wp-element-button\" href=\"#kontakty\">Contacts &#8211; Building A, B<\/a><\/div>\n\n\n\n<div class=\"wp-block-button\"><a class=\"wp-block-button__link wp-element-button\" href=\"#kontakty-f\">Contacts &#8211; Building F<\/a><\/div>\n\n\n\n<div class=\"wp-block-button\"><a class=\"wp-block-button__link wp-element-button\" href=\"https:\/\/www.ricany.cz\/zivotni-situace\/spravni-agendy\/\">Life situations<\/a><\/div>\n<\/div>\n\n<div style=\"height:30px\" aria-hidden=\"true\" class=\"wp-block-spacer\"><\/div>\n\n<h2 class=\"wp-block-heading\">Mailroom (building A) and Czech POINT (building B)<\/h2>\n\n<p><strong>Location:<\/strong> <\/p>\n\n<ul class=\"wp-block-list\">\n<li><a href=\"https:\/\/www.ricany.cz\/kontakty\/#a\" data-type=\"link\" data-id=\"https:\/\/www.ricany.cz\/kontakty\/#a\">Building A, Masarykovo n\u00e1m\u011bst\u00ed 53\/40, \u0158\u00ed\u010dany<\/a><\/li>\n\n\n\n<li><a href=\"https:\/\/www.ricany.cz\/kontakty\/#b\" data-type=\"link\" data-id=\"https:\/\/www.ricany.cz\/kontakty\/#b\">Building B, Masarykovo n\u00e1m\u011bst\u00ed 83, \u0158\u00ed\u010dany<\/a><\/li>\n<\/ul>\n\n<h3 class=\"wp-block-heading\">Office hours &#8211; mailroom (building A) and Czech POINT (building B)<\/h3>\n\n<figure class=\"wp-block-table\"><table class=\"has-fixed-layout\"><thead><tr><th>official day<\/th><th class=\"has-text-align-left\" data-align=\"left\">Morning<\/th><th class=\"has-text-align-left\" data-align=\"left\">Afternoon<\/th><\/tr><\/thead><tbody><tr><td>Monday<\/td><td class=\"has-text-align-left\" data-align=\"left\">7.00-12.00<\/td><td class=\"has-text-align-left\" data-align=\"left\">12.30-18.00<\/td><\/tr><tr><td>Tuesday<\/td><td class=\"has-text-align-left\" data-align=\"left\">7.00-12.00<\/td><td class=\"has-text-align-left\" data-align=\"left\">12.30-15.00<\/td><\/tr><tr><td>Wednesday<\/td><td class=\"has-text-align-left\" data-align=\"left\">7.00-12.00<\/td><td class=\"has-text-align-left\" data-align=\"left\">12.30-18.00<\/td><\/tr><tr><td>Thursday<\/td><td class=\"has-text-align-left\" data-align=\"left\">7.00-12.00<\/td><td class=\"has-text-align-left\" data-align=\"left\">12.30-15.00<\/td><\/tr><tr><td>Friday<\/td><td class=\"has-text-align-left\" data-align=\"left\">7.00-11.00<\/td><td class=\"has-text-align-left\" data-align=\"left\">\u2014<\/td><\/tr><\/tbody><\/table><\/figure>\n\n<p>The department deals with the following agendas:<\/p>\n\n<ul class=\"wp-block-list\">\n<li>mailroom<\/li>\n\n\n\n<li>electronic mailroom<\/li>\n\n\n\n<li>administration of the official board<\/li>\n\n\n\n<li>verifying the conformity of a copy with a document (vidimation) and verifying the authenticity of a signature (legalization)<\/li>\n\n\n\n<li>Contact point CzechPOINT (building B)<\/li>\n\n\n\n<li>parking permit (building B)<\/li>\n<\/ul>\n\n<h3 class=\"wp-block-heading\" id=\"kontakty\">Contact<\/h3>\n    <section class=\"block block-contacts\" >\n                    <div class=\"contacts\">\n                <article class=\"contact mestsky-urad-ricany\">\n            <div class=\"picture placeholder\">\n            &nbsp;\n        <\/div>\n        <div class=\"content\">\n        <h4>                Lehovcov\u00e1 Alena                <\/h4>                    <div class=\"description\">podatelna Masarykovo n\u00e1m. 53<\/div>\n                <div class=\"details\">\n                            <a class=\"icon phone\" href=\"tel:+420323618100\" title=\"Phone\" aria-label=\"Phone\">+420&nbsp;323&nbsp;618&nbsp;100<\/a>\n                                                    <a class=\"icon mail\" href=\"mailto:alena.lehovcova@ricany.cz\" title=\"Email\" aria-label=\"Email\">alena.lehovcova@ricany.cz<\/a>\n                                        <p class=\"icon office\" title=\"Office number\" aria-label=\"Office number\">A-101<\/p>\n                                                    <p class=\"icon department\">\n                                                <a href=\"https:\/\/www.ricany.cz\/kontakty\/databaze-kontaktu\/?_kontakty_oddeleni=odbor-kancelar-starosty\" title=\"Department\" aria-label=\"Department\">Odbor kancel\u00e1\u0159 starosty<\/a>\n                                                <a href=\"https:\/\/www.ricany.cz\/kontakty\/databaze-kontaktu\/?_kontakty_oddeleni=oddeleni-organizacni-a-spravni-odbor-kancelar-starosty\" title=\"Department\" aria-label=\"Department\">Odd\u011blen\u00ed organiza\u010dn\u00ed a spr\u00e1vn\u00ed<\/a>\n                                    <\/p>\n                                            <\/div>\n    <\/div>\n<\/article><article class=\"contact mestsky-urad-ricany\">\n            <div class=\"picture placeholder\">\n            &nbsp;\n        <\/div>\n        <div class=\"content\">\n        <h4>                V\u00e1chov\u00e1 Monika                <\/h4>                    <div class=\"description\">podatelna Masarykovo n\u00e1m. 53<\/div>\n                <div class=\"details\">\n                            <a class=\"icon phone\" href=\"tel:+420323618100\" title=\"Phone\" aria-label=\"Phone\">+420&nbsp;323&nbsp;618&nbsp;100<\/a>\n                                                    <a class=\"icon mail\" href=\"mailto:monika.vachova@ricany.cz\" title=\"Email\" aria-label=\"Email\">monika.vachova@ricany.cz<\/a>\n                                        <p class=\"icon office\" title=\"Office number\" aria-label=\"Office number\">A-101<\/p>\n                                                    <p class=\"icon department\">\n                                                <a href=\"https:\/\/www.ricany.cz\/kontakty\/databaze-kontaktu\/?_kontakty_oddeleni=odbor-kancelar-starosty\" title=\"Department\" aria-label=\"Department\">Odbor kancel\u00e1\u0159 starosty<\/a>\n                                                <a href=\"https:\/\/www.ricany.cz\/kontakty\/databaze-kontaktu\/?_kontakty_oddeleni=oddeleni-organizacni-a-spravni-odbor-kancelar-starosty\" title=\"Department\" aria-label=\"Department\">Odd\u011blen\u00ed organiza\u010dn\u00ed a spr\u00e1vn\u00ed<\/a>\n                                    <\/p>\n                                            <\/div>\n    <\/div>\n<\/article>            <\/div>\n            <\/section>\n    <section class=\"block block-contacts\" >\n                    <div class=\"contacts\">\n                <article class=\"contact mestsky-urad-ricany\">\n            <div class=\"picture placeholder\">\n            &nbsp;\n        <\/div>\n        <div class=\"content\">\n        <h4>                Kn\u00ed\u017ekov\u00e1 Bohuslava                <\/h4>                    <div class=\"description\">ov\u011b\u0159ov\u00e1n\u00ed, CzechPOINT, Masarykovo n\u00e1m. 83<\/div>\n                <div class=\"details\">\n                            <a class=\"icon phone\" href=\"tel:+420323618198\" title=\"Phone\" aria-label=\"Phone\">+420&nbsp;323&nbsp;618&nbsp;198<\/a>\n                                                    <a class=\"icon mail\" href=\"mailto:bohuslava.knizkova@ricany.cz\" title=\"Email\" aria-label=\"Email\">bohuslava.knizkova@ricany.cz<\/a>\n                                        <p class=\"icon office\" title=\"Office number\" aria-label=\"Office number\">B-006<\/p>\n                                                    <p class=\"icon department\">\n                                                <a href=\"https:\/\/www.ricany.cz\/kontakty\/databaze-kontaktu\/?_kontakty_oddeleni=odbor-kancelar-starosty\" title=\"Department\" aria-label=\"Department\">Odbor kancel\u00e1\u0159 starosty<\/a>\n                                                <a href=\"https:\/\/www.ricany.cz\/kontakty\/databaze-kontaktu\/?_kontakty_oddeleni=oddeleni-organizacni-a-spravni-odbor-kancelar-starosty\" title=\"Department\" aria-label=\"Department\">Odd\u011blen\u00ed organiza\u010dn\u00ed a spr\u00e1vn\u00ed<\/a>\n                                    <\/p>\n                                            <\/div>\n    <\/div>\n<\/article><article class=\"contact mestsky-urad-ricany\">\n            <div class=\"picture placeholder\">\n            &nbsp;\n        <\/div>\n        <div class=\"content\">\n        <h4>                T\u016fmov\u00e1 Andrea Mgr.                <\/h4>                    <div class=\"description\">parkovac\u00ed opr\u00e1vn\u011bn\u00ed, CzechPOINT, Masarykovo n\u00e1m. 83<\/div>\n                <div class=\"details\">\n                            <a class=\"icon phone\" href=\"tel:+420323618198\" title=\"Phone\" aria-label=\"Phone\">+420&nbsp;323&nbsp;618&nbsp;198<\/a>\n                                                    <a class=\"icon mail\" href=\"mailto:andrea.tumova@ricany.cz\" title=\"Email\" aria-label=\"Email\">andrea.tumova@ricany.cz<\/a>\n                                        <p class=\"icon office\" title=\"Office number\" aria-label=\"Office number\">B-004<\/p>\n                                                    <p class=\"icon department\">\n                                                <a href=\"https:\/\/www.ricany.cz\/kontakty\/databaze-kontaktu\/?_kontakty_oddeleni=odbor-kancelar-starosty\" title=\"Department\" aria-label=\"Department\">Odbor kancel\u00e1\u0159 starosty<\/a>\n                                                <a href=\"https:\/\/www.ricany.cz\/kontakty\/databaze-kontaktu\/?_kontakty_oddeleni=oddeleni-organizacni-a-spravni-odbor-kancelar-starosty\" title=\"Department\" aria-label=\"Department\">Odd\u011blen\u00ed organiza\u010dn\u00ed a spr\u00e1vn\u00ed<\/a>\n                                    <\/p>\n                                            <\/div>\n    <\/div>\n<\/article>            <\/div>\n            <\/section>\n\n<h2 class=\"wp-block-heading\">Mailroom and Czech POINT &#8211; Building F<\/h2>\n\n<div class=\"wp-block-buttons is-layout-flex wp-block-buttons-is-layout-flex\">\n<div class=\"wp-block-button\"><a class=\"wp-block-button__link wp-element-button\" href=\"https:\/\/www.ricany.cz\/zivotni-situace\/spravni-agendy\/czech-point-overovani\/jake-jsou-poplatky-za-overovani-a-vypisy-z-czechpointu\/\">Life situations<\/a><\/div>\n<\/div>\n\n<p><strong>Location:<\/strong> <\/p>\n\n<ul class=\"wp-block-list\">\n<li><a href=\"https:\/\/www.ricany.cz\/kontakty\/#f\" data-type=\"link\" data-id=\"https:\/\/www.ricany.cz\/kontakty\/#f\">Building F, Komensk\u00e9ho n\u00e1m\u011bst\u00ed 1619\/2, \u0158\u00ed\u010dany<\/a><\/li>\n<\/ul>\n\n<h3 class=\"wp-block-heading\">Office hours &#8211; mailroom (building F) and Czech POINT (building F)<\/h3>\n\n<figure class=\"wp-block-table\"><table class=\"has-fixed-layout\"><thead><tr><th>official day<\/th><th class=\"has-text-align-left\" data-align=\"left\">Morning<\/th><th class=\"has-text-align-left\" data-align=\"left\">Afternoon<\/th><\/tr><\/thead><tbody><tr><td>Monday<\/td><td class=\"has-text-align-left\" data-align=\"left\">7.00-12.00<\/td><td class=\"has-text-align-left\" data-align=\"left\">12.30-18.00 (Czech POINT until 17.00)<\/td><\/tr><tr><td>Tuesday<\/td><td class=\"has-text-align-left\" data-align=\"left\">7.00-12.00<\/td><td class=\"has-text-align-left\" data-align=\"left\">12.30-15.00<\/td><\/tr><tr><td>Wednesday<\/td><td class=\"has-text-align-left\" data-align=\"left\">7.00-12.00<\/td><td class=\"has-text-align-left\" data-align=\"left\">12.30-18.00 (Czech POINT until 17.00)<\/td><\/tr><tr><td>Thursday<\/td><td class=\"has-text-align-left\" data-align=\"left\">7.00-12.00<\/td><td class=\"has-text-align-left\" data-align=\"left\">12.30-15.00<\/td><\/tr><tr><td>Friday<\/td><td class=\"has-text-align-left\" data-align=\"left\">7.00-11.00<\/td><td class=\"has-text-align-left\" data-align=\"left\">\u2014<\/td><\/tr><\/tbody><\/table><\/figure>\n\n<p>The department deals with the following agendas:<\/p>\n\n<ul class=\"wp-block-list\">\n<li>verifying the conformity of a copy with a document (vidimation) and verifying the authenticity of a signature (legalization)<\/li>\n\n\n\n<li>CzechPOINT contact point<\/li>\n\n\n\n<li>file room<\/li>\n<\/ul>\n\n<h3 class=\"wp-block-heading\" id=\"kontakty-f\">Contact<\/h3>\n    <section class=\"block block-contacts\" >\n                    <div class=\"contacts\">\n                <article class=\"contact mestsky-urad-ricany\">\n            <div class=\"picture placeholder\">\n            &nbsp;\n        <\/div>\n        <div class=\"content\">\n        <h4>                Horn\u00edkov\u00e1 Petra                <\/h4>                    <div class=\"description\">ov\u011b\u0159ov\u00e1n\u00ed, CzechPOINT, Komensk\u00e9ho n\u00e1m. 1619<\/div>\n                <div class=\"details\">\n                            <a class=\"icon phone\" href=\"tel:+420323618257\" title=\"Phone\" aria-label=\"Phone\">+420&nbsp;323&nbsp;618&nbsp;257<\/a>\n                                                    <a class=\"icon mail\" href=\"mailto:petra.hornikova@ricany.cz\" title=\"Email\" aria-label=\"Email\">petra.hornikova@ricany.cz<\/a>\n                                        <p class=\"icon office\" title=\"Office number\" aria-label=\"Office number\">F-003<\/p>\n                                                    <p class=\"icon department\">\n                                                <a href=\"https:\/\/www.ricany.cz\/kontakty\/databaze-kontaktu\/?_kontakty_oddeleni=odbor-kancelar-starosty\" title=\"Department\" aria-label=\"Department\">Odbor kancel\u00e1\u0159 starosty<\/a>\n                                                <a href=\"https:\/\/www.ricany.cz\/kontakty\/databaze-kontaktu\/?_kontakty_oddeleni=oddeleni-organizacni-a-spravni-odbor-kancelar-starosty\" title=\"Department\" aria-label=\"Department\">Odd\u011blen\u00ed organiza\u010dn\u00ed a spr\u00e1vn\u00ed<\/a>\n                                    <\/p>\n                                            <\/div>\n    <\/div>\n<\/article><article class=\"contact mestsky-urad-ricany\">\n            <div class=\"picture placeholder\">\n            &nbsp;\n        <\/div>\n        <div class=\"content\">\n        <h4>                Morov\u00e1 Bohumila                <\/h4>                    <div class=\"description\">podatelna Komensk\u00e9ho n\u00e1m. 1619<\/div>\n                <div class=\"details\">\n                            <a class=\"icon phone\" href=\"tel:+420323618293\" title=\"Phone\" aria-label=\"Phone\">+420&nbsp;323&nbsp;618&nbsp;293<\/a>\n                                                    <a class=\"icon mail\" href=\"mailto:bohumila.morova@ricany.cz\" title=\"Email\" aria-label=\"Email\">bohumila.morova@ricany.cz<\/a>\n                                        <p class=\"icon office\" title=\"Office number\" aria-label=\"Office number\">F-002<\/p>\n                                                    <p class=\"icon department\">\n                                                <a href=\"https:\/\/www.ricany.cz\/kontakty\/databaze-kontaktu\/?_kontakty_oddeleni=odbor-kancelar-starosty\" title=\"Department\" aria-label=\"Department\">Odbor kancel\u00e1\u0159 starosty<\/a>\n                                                <a href=\"https:\/\/www.ricany.cz\/kontakty\/databaze-kontaktu\/?_kontakty_oddeleni=oddeleni-organizacni-a-spravni-odbor-kancelar-starosty\" title=\"Department\" aria-label=\"Department\">Odd\u011blen\u00ed organiza\u010dn\u00ed a spr\u00e1vn\u00ed<\/a>\n                                    <\/p>\n                                            <\/div>\n    <\/div>\n<\/article>            <\/div>\n            <\/section>\n","protected":false},"excerpt":{"rendered":"<p>Mailroom (building A) and Czech POINT (building B) Location: Office hours &#8211; mailroom (building A) and Czech POINT (building B)&#8230;<\/p>\n","protected":false},"author":1,"featured_media":0,"parent":84662,"menu_order":789,"comment_status":"closed","ping_status":"closed","template":"","meta":{"_acf_changed":false,"_relevanssi_hide_post":"","_relevanssi_hide_content":"","_relevanssi_pin_for_all":"","_relevanssi_pin_keywords":"","_relevanssi_unpin_keywords":"","_relevanssi_related_keywords":"","_relevanssi_related_include_ids":"","_relevanssi_related_exclude_ids":"","_relevanssi_related_no_append":"","_relevanssi_related_not_related":"","_relevanssi_related_posts":"","_relevanssi_noindex_reason":"","inline_featured_image":false,"footnotes":""},"class_list":["post-84673","page","type-page","status-publish","hentry"],"acf":[],"_links":{"self":[{"href":"https:\/\/www.ricany.cz\/en\/wp-json\/wp\/v2\/pages\/84673","targetHints":{"allow":["GET"]}}],"collection":[{"href":"https:\/\/www.ricany.cz\/en\/wp-json\/wp\/v2\/pages"}],"about":[{"href":"https:\/\/www.ricany.cz\/en\/wp-json\/wp\/v2\/types\/page"}],"author":[{"embeddable":true,"href":"https:\/\/www.ricany.cz\/en\/wp-json\/wp\/v2\/users\/1"}],"replies":[{"embeddable":true,"href":"https:\/\/www.ricany.cz\/en\/wp-json\/wp\/v2\/comments?post=84673"}],"version-history":[{"count":4,"href":"https:\/\/www.ricany.cz\/en\/wp-json\/wp\/v2\/pages\/84673\/revisions"}],"predecessor-version":[{"id":105626,"href":"https:\/\/www.ricany.cz\/en\/wp-json\/wp\/v2\/pages\/84673\/revisions\/105626"}],"up":[{"embeddable":true,"href":"https:\/\/www.ricany.cz\/en\/wp-json\/wp\/v2\/pages\/84662"}],"wp:attachment":[{"href":"https:\/\/www.ricany.cz\/en\/wp-json\/wp\/v2\/media?parent=84673"}],"curies":[{"name":"wp","href":"https:\/\/api.w.org\/{rel}","templated":true}]}}