{"id":84667,"date":"2023-10-13T09:53:39","date_gmt":"2023-10-13T07:53:39","guid":{"rendered":"https:\/\/www.ricany.cz\/departments-and-divisions\/department-of-finance\/accounting\/"},"modified":"2024-04-26T14:10:35","modified_gmt":"2024-04-26T12:10:35","slug":"accounting","status":"publish","type":"page","link":"https:\/\/www.ricany.cz\/en\/town-hall\/city-office\/departments-and-divisions\/department-of-finance\/accounting\/","title":{"rendered":"Accounting"},"content":{"rendered":"\n<h3 class=\"wp-block-heading\">Head of Department Accounting<\/h3>\n    <section class=\"block block-contacts\" >\n                    <div class=\"contacts\">\n                <article class=\"contact mestsky-urad-ricany\">\n            <div class=\"picture\">\n            <img decoding=\"async\" width=\"200\" height=\"200\" src=\"https:\/\/www.ricany.cz\/wp-content\/smush-webp\/2025\/10\/Mihalovicova-Irma-1-200x200.jpg.webp\" class=\"thumbnail wp-post-image\" alt=\"Mihalovi\u010dov\u00e1 Irma Bc.\" title=\"Mihalovi\u010dov\u00e1 Irma Bc.\" srcset=\"https:\/\/www.ricany.cz\/wp-content\/smush-webp\/2025\/10\/Mihalovicova-Irma-1-200x200.jpg.webp 200w, https:\/\/www.ricany.cz\/wp-content\/smush-webp\/2025\/10\/Mihalovicova-Irma-1-600x600.jpg.webp 600w, https:\/\/www.ricany.cz\/wp-content\/smush-webp\/2025\/10\/Mihalovicova-Irma-1-400x400.jpg.webp 400w, https:\/\/www.ricany.cz\/wp-content\/smush-webp\/2025\/10\/Mihalovicova-Irma-1-150x150.jpg.webp 150w, https:\/\/www.ricany.cz\/wp-content\/smush-webp\/2025\/10\/Mihalovicova-Irma-1-800x800.jpg.webp 800w, https:\/\/www.ricany.cz\/wp-content\/smush-webp\/2025\/10\/Mihalovicova-Irma-1-363x363.jpg.webp 363w, https:\/\/www.ricany.cz\/wp-content\/smush-webp\/2025\/10\/Mihalovicova-Irma-1-726x726.jpg.webp 726w, https:\/\/www.ricany.cz\/wp-content\/smush-webp\/2025\/10\/Mihalovicova-Irma-1-300x300.jpg.webp 300w, https:\/\/www.ricany.cz\/wp-content\/smush-webp\/2025\/10\/Mihalovicova-Irma-1.jpg.webp 1000w\" sizes=\"(max-width: 200px) 100vw, 200px\" \/>        <\/div>\n        <div class=\"content\">\n        <h4>                Mihalovi\u010dov\u00e1 Irma Bc.                <\/h4>                    <div class=\"description\">vedouc\u00ed odd\u011blen\u00ed \u00fa\u010dt\u00e1rna<\/div>\n                <div class=\"details\">\n                            <a class=\"icon phone\" href=\"tel:+420323618127\" title=\"Phone\" aria-label=\"Phone\">+420&nbsp;323&nbsp;618&nbsp;127<\/a>\n                                                    <a class=\"icon mail\" href=\"mailto:irma.mihalovicova@ricany.cz\" title=\"Email\" aria-label=\"Email\">irma.mihalovicova@ricany.cz<\/a>\n                                        <p class=\"icon office\" title=\"Office number\" aria-label=\"Office number\">A-114<\/p>\n                                                    <p class=\"icon department\">\n                                                <a href=\"https:\/\/www.ricany.cz\/kontakty\/databaze-kontaktu\/?_kontakty_oddeleni=odbor-financni\" title=\"Department\" aria-label=\"Department\">Odbor finan\u010dn\u00ed<\/a>\n                                                <a href=\"https:\/\/www.ricany.cz\/kontakty\/databaze-kontaktu\/?_kontakty_oddeleni=oddeleni-uctarna-odbor-financni\" title=\"Department\" aria-label=\"Department\">Odd\u011blen\u00ed \u00fa\u010dt\u00e1rna<\/a>\n                                    <\/p>\n                                            <\/div>\n    <\/div>\n<\/article>            <\/div>\n            <\/section>\n\n<p><strong>Location:  <\/strong><\/p>\n\n<ul class=\"wp-block-list\">\n<li><a href=\"https:\/\/www.ricany.cz\/kontakty\/#a\" data-type=\"link\" data-id=\"https:\/\/www.ricany.cz\/kontakty\/#a\">Building A, Masarykovo n\u00e1m\u011bst\u00ed 53\/40, 251 01 \u0158\u00ed\u010dany<\/a><\/li>\n<\/ul>\n\n<h3 class=\"wp-block-heading\"><strong>Contact<\/strong><\/h3>\n    <section class=\"block block-contacts\" >\n                    <div class=\"contacts\">\n                <article class=\"contact mestsky-urad-ricany\">\n            <div class=\"picture placeholder\">\n            &nbsp;\n        <\/div>\n        <div class=\"content\">\n        <h4>                Brad\u00e1\u010dov\u00e1 Iveta                <\/h4>                    <div class=\"description\">\u00fa\u010detn\u00ed<\/div>\n                <div class=\"details\">\n                            <a class=\"icon phone\" href=\"tel:+420323618213\" title=\"Phone\" aria-label=\"Phone\">+420&nbsp;323&nbsp;618&nbsp;213<\/a>\n                                                    <a class=\"icon mail\" href=\"mailto:iveta.bradacova@ricany.cz\" title=\"Email\" aria-label=\"Email\">iveta.bradacova@ricany.cz<\/a>\n                                        <p class=\"icon office\" title=\"Office number\" aria-label=\"Office number\">F-107<\/p>\n                                                    <p class=\"icon department\">\n                                                <a href=\"https:\/\/www.ricany.cz\/kontakty\/databaze-kontaktu\/?_kontakty_oddeleni=odbor-financni\" title=\"Department\" aria-label=\"Department\">Odbor finan\u010dn\u00ed<\/a>\n                                                <a href=\"https:\/\/www.ricany.cz\/kontakty\/databaze-kontaktu\/?_kontakty_oddeleni=oddeleni-uctarna-odbor-financni\" title=\"Department\" aria-label=\"Department\">Odd\u011blen\u00ed \u00fa\u010dt\u00e1rna<\/a>\n                                    <\/p>\n                                            <\/div>\n    <\/div>\n<\/article><article class=\"contact mestsky-urad-ricany\">\n            <div class=\"picture placeholder\">\n            &nbsp;\n        <\/div>\n        <div class=\"content\">\n        <h4>                Fr\u00fddl Tom\u00e1\u0161                <\/h4>                    <div class=\"description\">\u00fa\u010detnictv\u00ed m\u011bsta (p\u0159\u00edjmy, dotace, fondy) a svazku obc\u00ed, hazardn\u00ed hry<\/div>\n                <div class=\"details\">\n                            <a class=\"icon phone\" href=\"tel:+420323618168\" title=\"Phone\" aria-label=\"Phone\">+420&nbsp;323&nbsp;618&nbsp;168<\/a>\n                                                    <a class=\"icon mail\" href=\"mailto:tomas.frydl@ricany.cz\" title=\"Email\" aria-label=\"Email\">tomas.frydl@ricany.cz<\/a>\n                                        <p class=\"icon office\" title=\"Office number\" aria-label=\"Office number\">A-113<\/p>\n                                                    <p class=\"icon department\">\n                                                <a href=\"https:\/\/www.ricany.cz\/kontakty\/databaze-kontaktu\/?_kontakty_oddeleni=odbor-financni\" title=\"Department\" aria-label=\"Department\">Odbor finan\u010dn\u00ed<\/a>\n                                                <a href=\"https:\/\/www.ricany.cz\/kontakty\/databaze-kontaktu\/?_kontakty_oddeleni=oddeleni-uctarna-odbor-financni\" title=\"Department\" aria-label=\"Department\">Odd\u011blen\u00ed \u00fa\u010dt\u00e1rna<\/a>\n                                    <\/p>\n                                            <\/div>\n    <\/div>\n<\/article><article class=\"contact mestsky-urad-ricany\">\n            <div class=\"picture placeholder\">\n            &nbsp;\n        <\/div>\n        <div class=\"content\">\n        <h4>                Hanusov\u00e1 So\u0148a                <\/h4>                    <div class=\"description\">\u00fa\u010detn\u00ed &#8211; pokuty z \u00fasekov\u00e9ho m\u011b\u0159en\u00ed obce<\/div>\n                <div class=\"details\">\n                            <a class=\"icon phone\" href=\"tel:+420323618213\" title=\"Phone\" aria-label=\"Phone\">+420&nbsp;323&nbsp;618&nbsp;213<\/a>\n                                                    <a class=\"icon mail\" href=\"mailto:sona.hanusova@ricany.cz\" title=\"Email\" aria-label=\"Email\">sona.hanusova@ricany.cz<\/a>\n                                        <p class=\"icon office\" title=\"Office number\" aria-label=\"Office number\">F-107<\/p>\n                                                    <p class=\"icon department\">\n                                                <a href=\"https:\/\/www.ricany.cz\/kontakty\/databaze-kontaktu\/?_kontakty_oddeleni=odbor-financni\" title=\"Department\" aria-label=\"Department\">Odbor finan\u010dn\u00ed<\/a>\n                                                <a href=\"https:\/\/www.ricany.cz\/kontakty\/databaze-kontaktu\/?_kontakty_oddeleni=oddeleni-uctarna-odbor-financni\" title=\"Department\" aria-label=\"Department\">Odd\u011blen\u00ed \u00fa\u010dt\u00e1rna<\/a>\n                                    <\/p>\n                                            <\/div>\n    <\/div>\n<\/article><article class=\"contact mestsky-urad-ricany\">\n            <div class=\"picture placeholder\">\n            &nbsp;\n        <\/div>\n        <div class=\"content\">\n        <h4>                Kaksov\u00e1 Drahoslava                <\/h4>                    <div class=\"description\">\u00fa\u010detn\u00ed \u2013 pohled\u00e1vky z pokut, pohled\u00e1vky \u00fasekov\u00e9 m\u011b\u0159en\u00ed m\u011bsto<\/div>\n                <div class=\"details\">\n                            <a class=\"icon phone\" href=\"tel:+420323618213\" title=\"Phone\" aria-label=\"Phone\">+420&nbsp;323&nbsp;618&nbsp;213<\/a>\n                                                    <a class=\"icon mail\" href=\"mailto:drahoslava.kaksova@ricany.cz\" title=\"Email\" aria-label=\"Email\">drahoslava.kaksova@ricany.cz<\/a>\n                                        <p class=\"icon office\" title=\"Office number\" aria-label=\"Office number\">F-107<\/p>\n                                                    <p class=\"icon department\">\n                                                <a href=\"https:\/\/www.ricany.cz\/kontakty\/databaze-kontaktu\/?_kontakty_oddeleni=odbor-financni\" title=\"Department\" aria-label=\"Department\">Odbor finan\u010dn\u00ed<\/a>\n                                                <a href=\"https:\/\/www.ricany.cz\/kontakty\/databaze-kontaktu\/?_kontakty_oddeleni=oddeleni-uctarna-odbor-financni\" title=\"Department\" aria-label=\"Department\">Odd\u011blen\u00ed \u00fa\u010dt\u00e1rna<\/a>\n                                    <\/p>\n                                            <\/div>\n    <\/div>\n<\/article><article class=\"contact mestsky-urad-ricany\">\n            <div class=\"picture\">\n            <img decoding=\"async\" width=\"200\" height=\"200\" src=\"https:\/\/www.ricany.cz\/wp-content\/smush-webp\/2025\/10\/Mihalovicova-Irma-1-200x200.jpg.webp\" class=\"thumbnail wp-post-image\" alt=\"Mihalovi\u010dov\u00e1 Irma Bc.\" title=\"Mihalovi\u010dov\u00e1 Irma Bc.\" srcset=\"https:\/\/www.ricany.cz\/wp-content\/smush-webp\/2025\/10\/Mihalovicova-Irma-1-200x200.jpg.webp 200w, https:\/\/www.ricany.cz\/wp-content\/smush-webp\/2025\/10\/Mihalovicova-Irma-1-600x600.jpg.webp 600w, https:\/\/www.ricany.cz\/wp-content\/smush-webp\/2025\/10\/Mihalovicova-Irma-1-400x400.jpg.webp 400w, https:\/\/www.ricany.cz\/wp-content\/smush-webp\/2025\/10\/Mihalovicova-Irma-1-150x150.jpg.webp 150w, https:\/\/www.ricany.cz\/wp-content\/smush-webp\/2025\/10\/Mihalovicova-Irma-1-800x800.jpg.webp 800w, https:\/\/www.ricany.cz\/wp-content\/smush-webp\/2025\/10\/Mihalovicova-Irma-1-363x363.jpg.webp 363w, https:\/\/www.ricany.cz\/wp-content\/smush-webp\/2025\/10\/Mihalovicova-Irma-1-726x726.jpg.webp 726w, https:\/\/www.ricany.cz\/wp-content\/smush-webp\/2025\/10\/Mihalovicova-Irma-1-300x300.jpg.webp 300w, https:\/\/www.ricany.cz\/wp-content\/smush-webp\/2025\/10\/Mihalovicova-Irma-1.jpg.webp 1000w\" sizes=\"(max-width: 200px) 100vw, 200px\" \/>        <\/div>\n        <div class=\"content\">\n        <h4>                Mihalovi\u010dov\u00e1 Irma Bc.                <\/h4>                    <div class=\"description\">vedouc\u00ed odd\u011blen\u00ed \u00fa\u010dt\u00e1rna<\/div>\n                <div class=\"details\">\n                            <a class=\"icon phone\" href=\"tel:+420323618127\" title=\"Phone\" aria-label=\"Phone\">+420&nbsp;323&nbsp;618&nbsp;127<\/a>\n                                                    <a class=\"icon mail\" href=\"mailto:irma.mihalovicova@ricany.cz\" title=\"Email\" aria-label=\"Email\">irma.mihalovicova@ricany.cz<\/a>\n                                        <p class=\"icon office\" title=\"Office number\" aria-label=\"Office number\">A-114<\/p>\n                                                    <p class=\"icon department\">\n                                                <a href=\"https:\/\/www.ricany.cz\/kontakty\/databaze-kontaktu\/?_kontakty_oddeleni=odbor-financni\" title=\"Department\" aria-label=\"Department\">Odbor finan\u010dn\u00ed<\/a>\n                                                <a href=\"https:\/\/www.ricany.cz\/kontakty\/databaze-kontaktu\/?_kontakty_oddeleni=oddeleni-uctarna-odbor-financni\" title=\"Department\" aria-label=\"Department\">Odd\u011blen\u00ed \u00fa\u010dt\u00e1rna<\/a>\n                                    <\/p>\n                                            <\/div>\n    <\/div>\n<\/article><article class=\"contact mestsky-urad-ricany\">\n            <div class=\"picture placeholder\">\n            &nbsp;\n        <\/div>\n        <div class=\"content\">\n        <h4>                St\u00e1rkov\u00e1 Pavl\u00edna Ing.                <\/h4>                    <div class=\"description\">\u00fa\u010detn\u00ed &#8211; pokuty z \u00fasekov\u00e9ho m\u011b\u0159en\u00ed obce<\/div>\n                <div class=\"details\">\n                            <a class=\"icon phone\" href=\"tel:+420323618167\" title=\"Phone\" aria-label=\"Phone\">+420&nbsp;323&nbsp;618&nbsp;167<\/a>\n                                                    <a class=\"icon mail\" href=\"mailto:pavlina.starkova@ricany.cz\" title=\"Email\" aria-label=\"Email\">pavlina.starkova@ricany.cz<\/a>\n                                        <p class=\"icon office\" title=\"Office number\" aria-label=\"Office number\">A-117<\/p>\n                                                    <p class=\"icon department\">\n                                                <a href=\"https:\/\/www.ricany.cz\/kontakty\/databaze-kontaktu\/?_kontakty_oddeleni=odbor-financni\" title=\"Department\" aria-label=\"Department\">Odbor finan\u010dn\u00ed<\/a>\n                                                <a href=\"https:\/\/www.ricany.cz\/kontakty\/databaze-kontaktu\/?_kontakty_oddeleni=oddeleni-uctarna-odbor-financni\" title=\"Department\" aria-label=\"Department\">Odd\u011blen\u00ed \u00fa\u010dt\u00e1rna<\/a>\n                                    <\/p>\n                                            <\/div>\n    <\/div>\n<\/article><article class=\"contact mestsky-urad-ricany\">\n            <div class=\"picture placeholder\">\n            &nbsp;\n        <\/div>\n        <div class=\"content\">\n        <h4>                \u0160vagrov\u00e1 Barbora Ing.                <\/h4>                    <div class=\"description\">\u00fa\u010detn\u00ed \u2013 pohled\u00e1vky ze smluv, odeslan\u00e9 faktury<\/div>\n                <div class=\"details\">\n                            <a class=\"icon phone\" href=\"tel:+420323618127\" title=\"Phone\" aria-label=\"Phone\">+420&nbsp;323&nbsp;618&nbsp;127<\/a>\n                                                    <a class=\"icon mail\" href=\"mailto:barbora.svagrova@ricany.cz\" title=\"Email\" aria-label=\"Email\">barbora.svagrova@ricany.cz<\/a>\n                                        <p class=\"icon office\" title=\"Office number\" aria-label=\"Office number\">A-114<\/p>\n                                                    <p class=\"icon department\">\n                                                <a href=\"https:\/\/www.ricany.cz\/kontakty\/databaze-kontaktu\/?_kontakty_oddeleni=odbor-financni\" title=\"Department\" aria-label=\"Department\">Odbor finan\u010dn\u00ed<\/a>\n                                                <a href=\"https:\/\/www.ricany.cz\/kontakty\/databaze-kontaktu\/?_kontakty_oddeleni=oddeleni-uctarna-odbor-financni\" title=\"Department\" aria-label=\"Department\">Odd\u011blen\u00ed \u00fa\u010dt\u00e1rna<\/a>\n                                    <\/p>\n                                            <\/div>\n    <\/div>\n<\/article><article class=\"contact mestsky-urad-ricany\">\n            <div class=\"picture placeholder\">\n            &nbsp;\n        <\/div>\n        <div class=\"content\">\n        <h4>                Ter\u0161l Andrea                <\/h4>                    <div class=\"description\">\u00fa\u010detn\u00ed<\/div>\n                <div class=\"details\">\n                            <a class=\"icon phone\" href=\"tel:+420323618213\" title=\"Phone\" aria-label=\"Phone\">+420&nbsp;323&nbsp;618&nbsp;213<\/a>\n                                                    <a class=\"icon mail\" href=\"mailto:andrea.tersl@ricany.cz\" title=\"Email\" aria-label=\"Email\">andrea.tersl@ricany.cz<\/a>\n                                        <p class=\"icon office\" title=\"Office number\" aria-label=\"Office number\">F-107<\/p>\n                                                    <p class=\"icon department\">\n                                                <a href=\"https:\/\/www.ricany.cz\/kontakty\/databaze-kontaktu\/?_kontakty_oddeleni=odbor-financni\" title=\"Department\" aria-label=\"Department\">Odbor finan\u010dn\u00ed<\/a>\n                                                <a href=\"https:\/\/www.ricany.cz\/kontakty\/databaze-kontaktu\/?_kontakty_oddeleni=oddeleni-uctarna-odbor-financni\" title=\"Department\" aria-label=\"Department\">Odd\u011blen\u00ed \u00fa\u010dt\u00e1rna<\/a>\n                                    <\/p>\n                                            <\/div>\n    <\/div>\n<\/article><article class=\"contact mestsky-urad-ricany\">\n            <div class=\"picture placeholder\">\n            &nbsp;\n        <\/div>\n        <div class=\"content\">\n        <h4>                Uzlov\u00e1 Alena                <\/h4>                    <div class=\"description\">\u00fa\u010detnictv\u00ed m\u011bsta (v\u00fddaje), p\u0159ijat\u00e9 faktury, ve\u0159ejn\u00e9 sb\u00edrky<\/div>\n                <div class=\"details\">\n                            <a class=\"icon phone\" href=\"tel:+420323618148\" title=\"Phone\" aria-label=\"Phone\">+420&nbsp;323&nbsp;618&nbsp;148<\/a>\n                                                    <a class=\"icon mail\" href=\"mailto:alena.uzlova@ricany.cz\" title=\"Email\" aria-label=\"Email\">alena.uzlova@ricany.cz<\/a>\n                                        <p class=\"icon office\" title=\"Office number\" aria-label=\"Office number\">A-113<\/p>\n                                                    <p class=\"icon department\">\n                                                <a href=\"https:\/\/www.ricany.cz\/kontakty\/databaze-kontaktu\/?_kontakty_oddeleni=odbor-financni\" title=\"Department\" aria-label=\"Department\">Odbor finan\u010dn\u00ed<\/a>\n                                                <a href=\"https:\/\/www.ricany.cz\/kontakty\/databaze-kontaktu\/?_kontakty_oddeleni=oddeleni-uctarna-odbor-financni\" title=\"Department\" aria-label=\"Department\">Odd\u011blen\u00ed \u00fa\u010dt\u00e1rna<\/a>\n                                    <\/p>\n                                            <\/div>\n    <\/div>\n<\/article>            <\/div>\n            <\/section>\n","protected":false},"excerpt":{"rendered":"<p>Head of Department Accounting Location: Contact<\/p>\n","protected":false},"author":1,"featured_media":0,"parent":84649,"menu_order":768,"comment_status":"closed","ping_status":"closed","template":"","meta":{"_acf_changed":false,"_relevanssi_hide_post":"","_relevanssi_hide_content":"","_relevanssi_pin_for_all":"","_relevanssi_pin_keywords":"","_relevanssi_unpin_keywords":"","_relevanssi_related_keywords":"","_relevanssi_related_include_ids":"","_relevanssi_related_exclude_ids":"","_relevanssi_related_no_append":"","_relevanssi_related_not_related":"","_relevanssi_related_posts":"","_relevanssi_noindex_reason":"","inline_featured_image":false,"footnotes":""},"class_list":["post-84667","page","type-page","status-publish","hentry"],"acf":[],"_links":{"self":[{"href":"https:\/\/www.ricany.cz\/en\/wp-json\/wp\/v2\/pages\/84667","targetHints":{"allow":["GET"]}}],"collection":[{"href":"https:\/\/www.ricany.cz\/en\/wp-json\/wp\/v2\/pages"}],"about":[{"href":"https:\/\/www.ricany.cz\/en\/wp-json\/wp\/v2\/types\/page"}],"author":[{"embeddable":true,"href":"https:\/\/www.ricany.cz\/en\/wp-json\/wp\/v2\/users\/1"}],"replies":[{"embeddable":true,"href":"https:\/\/www.ricany.cz\/en\/wp-json\/wp\/v2\/comments?post=84667"}],"version-history":[{"count":1,"href":"https:\/\/www.ricany.cz\/en\/wp-json\/wp\/v2\/pages\/84667\/revisions"}],"predecessor-version":[{"id":84668,"href":"https:\/\/www.ricany.cz\/en\/wp-json\/wp\/v2\/pages\/84667\/revisions\/84668"}],"up":[{"embeddable":true,"href":"https:\/\/www.ricany.cz\/en\/wp-json\/wp\/v2\/pages\/84649"}],"wp:attachment":[{"href":"https:\/\/www.ricany.cz\/en\/wp-json\/wp\/v2\/media?parent=84667"}],"curies":[{"name":"wp","href":"https:\/\/api.w.org\/{rel}","templated":true}]}}