{"id":84663,"date":"2023-10-13T13:50:13","date_gmt":"2023-10-13T11:50:13","guid":{"rendered":"https:\/\/www.ricany.cz\/departments-and-divisions\/department-of-education-and-culture\/"},"modified":"2025-02-11T08:45:06","modified_gmt":"2025-02-11T07:45:06","slug":"department-of-education-and-culture","status":"publish","type":"page","link":"https:\/\/www.ricany.cz\/en\/town-hall\/city-office\/departments-and-divisions\/department-of-education-and-culture\/","title":{"rendered":"Department of Education"},"content":{"rendered":"\n<div class=\"wp-block-buttons is-layout-flex wp-block-buttons-is-layout-flex\">\n<div class=\"wp-block-button\"><a class=\"wp-block-button__link wp-element-button\" href=\"#kontakty\">Contact<\/a><\/div>\n\n\n\n<div class=\"wp-block-button\"><a class=\"wp-block-button__link wp-element-button\" href=\"https:\/\/www.ricany.cz\/radnice\/skolstvi\/\">Information from education<\/a><\/div>\n\n\n\n<div class=\"wp-block-button\"><a class=\"wp-block-button__link wp-element-button\" href=\"https:\/\/www.ricany.cz\/radnice\/skolstvi\/skolska-zarizeni-v-ricanech\/\">List of school facilities<\/a><\/div>\n<\/div>\n\n<div class=\"wp-block-buttons is-layout-flex wp-block-buttons-is-layout-flex\">\n<div class=\"wp-block-button\"><a class=\"wp-block-button__link wp-element-button\" href=\"https:\/\/www.ricany.cz\/zivotni-situace\/skolstvi\/\">Life situations<\/a><\/div>\n\n\n\n<div class=\"wp-block-button\"><a class=\"wp-block-button__link wp-element-button\" href=\"https:\/\/www.ricany.cz\/en\/town-hall\/city-office\/departments-and-divisions\/department-of-education-and-culture\/local-action-plans-for-the-development-of-education\/\">Local action plans for the development of education<\/a><\/div>\n<\/div>\n\n<p><strong>Location:<\/strong> <\/p>\n\n<ul class=\"wp-block-list\">\n<li><a href=\"https:\/\/www.ricany.cz\/kontakty\/#f\" data-type=\"link\" data-id=\"https:\/\/www.ricany.cz\/kontakty\/#f\">Building F, Komensk\u00e9ho n\u00e1m\u011bst\u00ed 1619\/2, \u0158\u00ed\u010dany<\/a><\/li>\n\n\n\n<li><a href=\"https:\/\/www.ricany.cz\/kontakty\/#a\" data-type=\"link\" data-id=\"https:\/\/www.ricany.cz\/kontakty\/#a\">Building C, Olivova 1800\/2, \u0158\u00ed\u010dany, 2nd floor<\/a><\/li>\n<\/ul>\n\n<p>In general, the Department deals with this agenda:<\/p>\n\n<ul class=\"wp-block-list\">\n<li>the performance of state administration in the field of education in the administrative district of the municipality with extended competence of the town of \u0158\u00ed\u010dany<\/li>\n\n\n\n<li>exercise of self-government in education &#8211; methodical direction and management of the city&#8217;s contributory educational organisations<\/li>\n\n\n\n<li>the exercise of self-government in culture &#8211; methodical direction and management of the town&#8217;s contributory cultural organisations (Husova knihovna, Muzeum \u0158\u00ed\u010dany, KC Swan)<\/li>\n\n\n\n<li>organising cultural events in the town<\/li>\n\n\n\n<li>ensures the preparation of the municipal chronicle<\/li>\n\n\n\n<li>management of the agenda of organizers and organizers of events associated with the musical projection of live or reproduced music in the open space according to OZV no. 2\/2016<\/li>\n<\/ul>\n\n<h3 class=\"wp-block-heading\">Head of the Department of Education<\/h3>\n    <section class=\"block block-contacts\" >\n                    <div class=\"contacts\">\n                <article class=\"contact mestsky-urad-ricany\">\n            <div class=\"picture\">\n            <img decoding=\"async\" width=\"200\" height=\"200\" src=\"https:\/\/www.ricany.cz\/wp-content\/smush-webp\/2025\/10\/Zilkova-Monika-1-200x200.jpg.webp\" class=\"thumbnail wp-post-image\" alt=\"\u017dilkov\u00e1 Monika Ing.\" title=\"\u017dilkov\u00e1 Monika Ing.\" srcset=\"https:\/\/www.ricany.cz\/wp-content\/smush-webp\/2025\/10\/Zilkova-Monika-1-200x200.jpg.webp 200w, https:\/\/www.ricany.cz\/wp-content\/smush-webp\/2025\/10\/Zilkova-Monika-1-600x600.jpg.webp 600w, https:\/\/www.ricany.cz\/wp-content\/smush-webp\/2025\/10\/Zilkova-Monika-1-400x400.jpg.webp 400w, https:\/\/www.ricany.cz\/wp-content\/smush-webp\/2025\/10\/Zilkova-Monika-1-150x150.jpg.webp 150w, https:\/\/www.ricany.cz\/wp-content\/smush-webp\/2025\/10\/Zilkova-Monika-1-800x800.jpg.webp 800w, https:\/\/www.ricany.cz\/wp-content\/smush-webp\/2025\/10\/Zilkova-Monika-1-363x363.jpg.webp 363w, https:\/\/www.ricany.cz\/wp-content\/smush-webp\/2025\/10\/Zilkova-Monika-1-726x726.jpg.webp 726w, https:\/\/www.ricany.cz\/wp-content\/smush-webp\/2025\/10\/Zilkova-Monika-1-300x300.jpg.webp 300w, https:\/\/www.ricany.cz\/wp-content\/smush-webp\/2025\/10\/Zilkova-Monika-1.jpg.webp 1000w\" sizes=\"(max-width: 200px) 100vw, 200px\" \/>        <\/div>\n        <div class=\"content\">\n        <h4>                \u017dilkov\u00e1 Monika Ing.                <\/h4>                    <div class=\"description\">vedouc\u00ed odboru \u0161kolstv\u00ed a vedouc\u00ed projektu MAP v ORP \u0158\u00ed\u010dany<\/div>\n                <div class=\"details\">\n                            <a class=\"icon phone\" href=\"tel:+420323618122\" title=\"Phone\" aria-label=\"Phone\">+420&nbsp;323&nbsp;618&nbsp;122<\/a>\n                                        <a class=\"icon mobile\" href=\"tel:+420727920480\" title=\"Mobile\" aria-label=\"Mobile\">+420&nbsp;727 920 480<\/a>\n                                        <a class=\"icon mail\" href=\"mailto:monika.zilkova@ricany.cz\" title=\"Email\" aria-label=\"Email\">monika.zilkova@ricany.cz<\/a>\n                                        <p class=\"icon office\" title=\"Office number\" aria-label=\"Office number\">C-301a<\/p>\n                                                    <p class=\"icon department\">\n                                                <a href=\"https:\/\/www.ricany.cz\/kontakty\/databaze-kontaktu\/?_kontakty_oddeleni=odbor-skolstvi-a-kultury\" title=\"Department\" aria-label=\"Department\">Odbor \u0161kolstv\u00ed<\/a>\n                                    <\/p>\n                                            <\/div>\n    <\/div>\n<\/article>            <\/div>\n            <\/section>\n\n<h3 class=\"wp-block-heading\" id=\"kontakty\">Contact<\/h3>\n    <section class=\"block block-contacts\" >\n                    <div class=\"contacts\">\n                <article class=\"contact mestsky-urad-ricany\">\n            <div class=\"picture placeholder\">\n            &nbsp;\n        <\/div>\n        <div class=\"content\">\n        <h4>                Fialov\u00e1 Petra                <\/h4>                    <div class=\"description\">koordin\u00e1tor kl\u00ed\u010dov\u00fdch aktivit MAP<\/div>\n                <div class=\"details\">\n                            <a class=\"icon phone\" href=\"tel:+420323618122\" title=\"Phone\" aria-label=\"Phone\">+420&nbsp;323&nbsp;618&nbsp;122<\/a>\n                                                    <a class=\"icon mail\" href=\"mailto:petra.fialova@ricany.cz\" title=\"Email\" aria-label=\"Email\">petra.fialova@ricany.cz<\/a>\n                                        <p class=\"icon office\" title=\"Office number\" aria-label=\"Office number\">C-306<\/p>\n                                                    <p class=\"icon department\">\n                                                <a href=\"https:\/\/www.ricany.cz\/kontakty\/databaze-kontaktu\/?_kontakty_oddeleni=odbor-skolstvi-a-kultury\" title=\"Department\" aria-label=\"Department\">Odbor \u0161kolstv\u00ed<\/a>\n                                    <\/p>\n                                            <\/div>\n    <\/div>\n<\/article><article class=\"contact mestsky-urad-ricany\">\n            <div class=\"picture placeholder\">\n            &nbsp;\n        <\/div>\n        <div class=\"content\">\n        <h4>                Kr\u00e1lov\u00e1 Martina                <\/h4>                    <div class=\"description\">referent pro v\u00fdkon samospr\u00e1vy v kultu\u0159e<\/div>\n                <div class=\"details\">\n                            <a class=\"icon phone\" href=\"tel:+420605728247\" title=\"Phone\" aria-label=\"Phone\">+420&nbsp;605&nbsp;728&nbsp;247&nbsp;<\/a>\n                                                    <a class=\"icon mail\" href=\"mailto:martina.kralova@ricany.cz\" title=\"Email\" aria-label=\"Email\">martina.kralova@ricany.cz<\/a>\n                                        <p class=\"icon office\" title=\"Office number\" aria-label=\"Office number\">C-306<\/p>\n                                                    <p class=\"icon department\">\n                                                <a href=\"https:\/\/www.ricany.cz\/kontakty\/databaze-kontaktu\/?_kontakty_oddeleni=odbor-skolstvi-a-kultury\" title=\"Department\" aria-label=\"Department\">Odbor \u0161kolstv\u00ed<\/a>\n                                    <\/p>\n                                            <\/div>\n    <\/div>\n<\/article><article class=\"contact mestsky-urad-ricany\">\n            <div class=\"picture placeholder\">\n            &nbsp;\n        <\/div>\n        <div class=\"content\">\n        <h4>                Medynska Nataliya                <\/h4>                    <div class=\"description\">referent pro vzd\u011bl\u00e1v\u00e1n\u00ed ukrajinsk\u00fdch d\u011bt\u00ed<\/div>\n                <div class=\"details\">\n                            <a class=\"icon phone\" href=\"tel:+420323618122\" title=\"Phone\" aria-label=\"Phone\">+420&nbsp;323&nbsp;618&nbsp;122<\/a>\n                                                    <a class=\"icon mail\" href=\"mailto:nataliya.medynska@ricany.cz\" title=\"Email\" aria-label=\"Email\">nataliya.medynska@ricany.cz<\/a>\n                                        <p class=\"icon office\" title=\"Office number\" aria-label=\"Office number\">C-301b<\/p>\n                                                    <p class=\"icon department\">\n                                                <a href=\"https:\/\/www.ricany.cz\/kontakty\/databaze-kontaktu\/?_kontakty_oddeleni=odbor-skolstvi-a-kultury\" title=\"Department\" aria-label=\"Department\">Odbor \u0161kolstv\u00ed<\/a>\n                                    <\/p>\n                                            <\/div>\n    <\/div>\n<\/article><article class=\"contact mestsky-urad-ricany\">\n            <div class=\"picture placeholder\">\n            &nbsp;\n        <\/div>\n        <div class=\"content\">\n        <h4>                N\u011bme\u010dkov\u00e1 Petra Bc.                <\/h4>                    <div class=\"description\">referent pro v\u00fdkon samospr\u00e1vy ve \u0161kolstv\u00ed a st\u00e1tn\u00ed spr\u00e1vy ve \u0161kolstv\u00ed<\/div>\n                <div class=\"details\">\n                            <a class=\"icon phone\" href=\"tel:+420323618122\" title=\"Phone\" aria-label=\"Phone\">+420&nbsp;323&nbsp;618&nbsp;122<\/a>\n                                                    <a class=\"icon mail\" href=\"mailto:petra.nemeckova@ricany.cz\" title=\"Email\" aria-label=\"Email\">petra.nemeckova@ricany.cz<\/a>\n                                        <p class=\"icon office\" title=\"Office number\" aria-label=\"Office number\">C-301b<\/p>\n                                                    <p class=\"icon department\">\n                                                <a href=\"https:\/\/www.ricany.cz\/kontakty\/databaze-kontaktu\/?_kontakty_oddeleni=odbor-skolstvi-a-kultury\" title=\"Department\" aria-label=\"Department\">Odbor \u0161kolstv\u00ed<\/a>\n                                    <\/p>\n                                            <\/div>\n    <\/div>\n<\/article><article class=\"contact mestsky-urad-ricany\">\n            <div class=\"picture placeholder\">\n            &nbsp;\n        <\/div>\n        <div class=\"content\">\n        <h4>                Smol\u00edkov\u00e1 Irena                <\/h4>                    <div class=\"description\">referent pro v\u00fdkon st\u00e1tn\u00ed spr\u00e1vy ve \u0161kolstv\u00ed<\/div>\n                <div class=\"details\">\n                            <a class=\"icon phone\" href=\"tel:+420323618122\" title=\"Phone\" aria-label=\"Phone\">+420&nbsp;323&nbsp;618&nbsp;122<\/a>\n                                                    <a class=\"icon mail\" href=\"mailto:irena.smolikova@ricany.cz\" title=\"Email\" aria-label=\"Email\">irena.smolikova@ricany.cz<\/a>\n                                        <p class=\"icon office\" title=\"Office number\" aria-label=\"Office number\">C-301b<\/p>\n                                                    <p class=\"icon department\">\n                                                <a href=\"https:\/\/www.ricany.cz\/kontakty\/databaze-kontaktu\/?_kontakty_oddeleni=odbor-skolstvi-a-kultury\" title=\"Department\" aria-label=\"Department\">Odbor \u0161kolstv\u00ed<\/a>\n                                    <\/p>\n                                            <\/div>\n    <\/div>\n<\/article><article class=\"contact mestsky-urad-ricany\">\n            <div class=\"picture placeholder\">\n            &nbsp;\n        <\/div>\n        <div class=\"content\">\n        <h4>                Zaj\u00ed\u010dkov\u00e1 Pavl\u00edna Mgr.                <\/h4>                    <div class=\"description\">evalu\u00e1tor projektu<\/div>\n                <div class=\"details\">\n                            <a class=\"icon phone\" href=\"tel:+420323618122\" title=\"Phone\" aria-label=\"Phone\">+420&nbsp;323&nbsp;618&nbsp;122<\/a>\n                                                    <a class=\"icon mail\" href=\"mailto:pavlina.zajickova@ricany.cz\" title=\"Email\" aria-label=\"Email\">pavlina.zajickova@ricany.cz<\/a>\n                                        <p class=\"icon office\" title=\"Office number\" aria-label=\"Office number\">C-301b<\/p>\n                                                    <p class=\"icon department\">\n                                                <a href=\"https:\/\/www.ricany.cz\/kontakty\/databaze-kontaktu\/?_kontakty_oddeleni=odbor-skolstvi-a-kultury\" title=\"Department\" aria-label=\"Department\">Odbor \u0161kolstv\u00ed<\/a>\n                                    <\/p>\n                                            <\/div>\n    <\/div>\n<\/article><article class=\"contact mestsky-urad-ricany\">\n            <div class=\"picture\">\n            <img decoding=\"async\" width=\"200\" height=\"200\" src=\"https:\/\/www.ricany.cz\/wp-content\/smush-webp\/2025\/10\/Zilkova-Monika-1-200x200.jpg.webp\" class=\"thumbnail wp-post-image\" alt=\"\u017dilkov\u00e1 Monika Ing.\" title=\"\u017dilkov\u00e1 Monika Ing.\" srcset=\"https:\/\/www.ricany.cz\/wp-content\/smush-webp\/2025\/10\/Zilkova-Monika-1-200x200.jpg.webp 200w, https:\/\/www.ricany.cz\/wp-content\/smush-webp\/2025\/10\/Zilkova-Monika-1-600x600.jpg.webp 600w, https:\/\/www.ricany.cz\/wp-content\/smush-webp\/2025\/10\/Zilkova-Monika-1-400x400.jpg.webp 400w, https:\/\/www.ricany.cz\/wp-content\/smush-webp\/2025\/10\/Zilkova-Monika-1-150x150.jpg.webp 150w, https:\/\/www.ricany.cz\/wp-content\/smush-webp\/2025\/10\/Zilkova-Monika-1-800x800.jpg.webp 800w, https:\/\/www.ricany.cz\/wp-content\/smush-webp\/2025\/10\/Zilkova-Monika-1-363x363.jpg.webp 363w, https:\/\/www.ricany.cz\/wp-content\/smush-webp\/2025\/10\/Zilkova-Monika-1-726x726.jpg.webp 726w, https:\/\/www.ricany.cz\/wp-content\/smush-webp\/2025\/10\/Zilkova-Monika-1-300x300.jpg.webp 300w, https:\/\/www.ricany.cz\/wp-content\/smush-webp\/2025\/10\/Zilkova-Monika-1.jpg.webp 1000w\" sizes=\"(max-width: 200px) 100vw, 200px\" \/>        <\/div>\n        <div class=\"content\">\n        <h4>                \u017dilkov\u00e1 Monika Ing.                <\/h4>                    <div class=\"description\">vedouc\u00ed odboru \u0161kolstv\u00ed a vedouc\u00ed projektu MAP v ORP \u0158\u00ed\u010dany<\/div>\n                <div class=\"details\">\n                            <a class=\"icon phone\" href=\"tel:+420323618122\" title=\"Phone\" aria-label=\"Phone\">+420&nbsp;323&nbsp;618&nbsp;122<\/a>\n                                        <a class=\"icon mobile\" href=\"tel:+420727920480\" title=\"Mobile\" aria-label=\"Mobile\">+420&nbsp;727 920 480<\/a>\n                                        <a class=\"icon mail\" href=\"mailto:monika.zilkova@ricany.cz\" title=\"Email\" aria-label=\"Email\">monika.zilkova@ricany.cz<\/a>\n                                        <p class=\"icon office\" title=\"Office number\" aria-label=\"Office number\">C-301a<\/p>\n                                                    <p class=\"icon department\">\n                                                <a href=\"https:\/\/www.ricany.cz\/kontakty\/databaze-kontaktu\/?_kontakty_oddeleni=odbor-skolstvi-a-kultury\" title=\"Department\" aria-label=\"Department\">Odbor \u0161kolstv\u00ed<\/a>\n                                    <\/p>\n                                            <\/div>\n    <\/div>\n<\/article>            <\/div>\n            <\/section>\n","protected":false},"excerpt":{"rendered":"<p>Location: In general, the Department deals with this agenda: Head of the Department of Education Contact<\/p>\n","protected":false},"author":1,"featured_media":0,"parent":84628,"menu_order":793,"comment_status":"closed","ping_status":"closed","template":"","meta":{"_acf_changed":false,"_relevanssi_hide_post":"","_relevanssi_hide_content":"","_relevanssi_pin_for_all":"","_relevanssi_pin_keywords":"","_relevanssi_unpin_keywords":"","_relevanssi_related_keywords":"","_relevanssi_related_include_ids":"","_relevanssi_related_exclude_ids":"","_relevanssi_related_no_append":"","_relevanssi_related_not_related":"","_relevanssi_related_posts":"","_relevanssi_noindex_reason":"","inline_featured_image":false,"footnotes":""},"class_list":["post-84663","page","type-page","status-publish","hentry"],"acf":[],"_links":{"self":[{"href":"https:\/\/www.ricany.cz\/en\/wp-json\/wp\/v2\/pages\/84663","targetHints":{"allow":["GET"]}}],"collection":[{"href":"https:\/\/www.ricany.cz\/en\/wp-json\/wp\/v2\/pages"}],"about":[{"href":"https:\/\/www.ricany.cz\/en\/wp-json\/wp\/v2\/types\/page"}],"author":[{"embeddable":true,"href":"https:\/\/www.ricany.cz\/en\/wp-json\/wp\/v2\/users\/1"}],"replies":[{"embeddable":true,"href":"https:\/\/www.ricany.cz\/en\/wp-json\/wp\/v2\/comments?post=84663"}],"version-history":[{"count":3,"href":"https:\/\/www.ricany.cz\/en\/wp-json\/wp\/v2\/pages\/84663\/revisions"}],"predecessor-version":[{"id":105645,"href":"https:\/\/www.ricany.cz\/en\/wp-json\/wp\/v2\/pages\/84663\/revisions\/105645"}],"up":[{"embeddable":true,"href":"https:\/\/www.ricany.cz\/en\/wp-json\/wp\/v2\/pages\/84628"}],"wp:attachment":[{"href":"https:\/\/www.ricany.cz\/en\/wp-json\/wp\/v2\/media?parent=84663"}],"curies":[{"name":"wp","href":"https:\/\/api.w.org\/{rel}","templated":true}]}}