{"id":84646,"date":"2023-10-12T14:57:00","date_gmt":"2023-10-12T12:57:00","guid":{"rendered":"https:\/\/www.ricany.cz\/departments-and-divisions\/personnel-and-payroll-department\/"},"modified":"2024-04-26T14:08:15","modified_gmt":"2024-04-26T12:08:15","slug":"personnel-and-payroll-department","status":"publish","type":"page","link":"https:\/\/www.ricany.cz\/en\/town-hall\/city-office\/departments-and-divisions\/personnel-and-payroll-department\/","title":{"rendered":"Personnel and Payroll Department"},"content":{"rendered":"\n<h3 class=\"wp-block-heading\">Head of Personnel Department<\/h3>\n    <section class=\"block block-contacts\" >\n                    <div class=\"contacts\">\n                <article class=\"contact mestsky-urad-ricany\">\n            <div class=\"picture\">\n            <img decoding=\"async\" width=\"200\" height=\"200\" src=\"https:\/\/www.ricany.cz\/wp-content\/smush-webp\/2026\/03\/foto-personalni-1-200x200.jpg.webp\" class=\"thumbnail wp-post-image\" alt=\"\u017d\u010f\u00e1rsk\u00e1 Jana Mgr.\" title=\"\u017d\u010f\u00e1rsk\u00e1 Jana Mgr.\" srcset=\"https:\/\/www.ricany.cz\/wp-content\/smush-webp\/2026\/03\/foto-personalni-1-200x200.jpg.webp 200w, https:\/\/www.ricany.cz\/wp-content\/smush-webp\/2026\/03\/foto-personalni-1-400x400.jpg.webp 400w, https:\/\/www.ricany.cz\/wp-content\/smush-webp\/2026\/03\/foto-personalni-1-150x150.jpg.webp 150w\" sizes=\"(max-width: 200px) 100vw, 200px\" \/>        <\/div>\n        <div class=\"content\">\n        <h4>                \u017d\u010f\u00e1rsk\u00e1 Jana Mgr.                <\/h4>                    <div class=\"description\">vedouc\u00ed odd\u011blen\u00ed person\u00e1ln\u00ed a mzdov\u00e9<\/div>\n                <div class=\"details\">\n                            <a class=\"icon phone\" href=\"tel:+420323618128\" title=\"Phone\" aria-label=\"Phone\">+420&nbsp;323&nbsp;618&nbsp;128<\/a>\n                                        <a class=\"icon mobile\" href=\"tel:+420602162037\" title=\"Mobile\" aria-label=\"Mobile\">+420&nbsp;602 162 037<\/a>\n                                        <a class=\"icon mail\" href=\"mailto:jana.zdarska@ricany.cz\" title=\"Email\" aria-label=\"Email\">jana.zdarska@ricany.cz<\/a>\n                                        <p class=\"icon office\" title=\"Office number\" aria-label=\"Office number\">A-115<\/p>\n                                                    <p class=\"icon department\">\n                                                <a href=\"https:\/\/www.ricany.cz\/kontakty\/databaze-kontaktu\/?_kontakty_oddeleni=oddeleni-personalni-a-mzdove\" title=\"Department\" aria-label=\"Department\">Odd\u011blen\u00ed person\u00e1ln\u00ed a mzdov\u00e9<\/a>\n                                    <\/p>\n                                            <\/div>\n    <\/div>\n<\/article>            <\/div>\n            <\/section>\n\n<p><strong>Location:<\/strong> <\/p>\n\n<ul class=\"wp-block-list\">\n<li><a href=\"https:\/\/www.ricany.cz\/kontakty\/#a\" data-type=\"link\" data-id=\"https:\/\/www.ricany.cz\/kontakty\/#a\">Building A, Masarykovo n\u00e1m\u011bst\u00ed 53\/40, 251 01 \u0158\u00ed\u010dany<\/a><\/li>\n<\/ul>\n\n<p>The department deals with the following agendas:<\/p>\n\n<ul class=\"wp-block-list\">\n<li>personnel and payroll agenda of the city<\/li>\n\n\n\n<li>training and care of employees<\/li>\n<\/ul>\n\n<h3 class=\"wp-block-heading\">Contact<\/h3>\n    <section class=\"block block-contacts\" >\n                    <div class=\"contacts\">\n                <article class=\"contact mestsky-urad-ricany\">\n            <div class=\"picture\">\n            <img decoding=\"async\" width=\"200\" height=\"200\" src=\"https:\/\/www.ricany.cz\/wp-content\/smush-webp\/2026\/03\/foto-personalni-2-200x200.jpg.webp\" class=\"thumbnail wp-post-image\" alt=\"Miani Kl\u00e1ra Ing.\" title=\"Miani Kl\u00e1ra Ing.\" srcset=\"https:\/\/www.ricany.cz\/wp-content\/smush-webp\/2026\/03\/foto-personalni-2-200x200.jpg.webp 200w, https:\/\/www.ricany.cz\/wp-content\/smush-webp\/2026\/03\/foto-personalni-2-400x400.jpg.webp 400w, https:\/\/www.ricany.cz\/wp-content\/smush-webp\/2026\/03\/foto-personalni-2-150x150.jpg.webp 150w\" sizes=\"(max-width: 200px) 100vw, 200px\" \/>        <\/div>\n        <div class=\"content\">\n        <h4>                Miani Kl\u00e1ra Ing.                <\/h4>                    <div class=\"description\">personalista<\/div>\n                <div class=\"details\">\n                            <a class=\"icon phone\" href=\"tel:+420323618163\" title=\"Phone\" aria-label=\"Phone\">+420&nbsp;323&nbsp;618&nbsp;163<\/a>\n                                        <a class=\"icon mobile\" href=\"tel:+420720947023\" title=\"Mobile\" aria-label=\"Mobile\">+420&nbsp;720 947 023<\/a>\n                                        <a class=\"icon mail\" href=\"mailto:klara.miani@ricany.cz\" title=\"Email\" aria-label=\"Email\">klara.miani@ricany.cz<\/a>\n                                        <p class=\"icon office\" title=\"Office number\" aria-label=\"Office number\">A-115<\/p>\n                                                    <p class=\"icon department\">\n                                                <a href=\"https:\/\/www.ricany.cz\/kontakty\/databaze-kontaktu\/?_kontakty_oddeleni=oddeleni-personalni-a-mzdove\" title=\"Department\" aria-label=\"Department\">Odd\u011blen\u00ed person\u00e1ln\u00ed a mzdov\u00e9<\/a>\n                                    <\/p>\n                                            <\/div>\n    <\/div>\n<\/article>            <\/div>\n            <\/section>\n","protected":false},"excerpt":{"rendered":"<p>Head of Personnel Department Location: The department deals with the following agendas: Contact<\/p>\n","protected":false},"author":1,"featured_media":0,"parent":84628,"menu_order":802,"comment_status":"closed","ping_status":"closed","template":"","meta":{"_acf_changed":false,"_relevanssi_hide_post":"","_relevanssi_hide_content":"","_relevanssi_pin_for_all":"","_relevanssi_pin_keywords":"","_relevanssi_unpin_keywords":"","_relevanssi_related_keywords":"","_relevanssi_related_include_ids":"","_relevanssi_related_exclude_ids":"","_relevanssi_related_no_append":"","_relevanssi_related_not_related":"","_relevanssi_related_posts":"","_relevanssi_noindex_reason":"","inline_featured_image":false,"footnotes":""},"class_list":["post-84646","page","type-page","status-publish","hentry"],"acf":[],"_links":{"self":[{"href":"https:\/\/www.ricany.cz\/en\/wp-json\/wp\/v2\/pages\/84646","targetHints":{"allow":["GET"]}}],"collection":[{"href":"https:\/\/www.ricany.cz\/en\/wp-json\/wp\/v2\/pages"}],"about":[{"href":"https:\/\/www.ricany.cz\/en\/wp-json\/wp\/v2\/types\/page"}],"author":[{"embeddable":true,"href":"https:\/\/www.ricany.cz\/en\/wp-json\/wp\/v2\/users\/1"}],"replies":[{"embeddable":true,"href":"https:\/\/www.ricany.cz\/en\/wp-json\/wp\/v2\/comments?post=84646"}],"version-history":[{"count":1,"href":"https:\/\/www.ricany.cz\/en\/wp-json\/wp\/v2\/pages\/84646\/revisions"}],"predecessor-version":[{"id":84650,"href":"https:\/\/www.ricany.cz\/en\/wp-json\/wp\/v2\/pages\/84646\/revisions\/84650"}],"up":[{"embeddable":true,"href":"https:\/\/www.ricany.cz\/en\/wp-json\/wp\/v2\/pages\/84628"}],"wp:attachment":[{"href":"https:\/\/www.ricany.cz\/en\/wp-json\/wp\/v2\/media?parent=84646"}],"curies":[{"name":"wp","href":"https:\/\/api.w.org\/{rel}","templated":true}]}}