{"id":84635,"date":"2023-10-13T13:28:37","date_gmt":"2023-10-13T11:28:37","guid":{"rendered":"https:\/\/www.ricany.cz\/departments-and-divisions\/department-of-the-municipal-trade-licensing-office\/"},"modified":"2025-02-11T08:28:00","modified_gmt":"2025-02-11T07:28:00","slug":"department-of-the-municipal-trade-licensing-office","status":"publish","type":"page","link":"https:\/\/www.ricany.cz\/en\/town-hall\/city-office\/departments-and-divisions\/department-of-the-municipal-trade-licensing-office\/","title":{"rendered":"Department of the Municipal Trade Licensing Office"},"content":{"rendered":"\n<div class=\"wp-block-buttons is-layout-flex wp-block-buttons-is-layout-flex\">\n<div class=\"wp-block-button\"><a class=\"wp-block-button__link wp-element-button\" href=\"#kontakty\">Contact<\/a><\/div>\n\n\n\n<div class=\"wp-block-button\"><a class=\"wp-block-button__link wp-element-button\" href=\"#kontakty-kontrola\">Contacts &#8211; Control Department<\/a><\/div>\n<\/div>\n\n<div class=\"wp-block-buttons is-layout-flex wp-block-buttons-is-layout-flex\">\n<div class=\"wp-block-button\"><a class=\"wp-block-button__link wp-element-button\" href=\"https:\/\/www.ricany.cz\/potrebuji-vyridit\/formulare\/formulare-obecni-zivnostensky-urad\/\">Forms<\/a><\/div>\n\n\n\n<div class=\"wp-block-button\"><a class=\"wp-block-button__link wp-element-button\" href=\"https:\/\/objednavky.ricany.cz\/obj\/?id=1053\">Order system<\/a><\/div>\n\n\n\n<div class=\"wp-block-button\"><a class=\"wp-block-button__link wp-element-button\" href=\"https:\/\/www.ricany.cz\/zivotni-situace\/zivnostensky-urad\/\">Life situations<\/a><\/div>\n<\/div>\n\n<p><strong>Location:<\/strong> <\/p>\n\n<ul class=\"wp-block-list\">\n<li><a href=\"https:\/\/www.ricany.cz\/kontakty\/#f\" data-type=\"link\" data-id=\"https:\/\/www.ricany.cz\/kontakty\/#f\">Building F, Komensk\u00e9ho n\u00e1m\u011bst\u00ed 1619\/2, \u0158\u00ed\u010dany<\/a><\/li>\n<\/ul>\n\n<h3 class=\"wp-block-heading\"><strong>Office hours<\/strong><\/h3>\n\n<figure class=\"wp-block-table\"><table class=\"has-fixed-layout\"><thead><tr><th>official day<\/th><th class=\"has-text-align-left\" data-align=\"left\">Morning<\/th><th class=\"has-text-align-left\" data-align=\"left\">Afternoon<\/th><\/tr><\/thead><tbody><tr><td>Monday<\/td><td class=\"has-text-align-left\" data-align=\"left\">7.00-12.00<\/td><td class=\"has-text-align-left\" data-align=\"left\">12.30-18.00<\/td><\/tr><tr><td>Tuesday<\/td><td class=\"has-text-align-left\" data-align=\"left\">7.00-12.00 (priority for booked)<\/td><td class=\"has-text-align-left\" data-align=\"left\">\u2014<\/td><\/tr><tr><td>Wednesday<\/td><td class=\"has-text-align-left\" data-align=\"left\">7.00-12.00<\/td><td class=\"has-text-align-left\" data-align=\"left\">12.30-18.00<\/td><\/tr><tr><td>Thursday<\/td><td class=\"has-text-align-left\" data-align=\"left\">\u2014<\/td><td class=\"has-text-align-left\" data-align=\"left\">\u2014<\/td><\/tr><tr><td>Friday<\/td><td class=\"has-text-align-left\" data-align=\"left\">\u2014<\/td><td class=\"has-text-align-left\" data-align=\"left\">\u2014<\/td><\/tr><\/tbody><\/table><\/figure>\n\n<p>The department deals with the following agendas:<\/p>\n\n<ul class=\"wp-block-list\">\n<li>state administration in the field of the Trade Licensing Act<\/li>\n\n\n\n<li>registration of agricultural entrepreneurs central registration point for entrepreneurs<\/li>\n<\/ul>\n\n<h3 class=\"wp-block-heading\">Head of Department Municipal Trade Licensing Office<\/h3>\n    <section class=\"block block-contacts\" >\n                    <div class=\"contacts\">\n                <article class=\"contact mestsky-urad-ricany\">\n            <div class=\"picture\">\n            <img decoding=\"async\" width=\"200\" height=\"200\" src=\"https:\/\/www.ricany.cz\/wp-content\/smush-webp\/2025\/10\/Aronova-Martina-1-200x200.jpg.webp\" class=\"thumbnail wp-post-image\" alt=\"Aronov\u00e1 Martina Ing.\" title=\"Aronov\u00e1 Martina Ing.\" srcset=\"https:\/\/www.ricany.cz\/wp-content\/smush-webp\/2025\/10\/Aronova-Martina-1-200x200.jpg.webp 200w, https:\/\/www.ricany.cz\/wp-content\/smush-webp\/2025\/10\/Aronova-Martina-1-600x600.jpg.webp 600w, https:\/\/www.ricany.cz\/wp-content\/smush-webp\/2025\/10\/Aronova-Martina-1-400x400.jpg.webp 400w, https:\/\/www.ricany.cz\/wp-content\/smush-webp\/2025\/10\/Aronova-Martina-1-150x150.jpg.webp 150w, https:\/\/www.ricany.cz\/wp-content\/smush-webp\/2025\/10\/Aronova-Martina-1-800x800.jpg.webp 800w, https:\/\/www.ricany.cz\/wp-content\/smush-webp\/2025\/10\/Aronova-Martina-1-363x363.jpg.webp 363w, https:\/\/www.ricany.cz\/wp-content\/smush-webp\/2025\/10\/Aronova-Martina-1-726x726.jpg.webp 726w, https:\/\/www.ricany.cz\/wp-content\/smush-webp\/2025\/10\/Aronova-Martina-1-300x300.jpg.webp 300w, https:\/\/www.ricany.cz\/wp-content\/smush-webp\/2025\/10\/Aronova-Martina-1.jpg.webp 1000w\" sizes=\"(max-width: 200px) 100vw, 200px\" \/>        <\/div>\n        <div class=\"content\">\n        <h4>                Aronov\u00e1 Martina Ing.                <\/h4>                    <div class=\"description\">vedouc\u00ed odboru<\/div>\n                <div class=\"details\">\n                            <a class=\"icon phone\" href=\"tel:+420323618222\" title=\"Phone\" aria-label=\"Phone\">+420&nbsp;323&nbsp;618&nbsp;222<\/a>\n                                        <a class=\"icon mobile\" href=\"tel:+420606779638\" title=\"Mobile\" aria-label=\"Mobile\">+420&nbsp;606 779 638<\/a>\n                                        <a class=\"icon mail\" href=\"mailto:martina.aronova@ricany.cz\" title=\"Email\" aria-label=\"Email\">martina.aronova@ricany.cz<\/a>\n                                        <p class=\"icon office\" title=\"Office number\" aria-label=\"Office number\">F-108<\/p>\n                                                    <p class=\"icon department\">\n                                                <a href=\"https:\/\/www.ricany.cz\/kontakty\/databaze-kontaktu\/?_kontakty_oddeleni=odbor-obecni-zivnostensky-urad\" title=\"Department\" aria-label=\"Department\">Odbor Obecn\u00ed \u017eivnostensk\u00fd \u00fa\u0159ad<\/a>\n                                    <\/p>\n                                            <\/div>\n    <\/div>\n<\/article>            <\/div>\n            <\/section>\n\n<h3 class=\"wp-block-heading\" id=\"kontakty\">Contact<\/h3>\n    <section class=\"block block-contacts\" >\n                    <div class=\"contacts\">\n                <article class=\"contact mestsky-urad-ricany\">\n            <div class=\"picture\">\n            <img decoding=\"async\" width=\"200\" height=\"200\" src=\"https:\/\/www.ricany.cz\/wp-content\/smush-webp\/2025\/10\/Aronova-Martina-1-200x200.jpg.webp\" class=\"thumbnail wp-post-image\" alt=\"Aronov\u00e1 Martina Ing.\" title=\"Aronov\u00e1 Martina Ing.\" srcset=\"https:\/\/www.ricany.cz\/wp-content\/smush-webp\/2025\/10\/Aronova-Martina-1-200x200.jpg.webp 200w, https:\/\/www.ricany.cz\/wp-content\/smush-webp\/2025\/10\/Aronova-Martina-1-600x600.jpg.webp 600w, https:\/\/www.ricany.cz\/wp-content\/smush-webp\/2025\/10\/Aronova-Martina-1-400x400.jpg.webp 400w, https:\/\/www.ricany.cz\/wp-content\/smush-webp\/2025\/10\/Aronova-Martina-1-150x150.jpg.webp 150w, https:\/\/www.ricany.cz\/wp-content\/smush-webp\/2025\/10\/Aronova-Martina-1-800x800.jpg.webp 800w, https:\/\/www.ricany.cz\/wp-content\/smush-webp\/2025\/10\/Aronova-Martina-1-363x363.jpg.webp 363w, https:\/\/www.ricany.cz\/wp-content\/smush-webp\/2025\/10\/Aronova-Martina-1-726x726.jpg.webp 726w, https:\/\/www.ricany.cz\/wp-content\/smush-webp\/2025\/10\/Aronova-Martina-1-300x300.jpg.webp 300w, https:\/\/www.ricany.cz\/wp-content\/smush-webp\/2025\/10\/Aronova-Martina-1.jpg.webp 1000w\" sizes=\"(max-width: 200px) 100vw, 200px\" \/>        <\/div>\n        <div class=\"content\">\n        <h4>                Aronov\u00e1 Martina Ing.                <\/h4>                    <div class=\"description\">vedouc\u00ed odboru<\/div>\n                <div class=\"details\">\n                            <a class=\"icon phone\" href=\"tel:+420323618222\" title=\"Phone\" aria-label=\"Phone\">+420&nbsp;323&nbsp;618&nbsp;222<\/a>\n                                        <a class=\"icon mobile\" href=\"tel:+420606779638\" title=\"Mobile\" aria-label=\"Mobile\">+420&nbsp;606 779 638<\/a>\n                                        <a class=\"icon mail\" href=\"mailto:martina.aronova@ricany.cz\" title=\"Email\" aria-label=\"Email\">martina.aronova@ricany.cz<\/a>\n                                        <p class=\"icon office\" title=\"Office number\" aria-label=\"Office number\">F-108<\/p>\n                                                    <p class=\"icon department\">\n                                                <a href=\"https:\/\/www.ricany.cz\/kontakty\/databaze-kontaktu\/?_kontakty_oddeleni=odbor-obecni-zivnostensky-urad\" title=\"Department\" aria-label=\"Department\">Odbor Obecn\u00ed \u017eivnostensk\u00fd \u00fa\u0159ad<\/a>\n                                    <\/p>\n                                            <\/div>\n    <\/div>\n<\/article><article class=\"contact mestsky-urad-ricany\">\n            <div class=\"picture placeholder\">\n            &nbsp;\n        <\/div>\n        <div class=\"content\">\n        <h4>                Star\u00e1 Barbora Ing.                <\/h4>                    <div class=\"description\">registrace podnikatel\u016f<\/div>\n                <div class=\"details\">\n                            <a class=\"icon phone\" href=\"tel:+420323618214\" title=\"Phone\" aria-label=\"Phone\">+420&nbsp;323&nbsp;618&nbsp;214<\/a>\n                                                    <a class=\"icon mail\" href=\"mailto:barbora.stara@ricany.cz\" title=\"Email\" aria-label=\"Email\">barbora.stara@ricany.cz<\/a>\n                                        <p class=\"icon office\" title=\"Office number\" aria-label=\"Office number\">F-104<\/p>\n                                                    <p class=\"icon department\">\n                                                <a href=\"https:\/\/www.ricany.cz\/kontakty\/databaze-kontaktu\/?_kontakty_oddeleni=odbor-obecni-zivnostensky-urad\" title=\"Department\" aria-label=\"Department\">Odbor Obecn\u00ed \u017eivnostensk\u00fd \u00fa\u0159ad<\/a>\n                                    <\/p>\n                                            <\/div>\n    <\/div>\n<\/article><article class=\"contact mestsky-urad-ricany\">\n            <div class=\"picture placeholder\">\n            &nbsp;\n        <\/div>\n        <div class=\"content\">\n        <h4>                Ve\u010de\u0159ov\u00e1 \u0160t\u011bp\u00e1nka                <\/h4>                    <div class=\"description\">registrace podnikatel\u016f<\/div>\n                <div class=\"details\">\n                            <a class=\"icon phone\" href=\"tel:+420323618212\" title=\"Phone\" aria-label=\"Phone\">+420&nbsp;323&nbsp;618&nbsp;212<\/a>\n                                                    <a class=\"icon mail\" href=\"mailto:stepanka.vecerova@ricany.cz\" title=\"Email\" aria-label=\"Email\">stepanka.vecerova@ricany.cz<\/a>\n                                        <p class=\"icon office\" title=\"Office number\" aria-label=\"Office number\">F-101<\/p>\n                                                    <p class=\"icon department\">\n                                                <a href=\"https:\/\/www.ricany.cz\/kontakty\/databaze-kontaktu\/?_kontakty_oddeleni=odbor-obecni-zivnostensky-urad\" title=\"Department\" aria-label=\"Department\">Odbor Obecn\u00ed \u017eivnostensk\u00fd \u00fa\u0159ad<\/a>\n                                    <\/p>\n                                            <\/div>\n    <\/div>\n<\/article><article class=\"contact mestsky-urad-ricany\">\n            <div class=\"picture placeholder\">\n            &nbsp;\n        <\/div>\n        <div class=\"content\">\n        <h4>                Vere\u0161ov\u00e1 Simona                <\/h4>                    <div class=\"description\">registrace podnikatel\u016f<\/div>\n                <div class=\"details\">\n                            <a class=\"icon phone\" href=\"tel:+420323618215\" title=\"Phone\" aria-label=\"Phone\">+420&nbsp;323&nbsp;618&nbsp;215<\/a>\n                                                    <a class=\"icon mail\" href=\"mailto:simona.veresova@ricany.cz\" title=\"Email\" aria-label=\"Email\">simona.veresova@ricany.cz<\/a>\n                                        <p class=\"icon office\" title=\"Office number\" aria-label=\"Office number\">F-101<\/p>\n                                                    <p class=\"icon department\">\n                                                <a href=\"https:\/\/www.ricany.cz\/kontakty\/databaze-kontaktu\/?_kontakty_oddeleni=odbor-obecni-zivnostensky-urad\" title=\"Department\" aria-label=\"Department\">Odbor Obecn\u00ed \u017eivnostensk\u00fd \u00fa\u0159ad<\/a>\n                                    <\/p>\n                                            <\/div>\n    <\/div>\n<\/article>            <\/div>\n            <\/section>\n\n<h2 class=\"wp-block-heading\" id=\"kontakty-kontrola\"><strong><a href=\"https:\/\/www.ricany.cz\/en\/town-hall\/city-office\/departments-and-divisions\/department-of-the-municipal-trade-licensing-office\/control-department\/\" data-type=\"link\" data-id=\"https:\/\/www.ricany.cz\/radnice\/mestsky-urad\/odbory-a-oddeleni\/odbor-obecni-zivnostensky-urad\/oddeleni-kontroly\/\">Control Department<\/a><\/strong><\/h2>\n\n<p><strong>Location:<\/strong> <\/p>\n\n<ul class=\"wp-block-list\">\n<li><a href=\"https:\/\/www.ricany.cz\/kontakty\/#f\" data-type=\"link\" data-id=\"https:\/\/www.ricany.cz\/kontakty\/#f\">Building F, Komensk\u00e9ho n\u00e1m\u011bst\u00ed 1619\/2, \u0158\u00ed\u010dany<\/a><\/li>\n<\/ul>\n    <section class=\"block block-contacts\" >\n                    <div class=\"contacts\">\n                <article class=\"contact mestsky-urad-ricany\">\n            <div class=\"picture placeholder\">\n            &nbsp;\n        <\/div>\n        <div class=\"content\">\n        <h4>                Hlad\u00edkov\u00e1 Jana Bc.                <\/h4>                    <div class=\"description\">referentka odd\u011blen\u00ed kontroly<\/div>\n                <div class=\"details\">\n                            <a class=\"icon phone\" href=\"tel:+420323618216\" title=\"Phone\" aria-label=\"Phone\">+420&nbsp;323&nbsp;618&nbsp;216<\/a>\n                                                    <a class=\"icon mail\" href=\"mailto:jana.hladikova@ricany.cz\" title=\"Email\" aria-label=\"Email\">jana.hladikova@ricany.cz<\/a>\n                                        <p class=\"icon office\" title=\"Office number\" aria-label=\"Office number\">F-104<\/p>\n                                                    <p class=\"icon department\">\n                                                <a href=\"https:\/\/www.ricany.cz\/kontakty\/databaze-kontaktu\/?_kontakty_oddeleni=odbor-obecni-zivnostensky-urad\" title=\"Department\" aria-label=\"Department\">Odbor Obecn\u00ed \u017eivnostensk\u00fd \u00fa\u0159ad<\/a>\n                                                <a href=\"https:\/\/www.ricany.cz\/kontakty\/databaze-kontaktu\/?_kontakty_oddeleni=oddeleni-kontroly-odbor-obecni-zivnostensky-urad\" title=\"Department\" aria-label=\"Department\">Odd\u011blen\u00ed kontroly<\/a>\n                                    <\/p>\n                                            <\/div>\n    <\/div>\n<\/article><article class=\"contact mestsky-urad-ricany\">\n            <div class=\"picture placeholder\">\n            &nbsp;\n        <\/div>\n        <div class=\"content\">\n        <h4>                Netolick\u00e1 Ivana                <\/h4>                    <div class=\"description\">kontrola podnikatel\u016f<\/div>\n                <div class=\"details\">\n                            <a class=\"icon phone\" href=\"tel:+420323618204\" title=\"Phone\" aria-label=\"Phone\">+420&nbsp;323&nbsp;618&nbsp;204<\/a>\n                                                    <a class=\"icon mail\" href=\"mailto:ivana.netolicka@ricany.cz\" title=\"Email\" aria-label=\"Email\">ivana.netolicka@ricany.cz<\/a>\n                                        <p class=\"icon office\" title=\"Office number\" aria-label=\"Office number\">F-111<\/p>\n                                                    <p class=\"icon department\">\n                                                <a href=\"https:\/\/www.ricany.cz\/kontakty\/databaze-kontaktu\/?_kontakty_oddeleni=odbor-obecni-zivnostensky-urad\" title=\"Department\" aria-label=\"Department\">Odbor Obecn\u00ed \u017eivnostensk\u00fd \u00fa\u0159ad<\/a>\n                                                <a href=\"https:\/\/www.ricany.cz\/kontakty\/databaze-kontaktu\/?_kontakty_oddeleni=oddeleni-kontroly-odbor-obecni-zivnostensky-urad\" title=\"Department\" aria-label=\"Department\">Odd\u011blen\u00ed kontroly<\/a>\n                                    <\/p>\n                                            <\/div>\n    <\/div>\n<\/article><article class=\"contact mestsky-urad-ricany\">\n            <div class=\"picture\">\n            <img decoding=\"async\" width=\"200\" height=\"200\" src=\"https:\/\/www.ricany.cz\/wp-content\/smush-webp\/2025\/10\/Sadilkova-Zdenka-1-200x200.jpg.webp\" class=\"thumbnail wp-post-image\" alt=\"Sad\u00edlkov\u00e1 Zde\u0148ka Bc.\" title=\"Sad\u00edlkov\u00e1 Zde\u0148ka Bc.\" srcset=\"https:\/\/www.ricany.cz\/wp-content\/smush-webp\/2025\/10\/Sadilkova-Zdenka-1-200x200.jpg.webp 200w, https:\/\/www.ricany.cz\/wp-content\/smush-webp\/2025\/10\/Sadilkova-Zdenka-1-600x600.jpg.webp 600w, https:\/\/www.ricany.cz\/wp-content\/smush-webp\/2025\/10\/Sadilkova-Zdenka-1-400x400.jpg.webp 400w, https:\/\/www.ricany.cz\/wp-content\/smush-webp\/2025\/10\/Sadilkova-Zdenka-1-150x150.jpg.webp 150w, https:\/\/www.ricany.cz\/wp-content\/smush-webp\/2025\/10\/Sadilkova-Zdenka-1-800x800.jpg.webp 800w, https:\/\/www.ricany.cz\/wp-content\/smush-webp\/2025\/10\/Sadilkova-Zdenka-1-363x363.jpg.webp 363w, https:\/\/www.ricany.cz\/wp-content\/smush-webp\/2025\/10\/Sadilkova-Zdenka-1-726x726.jpg.webp 726w, https:\/\/www.ricany.cz\/wp-content\/smush-webp\/2025\/10\/Sadilkova-Zdenka-1-300x300.jpg.webp 300w, https:\/\/www.ricany.cz\/wp-content\/smush-webp\/2025\/10\/Sadilkova-Zdenka-1.jpg.webp 1000w\" sizes=\"(max-width: 200px) 100vw, 200px\" \/>        <\/div>\n        <div class=\"content\">\n        <h4>                Sad\u00edlkov\u00e1 Zde\u0148ka Bc.                <\/h4>                    <div class=\"description\">vedouc\u00ed odd\u011blen\u00ed kontroly<\/div>\n                <div class=\"details\">\n                            <a class=\"icon phone\" href=\"tel:+420323618246\" title=\"Phone\" aria-label=\"Phone\">+420&nbsp;323&nbsp;618&nbsp;246<\/a>\n                                        <a class=\"icon mobile\" href=\"tel:+420607215424\" title=\"Mobile\" aria-label=\"Mobile\">+420&nbsp;607 215 424<\/a>\n                                        <a class=\"icon mail\" href=\"mailto:zdenka.sadilkova@ricany.cz\" title=\"Email\" aria-label=\"Email\">zdenka.sadilkova@ricany.cz<\/a>\n                                        <p class=\"icon office\" title=\"Office number\" aria-label=\"Office number\">F-110<\/p>\n                                                    <p class=\"icon department\">\n                                                <a href=\"https:\/\/www.ricany.cz\/kontakty\/databaze-kontaktu\/?_kontakty_oddeleni=odbor-obecni-zivnostensky-urad\" title=\"Department\" aria-label=\"Department\">Odbor Obecn\u00ed \u017eivnostensk\u00fd \u00fa\u0159ad<\/a>\n                                                <a href=\"https:\/\/www.ricany.cz\/kontakty\/databaze-kontaktu\/?_kontakty_oddeleni=oddeleni-kontroly-odbor-obecni-zivnostensky-urad\" title=\"Department\" aria-label=\"Department\">Odd\u011blen\u00ed kontroly<\/a>\n                                    <\/p>\n                                            <\/div>\n    <\/div>\n<\/article><article class=\"contact mestsky-urad-ricany\">\n            <div class=\"picture placeholder\">\n            &nbsp;\n        <\/div>\n        <div class=\"content\">\n        <h4>                Zikov\u00e1 Petra                <\/h4>                    <div class=\"description\">kontrola podnikatel\u016f<\/div>\n                <div class=\"details\">\n                            <a class=\"icon phone\" href=\"tel:+420323618205\" title=\"Phone\" aria-label=\"Phone\">+420&nbsp;323&nbsp;618&nbsp;205<\/a>\n                                                    <a class=\"icon mail\" href=\"mailto:petra.zikova@ricany.cz\" title=\"Email\" aria-label=\"Email\">petra.zikova@ricany.cz<\/a>\n                                        <p class=\"icon office\" title=\"Office number\" aria-label=\"Office number\">F-111<\/p>\n                                                    <p class=\"icon department\">\n                                                <a href=\"https:\/\/www.ricany.cz\/kontakty\/databaze-kontaktu\/?_kontakty_oddeleni=odbor-obecni-zivnostensky-urad\" title=\"Department\" aria-label=\"Department\">Odbor Obecn\u00ed \u017eivnostensk\u00fd \u00fa\u0159ad<\/a>\n                                                <a href=\"https:\/\/www.ricany.cz\/kontakty\/databaze-kontaktu\/?_kontakty_oddeleni=oddeleni-kontroly-odbor-obecni-zivnostensky-urad\" title=\"Department\" aria-label=\"Department\">Odd\u011blen\u00ed kontroly<\/a>\n                                    <\/p>\n                                            <\/div>\n    <\/div>\n<\/article>            <\/div>\n            <\/section>\n","protected":false},"excerpt":{"rendered":"<p>Location: Office hours official day Morning Afternoon Monday 7.00-12.00 12.30-18.00 Tuesday 7.00-12.00 (priority for booked) \u2014 Wednesday 7.00-12.00 12.30-18.00 Thursday&#8230;<\/p>\n","protected":false},"author":1,"featured_media":0,"parent":84628,"menu_order":746,"comment_status":"closed","ping_status":"closed","template":"","meta":{"_acf_changed":false,"_relevanssi_hide_post":"","_relevanssi_hide_content":"","_relevanssi_pin_for_all":"","_relevanssi_pin_keywords":"","_relevanssi_unpin_keywords":"","_relevanssi_related_keywords":"","_relevanssi_related_include_ids":"","_relevanssi_related_exclude_ids":"","_relevanssi_related_no_append":"","_relevanssi_related_not_related":"","_relevanssi_related_posts":"","_relevanssi_noindex_reason":"","inline_featured_image":false,"footnotes":""},"class_list":["post-84635","page","type-page","status-publish","hentry"],"acf":[],"_links":{"self":[{"href":"https:\/\/www.ricany.cz\/en\/wp-json\/wp\/v2\/pages\/84635","targetHints":{"allow":["GET"]}}],"collection":[{"href":"https:\/\/www.ricany.cz\/en\/wp-json\/wp\/v2\/pages"}],"about":[{"href":"https:\/\/www.ricany.cz\/en\/wp-json\/wp\/v2\/types\/page"}],"author":[{"embeddable":true,"href":"https:\/\/www.ricany.cz\/en\/wp-json\/wp\/v2\/users\/1"}],"replies":[{"embeddable":true,"href":"https:\/\/www.ricany.cz\/en\/wp-json\/wp\/v2\/comments?post=84635"}],"version-history":[{"count":5,"href":"https:\/\/www.ricany.cz\/en\/wp-json\/wp\/v2\/pages\/84635\/revisions"}],"predecessor-version":[{"id":105629,"href":"https:\/\/www.ricany.cz\/en\/wp-json\/wp\/v2\/pages\/84635\/revisions\/105629"}],"up":[{"embeddable":true,"href":"https:\/\/www.ricany.cz\/en\/wp-json\/wp\/v2\/pages\/84628"}],"wp:attachment":[{"href":"https:\/\/www.ricany.cz\/en\/wp-json\/wp\/v2\/media?parent=84635"}],"curies":[{"name":"wp","href":"https:\/\/api.w.org\/{rel}","templated":true}]}}