{"id":84508,"date":"2024-01-19T10:26:16","date_gmt":"2024-01-19T09:26:16","guid":{"rendered":"https:\/\/www.ricany.cz\/culture-and-leisure\/zus-ricany\/"},"modified":"2024-04-26T13:14:52","modified_gmt":"2024-04-26T11:14:52","slug":"zus-ricany","status":"publish","type":"page","link":"https:\/\/www.ricany.cz\/en\/culture-and-leisure\/zus-ricany\/","title":{"rendered":"ZU\u0160 \u0158\u00ed\u010dany"},"content":{"rendered":"\n<h1 class=\"wp-block-heading\">ZU\u0160 \u0158\u00ed\u010dany<\/h1>\n<div class=\"wp-block-image\">\n<figure class=\"alignright size-large\"><img decoding=\"async\" width=\"1200\" height=\"800\" src=\"https:\/\/www.ricany.cz\/wp-content\/smush-webp\/2024\/01\/Budova-do-hlavicky-1-1200x800.jpg.webp\" alt=\"\" class=\"wp-image-80957\" srcset=\"https:\/\/www.ricany.cz\/wp-content\/smush-webp\/2024\/01\/Budova-do-hlavicky-1-1200x800.jpg.webp 1200w, https:\/\/www.ricany.cz\/wp-content\/smush-webp\/2024\/01\/Budova-do-hlavicky-1-600x400.jpg.webp 600w, https:\/\/www.ricany.cz\/wp-content\/smush-webp\/2024\/01\/Budova-do-hlavicky-1-472x315.jpg.webp 472w, https:\/\/www.ricany.cz\/wp-content\/smush-webp\/2024\/01\/Budova-do-hlavicky-1-944x629.jpg.webp 944w, https:\/\/www.ricany.cz\/wp-content\/smush-webp\/2024\/01\/Budova-do-hlavicky-1-300x200.jpg.webp 300w\" sizes=\"(max-width: 1200px) 100vw, 1200px\" \/><\/figure>\n<\/div>\n<h3 class=\"wp-block-heading\">The Elementary Art School in \u0158\u00ed\u010dany is an important cultural and educational institution for children and young people in \u0158\u00ed\u010dany with a tradition of more than 70 years.<\/h3>\n\n<p>The ZU\u0160 was founded in \u0158\u00ed\u010dany in <strong>1953<\/strong>. It is a contributory organization with the status of a legal entity since 1998, the founder is the Town of \u0158\u00ed\u010dany. The school has a capacity of <strong>830 pupils<\/strong> and <strong>60 qualified teachers.<\/strong><\/p>\n\n<p>Currently, our school is fully departmentalized, meaning that we offer instruction in all four disciplines &#8211; music, art, dance and literature and drama. We organize preparatory studies, basic studies I. and II. degree, study with extended hours and, exceptionally, adult study. So a really dedicated student can study in our school for up to 17 years.<\/p>\n\n<p><em>After graduation, our graduates achieve the basics of artistic education in individual artistic disciplines, which is an important preparation for their further studies at conservatories, secondary or higher schools with pedagogical focus and schools with a humanities focus.<\/em> <em>That is why we also work very closely with distinguished musicians, artists, choreographers and acting stars who form an integral part of our teaching.<\/em><\/p>\n\n<p><em>ZU\u0160 \u0158\u00ed\u010dany has no specific focus. Our goal is to provide the broadest possible education<\/em> <em>in the arts and the widest possible educational offer so that our pupils<\/em> <em>could find their space for artistic expression. We also place emphasis on general knowledge<\/em> <em>music theory, music history, visual, dance and literary-dramatic arts.<\/em> <em>Our goal is not to educate professional artists. Our graduate should be an artistically informed person who understands the importance of culture and is aware of the importance of art in the life of society, supports it and participates actively or passively in it.<\/em><\/p>\n\n<p><em>We strive to make learning at our school inspiring, fun and intergenerational. Former graduates of our school bring their children to the ZU\u0160 \u0158\u00ed\u010dany.<\/em><\/p>\n\n<p>You can find the elementary art school in \u0158\u00ed\u010dany very quickly on the picturesque Masaryk Square. All day long, from morning to evening, the square is filled with the sounds of various musical instruments and the school building is always bustling with activity. In the mornings, our seniors who attend classes  <strong>Art Academy III. age<\/strong>. After lunch, our youngest musicians, who come to lessons from all the elementary schools in \u0158\u00ed\u010dany, perform and in the late evening you can hear the ensembles and orchestras of the school, which have their regular rehearsals, playing from the hall at the Old Town Hall. In addition to the main building, you will also find us in 1. Primary school on Masaryk Square. The art, dance and literature and drama department is located next to the primary school in Pod \u0161kolou Street, where we have a studio and a dance studio. You can&#8217;t miss us &#8211; art education has completely taken over the square in \u0158\u00ed\u010dany.  <\/p>\n\n<p>And that&#8217;s not all, we create art not only in \u0158\u00ed\u010dany, but also in the surrounding area. You can also find our lessons at our branches in Stran\u010dice, Mnichovice or Muka\u0159ov.<\/p>\n\n<h2 class=\"wp-block-heading\">Music Branch<\/h2>\n\n<p>In the music department we offer lessons on all instruments except accordion, melodic percussion and dulcimer. The study includes, of course, theoretical training, musicology and music history. Learning chamber music and playing in ensembles and orchestras is a matter of course. We do not forget about attending concerts and cultural events.<\/p>\n\n<h2 class=\"wp-block-heading\">Fine Arts<\/h2>\n\n<p>In the art field, we emphasize not only the practical part of teaching &#8211; painting, drawing, working with pencil, charcoal or red, ink, dry and greasy pastel, or tempera and oil paints, but also more complex art techniques, such as graphics. Pupils are encouraged to consciously use the basic expressive means of surface design and spatial design to represent their ideas. Our pupils have an overview of the most important art monuments in the area and are regular visitors to exhibitions and galleries. They create spatial objects, they can create an installation and consciously use and understand the basic means of expression of visual art.<\/p>\n\n<h2 class=\"wp-block-heading\">Literary and Dramatic Branch<\/h2>\n\n<p>Teaching in the literary-dramatic field offers children experience in the use of the means and techniques of the dramatic arts. Its aim is not only aesthetic cultivation and the acquisition of theatre skills, but also the development of personality and social competences. The curriculum includes drama and verbal arts, recitation and movement. A very popular activity is the work of children in an ensemble. There is also work with literature, literary creation and work with text. The course also includes visits to theatres, workshops and other cultural activities.<\/p>\n\n<h2 class=\"wp-block-heading\">Dance branch<\/h2>\n\n<p>In the dance department we offer two specializations &#8211; stage dance and classical dance (ballet). Our young dancers gain movement discipline, endurance and willpower, and learn to work in a group where they establish and deepen their relationships with each other. They learn to work with an imaginary picture, to react to the music and its moods with movement. Students are encouraged to improvise dances based on the skills they have learned and participate in the creation of choreographies.<\/p>\n\n<p>Come on in. We look forward to seeing you!  <\/p>\n\n<p>For more information about ZU\u0160 \u0158\u00ed\u010dany, please visit <a href=\"http:\/\/www.zusricany.cz\">www.zusricany.cz<\/a><\/p>\n\n<p><\/p>\n<section class=\"block block-gallery\" >\n            <div class=\"gallery\">\n            <div id=\"ajax-load-more\" class=\"ajax-load-more-wrap default\" data-id=\"gallery\" data-alm-id=\"\" data-canonical-url=\"https:\/\/www.ricany.cz\/en\/gallery\/zus-2\/\" data-slug=\"zus-2\" data-post-id=\"80961\"  data-localized=\"ajax_load_more_gallery_vars\" data-alm-object=\"ajax_load_more_gallery\"><div aria-live=\"polite\" aria-atomic=\"true\" class=\"alm-listing alm-ajax\" data-acf=\"true\" data-acf-field-type=\"gallery\" data-acf-field-name=\"galerie\" data-acf-post-id=\"80961\" data-preloaded=\"true\" data-preloaded-amount=\"12\" data-container-type=\"div\" data-loading-style=\"default\" data-theme-repeater=\"gallery.php\" data-post-type=\"post\" data-order=\"DESC\" data-orderby=\"date\" data-offset=\"0\" data-posts-per-page=\"12\" data-lang=\"en\" data-scroll=\"false\" data-pause=\"true\" data-button-label=\"Show 12 more photos\" data-button-done-label=\"All photos loaded\" data-prev-button-label=\"Load Previous\" data-images-loaded=\"true\" data-lazy-images=\"true\"><li class=\"alm-item no-img\">\n      <h3><a href=\"https:\/\/www.ricany.cz\/en\/gallery\/zus-2\/\">ZU\u0160 2<\/a><\/h3>\n   <p class=\"entry-meta\">\n       January 19, 2024   <\/p>\n   <\/li>\n<li class=\"alm-item no-img\">\n      <h3><a href=\"https:\/\/www.ricany.cz\/en\/gallery\/zus-2\/\">ZU\u0160 2<\/a><\/h3>\n   <p class=\"entry-meta\">\n       January 19, 2024   <\/p>\n   <\/li>\n<li class=\"alm-item no-img\">\n      <h3><a href=\"https:\/\/www.ricany.cz\/en\/gallery\/zus-2\/\">ZU\u0160 2<\/a><\/h3>\n   <p class=\"entry-meta\">\n       January 19, 2024   <\/p>\n   <\/li>\n<li class=\"alm-item no-img\">\n      <h3><a href=\"https:\/\/www.ricany.cz\/en\/gallery\/zus-2\/\">ZU\u0160 2<\/a><\/h3>\n   <p class=\"entry-meta\">\n       January 19, 2024   <\/p>\n   <\/li>\n<li class=\"alm-item no-img\">\n      <h3><a href=\"https:\/\/www.ricany.cz\/en\/gallery\/zus-2\/\">ZU\u0160 2<\/a><\/h3>\n   <p class=\"entry-meta\">\n       January 19, 2024   <\/p>\n   <\/li>\n<li class=\"alm-item no-img\">\n      <h3><a href=\"https:\/\/www.ricany.cz\/en\/gallery\/zus-2\/\">ZU\u0160 2<\/a><\/h3>\n   <p class=\"entry-meta\">\n       January 19, 2024   <\/p>\n   <\/li>\n<li class=\"alm-item no-img\">\n      <h3><a href=\"https:\/\/www.ricany.cz\/en\/gallery\/zus-2\/\">ZU\u0160 2<\/a><\/h3>\n   <p class=\"entry-meta\">\n       January 19, 2024   <\/p>\n   <\/li>\n<li class=\"alm-item no-img\">\n      <h3><a href=\"https:\/\/www.ricany.cz\/en\/gallery\/zus-2\/\">ZU\u0160 2<\/a><\/h3>\n   <p class=\"entry-meta\">\n       January 19, 2024   <\/p>\n   <\/li>\n<li class=\"alm-item no-img\">\n      <h3><a href=\"https:\/\/www.ricany.cz\/en\/gallery\/zus-2\/\">ZU\u0160 2<\/a><\/h3>\n   <p class=\"entry-meta\">\n       January 19, 2024   <\/p>\n   <\/li>\n<li class=\"alm-item no-img\">\n      <h3><a href=\"https:\/\/www.ricany.cz\/en\/gallery\/zus-2\/\">ZU\u0160 2<\/a><\/h3>\n   <p class=\"entry-meta\">\n       January 19, 2024   <\/p>\n   <\/li>\n<li class=\"alm-item no-img\">\n      <h3><a href=\"https:\/\/www.ricany.cz\/en\/gallery\/zus-2\/\">ZU\u0160 2<\/a><\/h3>\n   <p class=\"entry-meta\">\n       January 19, 2024   <\/p>\n   <\/li>\n<li class=\"alm-item no-img\">\n      <h3><a href=\"https:\/\/www.ricany.cz\/en\/gallery\/zus-2\/\">ZU\u0160 2<\/a><\/h3>\n   <p class=\"entry-meta\">\n       January 19, 2024   <\/p>\n   <\/li>\n<\/div><div class=\"alm-btn-wrap\" data-rel=\"ajax-load-more\"><button class=\"alm-load-more-btn \" type=\"button\">Show 12 more photos<\/button><\/div><\/div>        <\/div>\n    <\/section><section class=\"block block-gallery\" >\n    <\/section>","protected":false},"excerpt":{"rendered":"<p>ZU\u0160 \u0158\u00ed\u010dany The Elementary Art School in \u0158\u00ed\u010dany is an important cultural and educational institution for children and young people&#8230;<\/p>\n","protected":false},"author":3,"featured_media":0,"parent":84457,"menu_order":564,"comment_status":"closed","ping_status":"closed","template":"","meta":{"_acf_changed":false,"_relevanssi_hide_post":"","_relevanssi_hide_content":"","_relevanssi_pin_for_all":"","_relevanssi_pin_keywords":"","_relevanssi_unpin_keywords":"","_relevanssi_related_keywords":"","_relevanssi_related_include_ids":"","_relevanssi_related_exclude_ids":"","_relevanssi_related_no_append":"","_relevanssi_related_not_related":"","_relevanssi_related_posts":"","_relevanssi_noindex_reason":"","inline_featured_image":false,"footnotes":""},"class_list":["post-84508","page","type-page","status-publish","hentry"],"acf":[],"_links":{"self":[{"href":"https:\/\/www.ricany.cz\/en\/wp-json\/wp\/v2\/pages\/84508","targetHints":{"allow":["GET"]}}],"collection":[{"href":"https:\/\/www.ricany.cz\/en\/wp-json\/wp\/v2\/pages"}],"about":[{"href":"https:\/\/www.ricany.cz\/en\/wp-json\/wp\/v2\/types\/page"}],"author":[{"embeddable":true,"href":"https:\/\/www.ricany.cz\/en\/wp-json\/wp\/v2\/users\/3"}],"replies":[{"embeddable":true,"href":"https:\/\/www.ricany.cz\/en\/wp-json\/wp\/v2\/comments?post=84508"}],"version-history":[{"count":2,"href":"https:\/\/www.ricany.cz\/en\/wp-json\/wp\/v2\/pages\/84508\/revisions"}],"predecessor-version":[{"id":84512,"href":"https:\/\/www.ricany.cz\/en\/wp-json\/wp\/v2\/pages\/84508\/revisions\/84512"}],"up":[{"embeddable":true,"href":"https:\/\/www.ricany.cz\/en\/wp-json\/wp\/v2\/pages\/84457"}],"wp:attachment":[{"href":"https:\/\/www.ricany.cz\/en\/wp-json\/wp\/v2\/media?parent=84508"}],"curies":[{"name":"wp","href":"https:\/\/api.w.org\/{rel}","templated":true}]}}