{"id":105421,"date":"2023-10-25T09:10:01","date_gmt":"2023-10-25T07:10:01","guid":{"rendered":"https:\/\/www.ricany.cz\/kultur-und-freizeit\/freizeitgestaltung-von-kindern-und-jugendlichen\/"},"modified":"2025-02-06T13:26:15","modified_gmt":"2025-02-06T12:26:15","slug":"freizeitgestaltung-von-kindern-und-jugendlichen","status":"publish","type":"page","link":"https:\/\/www.ricany.cz\/de\/kultur-und-freizeit\/freizeitgestaltung-von-kindern-und-jugendlichen\/","title":{"rendered":"Freizeitgestaltung von Kindern und Jugendlichen"},"content":{"rendered":"\n<p><br\/>F<a href=\"https:\/\/docs.google.com\/forms\/d\/e\/1FAIpQLScuPrjDgswqWlFrrU1orzmJm_G0X8R2oZ4kRsbI6KbUZzhs2w\/viewform?usp=sf_link\">ormular <\/a>zum Eintragen der Leistungen der Vertreter von \u0158\u00ed\u010dany Die Annahme von Vorschl\u00e4gen f\u00fcr Auszeichnungen beginnt im September. Die Organisationen k\u00f6nnen die Leistungen ihrer Mitglieder laufend eintragen, wenn diese Wettbewerbe gewinnen. <\/p>\n\n<p>\u0158\u00ed\u010dalle Organisationen, die sich der Freizeitgestaltung von Kindern und Jugendlichen widmen.<\/p>\n\n<figure class=\"wp-block-table\"><table><thead><tr><th>Name der Organisation<\/th><th class=\"has-text-align-left\" data-align=\"left\">Schwerpunkt<\/th><\/tr><\/thead><tbody><tr><td><a href=\"http:\/\/aikidoricany.cz\/\" target=\"_blank\" rel=\"noreferrer noopener\">Aikido Kenkyukai \u0158\u00ed\u010dany<\/a><\/td><td class=\"has-text-align-left\" data-align=\"left\">Studio der \u00f6stlichen K\u00fcnste<\/td><\/tr><tr><td><a href=\"https:\/\/www.facebook.com\/apdtricany\/?locale=cs_CZ\" target=\"_blank\" rel=\"noreferrer noopener\">Ameisenparkour T\u00f6dliches Team \u0158\u00ed\u010dany<\/a><\/td><td class=\"has-text-align-left\" data-align=\"left\">Freerun-Parkour<\/td><\/tr><tr><td><a href=\"http:\/\/www.badmintonweb.cz\/badminton_v_ricanech_prijdte_se_podivat_na_exhibici.htm\">Badminton \u0158\u00ed\u010dany<\/a><\/td><td class=\"has-text-align-left\" data-align=\"left\">Badmintonverein<\/td><\/tr><tr><td><a href=\"https:\/\/www.cestaintegrace.cz\/\" target=\"_blank\" rel=\"noreferrer noopener\">Weg der Integration o.s.<\/a><\/td><td class=\"has-text-align-left\" data-align=\"left\">eine B\u00fcrgervereinigung, die Projekte f\u00fcr Jugendliche vorbereitet und Teil des niedrigschwelligen Zentrums Klub Cesta ist<\/td><\/tr><tr><td><a href=\"http:\/\/www.obricany.cz\/\">Abteilung Orientierungslauf f\u00fcr Kinder<\/a><\/td><td class=\"has-text-align-left\" data-align=\"left\">Abteilung Orientierungslauf<\/td><\/tr><tr><td><a href=\"\/\/www.florbaldraci.cz\/\" target=\"_blank\" rel=\"noreferrer noopener\">FBC \u0158\u00ed\u010dany<\/a><\/td><td class=\"has-text-align-left\" data-align=\"left\">Unihockey-Club<\/td><\/tr><tr><td>Fight Club \u0158\u00ed\u010dany<\/td><td class=\"has-text-align-left\" data-align=\"left\">Gemischte Kampfsportarten (MMA)<\/td><\/tr><tr><td><a href=\"http:\/\/fkradosovice.cz\/\">FK Rado\u0161ovice<\/a><\/td><td class=\"has-text-align-left\" data-align=\"left\">Fu\u00dfballverein<\/td><\/tr><tr><td><a href=\"htthttps:\/\/www.fkricany.online\/\">FK \u0158\u00ed\u010dany<\/a><\/td><td class=\"has-text-align-left\" data-align=\"left\">Fu\u00dfballverein<\/td><\/tr><tr><td><a href=\"http:\/\/www.fuego.cz\/\" target=\"_blank\" rel=\"noreferrer noopener\">Fuego \u0158\u00ed\u010dany o.s.<\/a><\/td><td class=\"has-text-align-left\" data-align=\"left\">Tanzclub<\/td><\/tr><tr><td><a href=\"http:\/\/www.skaut-ricany.cz\/\" target=\"_blank\" rel=\"noreferrer noopener\">JUN\u00c1K &#8211; Bund der Pfadfinder und Pfadfinderinnen der Tschechischen Republik, Zentrum L\u00edpa \u0158\u00ed\u010dany<\/a><\/td><td class=\"has-text-align-left\" data-align=\"left\">Pfadfinderzentrum<\/td><\/tr><tr><td><a href=\"http:\/\/www.sachyricany.cz\/\" target=\"_blank\" rel=\"noreferrer noopener\">Schachklub \u0158\u00ed\u010dany 1925<\/a><\/td><td class=\"has-text-align-left\" data-align=\"left\">Schachabteilung<\/td><\/tr><tr><td><a href=\"http:\/\/www.langfor.cz\/\" target=\"_blank\" rel=\"noreferrer noopener\">LANGFOR<\/a><\/td><td class=\"has-text-align-left\" data-align=\"left\">Sprachschule<\/td><\/tr><tr><td><a href=\"http:\/\/www.ricany.cz\/org\/bobri\/\" target=\"_blank\" rel=\"noreferrer noopener\">Waldweisheitsliga &#8211; Stamm der Biber<\/a><\/td><td class=\"has-text-align-left\" data-align=\"left\">Kindertruppe, inspiriert durch das Leben der nordamerikanischen Indianer<\/td><\/tr><tr><td><a href=\"http:\/\/www.mraveniste.info\/\" target=\"_blank\" rel=\"noreferrer noopener\">Die Ameisenfarm<\/a><\/td><td class=\"has-text-align-left\" data-align=\"left\">Freizeitzentrum und Entbindungsstation<\/td><\/tr><tr><td><a href=\"https:\/\/muzeumricany.cz\/\" target=\"_blank\" rel=\"noreferrer noopener\">\u0158\u00ed\u010dany Museum<\/a> und <a href=\"http:\/\/www.ekoricany.org\/\" target=\"_blank\" rel=\"noreferrer noopener\">\u00d6ko-Zentrum<\/a><\/td><td class=\"has-text-align-left\" data-align=\"left\">das Stadtmuseum und die Basisorganisation ZO \u010cSOP<\/td><\/tr><tr><td><a href=\"http:\/\/www.malymuzikant.cz\/\">Kleiner Musiker<\/a><\/td><td class=\"has-text-align-left\" data-align=\"left\">Musikschule f\u00fcr Kinder in Fit Lady<\/td><\/tr><tr><td><a href=\"http:\/\/www.nafialce.cz\/\" target=\"_blank\" rel=\"noreferrer noopener\">\u00dcber Fialka<\/a><\/td><td class=\"has-text-align-left\" data-align=\"left\">Freizeitzentrum<\/td><\/tr><tr><td><a href=\"http:\/\/www.peveckysbor.cz\/\" target=\"_blank\" rel=\"noreferrer noopener\">Chor von Eli\u0161ka Erlichov\u00e1<\/a><\/td><td class=\"has-text-align-left\" data-align=\"left\">Chor<\/td><\/tr><tr><td><a href=\"http:\/\/www.profienglish.cz\/\" target=\"_blank\" rel=\"noreferrer noopener\">Profi-Englisch<\/a><\/td><td class=\"has-text-align-left\" data-align=\"left\">Sprachschule<\/td><\/tr><tr><td><a href=\"https:\/\/www.rugbyricany.cz\/\" target=\"_blank\" rel=\"noreferrer noopener\">RC Mountfield \u0158\u00ed\u010dany<\/a><\/td><td class=\"has-text-align-left\" data-align=\"left\">Rugby-Verein<\/td><\/tr><tr><td><a href=\"https:\/\/sdhricany.cz\/\">Freiwillige Feuerwehr<\/a><\/td><td class=\"has-text-align-left\" data-align=\"left\">L\u00f6schzug<\/td><\/tr><tr><td><a href=\"http:\/\/www.kamiwaza.cz\/\" target=\"_blank\" rel=\"noreferrer noopener\">SK KAMIWAZA Karate<\/a><\/td><td class=\"has-text-align-left\" data-align=\"left\">Karateverein<\/td><\/tr><tr><td><a href=\"http:\/\/www.skslunecko.cz\/\" target=\"_blank\" rel=\"noreferrer noopener\">SK Sonnenschein<\/a>   <\/td><td class=\"has-text-align-left\" data-align=\"left\">Sportverein (Basketball, Inline-Skating, usw.)<\/td><\/tr><tr><td><a href=\"http:\/\/www.voderadky.com\/\">Sport- und Sozialverein Vod\u011br\u00e1dky<\/a><\/td><td class=\"has-text-align-left\" data-align=\"left\">Organisation von Veranstaltungen f\u00fcr Kinder und Erwachsene<\/td><\/tr><tr><td><a href=\"http:\/\/www.machota-sport.cz\/\" target=\"_blank\" rel=\"noreferrer noopener\">Taekwon-Do Kwang Gae<\/a><\/td><td class=\"has-text-align-left\" data-align=\"left\">Taekwon-Do-Schule<\/td><\/tr><tr><td><a href=\"\/\/www.teamgj.cz\/\" target=\"_blank\" rel=\"noreferrer noopener\">Team GJ<\/a><\/td><td class=\"has-text-align-left\" data-align=\"left\">Tanzschule<\/td><\/tr><tr><td><a href=\"http:\/\/www.sokolricany.cz\/\" target=\"_blank\" rel=\"noreferrer noopener\">T.J. Sokol \u0158\u00ed\u010dany und Rado\u0161ovice<\/a><\/td><td class=\"has-text-align-left\" data-align=\"left\">turnerische Einheit<\/td><\/tr><tr><td>TJ Tourist<\/td><td class=\"has-text-align-left\" data-align=\"left\">Sportvereinigung (Tischtennis, Volleyball, Basketball, Skifahren und Gymnastik)<\/td><\/tr><tr><td><a href=\"http:\/\/www.tenis-rado.cz\/\" target=\"_blank\" rel=\"noreferrer noopener\">TK Rado\u0161ovice<\/a><\/td><td class=\"has-text-align-left\" data-align=\"left\">Tennisclub<\/td><\/tr><tr><td><a href=\"http:\/\/www.danceeb.cz\/\" target=\"_blank\" rel=\"noreferrer noopener\">TS Tanz EB<\/a><\/td><td class=\"has-text-align-left\" data-align=\"left\">Tanzstudio<\/td><\/tr><tr><td><a href=\"http:\/\/www.tstwist.cz\/\" target=\"_blank\" rel=\"noreferrer noopener\">TS-Twist<\/a><\/td><td class=\"has-text-align-left\" data-align=\"left\">Tanzschule (insbesondere mit Schwerpunkt Rock&#8217;n&#8217;Roll)<\/td><\/tr><tr><td><a href=\"http:\/\/www.vesmir-ricany.cz\/\" target=\"_blank\" rel=\"noreferrer noopener\">Universum o.s.<\/a><\/td><td class=\"has-text-align-left\" data-align=\"left\">Kinderorganisation der tschechischen Lagerunion<\/td><\/tr><tr><td><a href=\"https:\/\/cechy.zusfolklorika.cz\/\">ZU\u0160 Folklorika \u010cechy, s.r.o.<\/a><\/td><td class=\"has-text-align-left\" data-align=\"left\">eine private Kunstgrundschule, die Kindern im Alter von 5 bis 18 Jahren eine k\u00fcnstlerische Ausbildung in den Bereichen Tanz, Musik, Kunst und literarisches Theater bietet<\/td><\/tr><\/tbody><\/table><\/figure>\n","protected":false},"excerpt":{"rendered":"<p>Formular zum Eintragen der Leistungen der Vertreter von \u0158\u00ed\u010dany Die Annahme von Vorschl\u00e4gen f\u00fcr Auszeichnungen beginnt im September. Die Organisationen&#8230;<\/p>\n","protected":false},"author":1,"featured_media":0,"parent":105343,"menu_order":579,"comment_status":"closed","ping_status":"closed","template":"","meta":{"_acf_changed":false,"_relevanssi_hide_post":"","_relevanssi_hide_content":"","_relevanssi_pin_for_all":"","_relevanssi_pin_keywords":"","_relevanssi_unpin_keywords":"","_relevanssi_related_keywords":"","_relevanssi_related_include_ids":"","_relevanssi_related_exclude_ids":"","_relevanssi_related_no_append":"","_relevanssi_related_not_related":"","_relevanssi_related_posts":"","_relevanssi_noindex_reason":"","inline_featured_image":false,"footnotes":""},"class_list":["post-105421","page","type-page","status-publish","hentry"],"acf":[],"_links":{"self":[{"href":"https:\/\/www.ricany.cz\/de\/wp-json\/wp\/v2\/pages\/105421","targetHints":{"allow":["GET"]}}],"collection":[{"href":"https:\/\/www.ricany.cz\/de\/wp-json\/wp\/v2\/pages"}],"about":[{"href":"https:\/\/www.ricany.cz\/de\/wp-json\/wp\/v2\/types\/page"}],"author":[{"embeddable":true,"href":"https:\/\/www.ricany.cz\/de\/wp-json\/wp\/v2\/users\/1"}],"replies":[{"embeddable":true,"href":"https:\/\/www.ricany.cz\/de\/wp-json\/wp\/v2\/comments?post=105421"}],"version-history":[{"count":1,"href":"https:\/\/www.ricany.cz\/de\/wp-json\/wp\/v2\/pages\/105421\/revisions"}],"predecessor-version":[{"id":105422,"href":"https:\/\/www.ricany.cz\/de\/wp-json\/wp\/v2\/pages\/105421\/revisions\/105422"}],"up":[{"embeddable":true,"href":"https:\/\/www.ricany.cz\/de\/wp-json\/wp\/v2\/pages\/105343"}],"wp:attachment":[{"href":"https:\/\/www.ricany.cz\/de\/wp-json\/wp\/v2\/media?parent=105421"}],"curies":[{"name":"wp","href":"https:\/\/api.w.org\/{rel}","templated":true}]}}