{"id":105415,"date":"2023-10-27T09:49:57","date_gmt":"2023-10-27T07:49:57","guid":{"rendered":"https:\/\/www.ricany.cz\/kultur-und-freizeit\/spielplaetze-fuer-kinder\/spielplatz-nein-11-auf-der-kurwiese\/"},"modified":"2025-02-06T13:24:09","modified_gmt":"2025-02-06T12:24:09","slug":"spielplatz-nein-11-auf-der-kurwiese","status":"publish","type":"page","link":"https:\/\/www.ricany.cz\/de\/kultur-und-freizeit\/spielplaetze-fuer-kinder\/spielplatz-nein-11-auf-der-kurwiese\/","title":{"rendered":"Spielplatz nein. 11 &#8211; Auf der Kurwiese"},"content":{"rendered":"\n<ul class=\"wp-block-list\">\n<li>Turm-Set mit Rutsche<\/li>\n\n\n\n<li>Federb\u00fcgel<\/li>\n\n\n\n<li>Karussell<\/li>\n\n\n\n<li>h\u00e4ngende Doppelschaukel aus Holz<\/li>\n\n\n\n<li>Netzelement<\/li>\n\n\n\n<li>Kletterwand<\/li>\n\n\n\n<li>Tasche<\/li>\n<\/ul>\n<section class=\"block block-gallery\" >\n            <div class=\"gallery\">\n            <div id=\"ajax-load-more\" class=\"ajax-load-more-wrap default\" data-id=\"gallery\" data-alm-id=\"\" data-canonical-url=\"https:\/\/www.ricany.cz\/de\/gallery\/hriste-c-11-u-lazenske-louky\/\" data-slug=\"hriste-c-11-u-lazenske-louky\" data-post-id=\"81528\"  data-localized=\"ajax_load_more_gallery_vars\" data-alm-object=\"ajax_load_more_gallery\"><div aria-live=\"polite\" aria-atomic=\"true\" class=\"alm-listing alm-ajax\" data-acf=\"true\" data-acf-field-type=\"gallery\" data-acf-field-name=\"galerie\" data-acf-post-id=\"81528\" data-preloaded=\"true\" data-preloaded-amount=\"12\" data-container-type=\"div\" data-loading-style=\"default\" data-theme-repeater=\"gallery.php\" data-post-type=\"post\" data-order=\"DESC\" data-orderby=\"date\" data-offset=\"0\" data-posts-per-page=\"12\" data-lang=\"de\" data-scroll=\"false\" data-pause=\"true\" data-button-label=\"Show 12 more photos\" data-button-done-label=\"All photos loaded\" data-prev-button-label=\"Load Previous\" data-images-loaded=\"true\" data-lazy-images=\"true\"><li class=\"alm-item no-img\">\n      <h3><a href=\"https:\/\/www.ricany.cz\/de\/gallery\/hriste-c-11-u-lazenske-louky\/\">H\u0159i\u0161t\u011b \u010d. 11 \u2013 U L\u00e1ze\u0148sk\u00e9 louky<\/a><\/h3>\n   <p class=\"entry-meta\">\n       Januar 30, 2024   <\/p>\n   <\/li>\n<li class=\"alm-item no-img\">\n      <h3><a href=\"https:\/\/www.ricany.cz\/de\/gallery\/hriste-c-11-u-lazenske-louky\/\">H\u0159i\u0161t\u011b \u010d. 11 \u2013 U L\u00e1ze\u0148sk\u00e9 louky<\/a><\/h3>\n   <p class=\"entry-meta\">\n       Januar 30, 2024   <\/p>\n   <\/li>\n<li class=\"alm-item no-img\">\n      <h3><a href=\"https:\/\/www.ricany.cz\/de\/gallery\/hriste-c-11-u-lazenske-louky\/\">H\u0159i\u0161t\u011b \u010d. 11 \u2013 U L\u00e1ze\u0148sk\u00e9 louky<\/a><\/h3>\n   <p class=\"entry-meta\">\n       Januar 30, 2024   <\/p>\n   <\/li>\n<li class=\"alm-item no-img\">\n      <h3><a href=\"https:\/\/www.ricany.cz\/de\/gallery\/hriste-c-11-u-lazenske-louky\/\">H\u0159i\u0161t\u011b \u010d. 11 \u2013 U L\u00e1ze\u0148sk\u00e9 louky<\/a><\/h3>\n   <p class=\"entry-meta\">\n       Januar 30, 2024   <\/p>\n   <\/li>\n<li class=\"alm-item no-img\">\n      <h3><a href=\"https:\/\/www.ricany.cz\/de\/gallery\/hriste-c-11-u-lazenske-louky\/\">H\u0159i\u0161t\u011b \u010d. 11 \u2013 U L\u00e1ze\u0148sk\u00e9 louky<\/a><\/h3>\n   <p class=\"entry-meta\">\n       Januar 30, 2024   <\/p>\n   <\/li>\n<li class=\"alm-item no-img\">\n      <h3><a href=\"https:\/\/www.ricany.cz\/de\/gallery\/hriste-c-11-u-lazenske-louky\/\">H\u0159i\u0161t\u011b \u010d. 11 \u2013 U L\u00e1ze\u0148sk\u00e9 louky<\/a><\/h3>\n   <p class=\"entry-meta\">\n       Januar 30, 2024   <\/p>\n   <\/li>\n<li class=\"alm-item no-img\">\n      <h3><a href=\"https:\/\/www.ricany.cz\/de\/gallery\/hriste-c-11-u-lazenske-louky\/\">H\u0159i\u0161t\u011b \u010d. 11 \u2013 U L\u00e1ze\u0148sk\u00e9 louky<\/a><\/h3>\n   <p class=\"entry-meta\">\n       Januar 30, 2024   <\/p>\n   <\/li>\n<li class=\"alm-item no-img\">\n      <h3><a href=\"https:\/\/www.ricany.cz\/de\/gallery\/hriste-c-11-u-lazenske-louky\/\">H\u0159i\u0161t\u011b \u010d. 11 \u2013 U L\u00e1ze\u0148sk\u00e9 louky<\/a><\/h3>\n   <p class=\"entry-meta\">\n       Januar 30, 2024   <\/p>\n   <\/li>\n<li class=\"alm-item no-img\">\n      <h3><a href=\"https:\/\/www.ricany.cz\/de\/gallery\/hriste-c-11-u-lazenske-louky\/\">H\u0159i\u0161t\u011b \u010d. 11 \u2013 U L\u00e1ze\u0148sk\u00e9 louky<\/a><\/h3>\n   <p class=\"entry-meta\">\n       Januar 30, 2024   <\/p>\n   <\/li>\n<li class=\"alm-item no-img\">\n      <h3><a href=\"https:\/\/www.ricany.cz\/de\/gallery\/hriste-c-11-u-lazenske-louky\/\">H\u0159i\u0161t\u011b \u010d. 11 \u2013 U L\u00e1ze\u0148sk\u00e9 louky<\/a><\/h3>\n   <p class=\"entry-meta\">\n       Januar 30, 2024   <\/p>\n   <\/li>\n<li class=\"alm-item no-img\">\n      <h3><a href=\"https:\/\/www.ricany.cz\/de\/gallery\/hriste-c-11-u-lazenske-louky\/\">H\u0159i\u0161t\u011b \u010d. 11 \u2013 U L\u00e1ze\u0148sk\u00e9 louky<\/a><\/h3>\n   <p class=\"entry-meta\">\n       Januar 30, 2024   <\/p>\n   <\/li>\n<li class=\"alm-item no-img\">\n      <h3><a href=\"https:\/\/www.ricany.cz\/de\/gallery\/hriste-c-11-u-lazenske-louky\/\">H\u0159i\u0161t\u011b \u010d. 11 \u2013 U L\u00e1ze\u0148sk\u00e9 louky<\/a><\/h3>\n   <p class=\"entry-meta\">\n       Januar 30, 2024   <\/p>\n   <\/li>\n<\/div><div class=\"alm-btn-wrap\" data-rel=\"ajax-load-more\"><button class=\"alm-load-more-btn \" type=\"button\">Show 12 more photos<\/button><\/div><\/div>        <\/div>\n    <\/section>","protected":false},"excerpt":{"rendered":"","protected":false},"author":1,"featured_media":0,"parent":105364,"menu_order":463,"comment_status":"closed","ping_status":"closed","template":"","meta":{"_acf_changed":false,"_relevanssi_hide_post":"","_relevanssi_hide_content":"","_relevanssi_pin_for_all":"","_relevanssi_pin_keywords":"","_relevanssi_unpin_keywords":"","_relevanssi_related_keywords":"","_relevanssi_related_include_ids":"","_relevanssi_related_exclude_ids":"","_relevanssi_related_no_append":"","_relevanssi_related_not_related":"","_relevanssi_related_posts":"","_relevanssi_noindex_reason":"","inline_featured_image":false,"footnotes":""},"class_list":["post-105415","page","type-page","status-publish","hentry"],"acf":[],"_links":{"self":[{"href":"https:\/\/www.ricany.cz\/de\/wp-json\/wp\/v2\/pages\/105415","targetHints":{"allow":["GET"]}}],"collection":[{"href":"https:\/\/www.ricany.cz\/de\/wp-json\/wp\/v2\/pages"}],"about":[{"href":"https:\/\/www.ricany.cz\/de\/wp-json\/wp\/v2\/types\/page"}],"author":[{"embeddable":true,"href":"https:\/\/www.ricany.cz\/de\/wp-json\/wp\/v2\/users\/1"}],"replies":[{"embeddable":true,"href":"https:\/\/www.ricany.cz\/de\/wp-json\/wp\/v2\/comments?post=105415"}],"version-history":[{"count":1,"href":"https:\/\/www.ricany.cz\/de\/wp-json\/wp\/v2\/pages\/105415\/revisions"}],"predecessor-version":[{"id":105418,"href":"https:\/\/www.ricany.cz\/de\/wp-json\/wp\/v2\/pages\/105415\/revisions\/105418"}],"up":[{"embeddable":true,"href":"https:\/\/www.ricany.cz\/de\/wp-json\/wp\/v2\/pages\/105364"}],"wp:attachment":[{"href":"https:\/\/www.ricany.cz\/de\/wp-json\/wp\/v2\/media?parent=105415"}],"curies":[{"name":"wp","href":"https:\/\/api.w.org\/{rel}","templated":true}]}}