{"id":105390,"date":"2023-10-27T10:30:05","date_gmt":"2023-10-27T08:30:05","guid":{"rendered":"https:\/\/www.ricany.cz\/kultur-und-freizeit\/spielplaetze-fuer-kinder\/spielplatz-nein-23-strasin\/"},"modified":"2025-02-06T13:23:28","modified_gmt":"2025-02-06T12:23:28","slug":"spielplatz-nein-23-strasin","status":"publish","type":"page","link":"https:\/\/www.ricany.cz\/de\/kultur-und-freizeit\/spielplaetze-fuer-kinder\/spielplatz-nein-23-strasin\/","title":{"rendered":"Spielplatz nein. 23 &#8211; Stra\u0161\u00edn"},"content":{"rendered":"\n<ul class=\"wp-block-list\">\n<li>Turm-Set mit Rutsche und Kletterelementen<\/li>\n\n\n\n<li>Schaukeln und Federzug<\/li>\n\n\n\n<li>Karussell<\/li>\n\n\n\n<li>H\u00e4ngende Doppelschaukel aus Holz &#8211; niedrig und hoch<\/li>\n\n\n\n<li>Baumstammschaukel<\/li>\n\n\n\n<li>Seilbahn<\/li>\n\n\n\n<li>Klettersteigset<\/li>\n\n\n\n<li>Dreizack<\/li>\n\n\n\n<li>Seilpyramide<\/li>\n\n\n\n<li>Rei\u00dfbretter<\/li>\n<\/ul>\n<section class=\"block block-gallery\" >\n            <div class=\"gallery\">\n            <div id=\"ajax-load-more\" class=\"ajax-load-more-wrap default\" data-id=\"gallery\" data-alm-id=\"\" data-canonical-url=\"https:\/\/www.ricany.cz\/de\/gallery\/hriste-c-23-strasin\/\" data-slug=\"hriste-c-23-strasin\" data-post-id=\"81577\"  data-localized=\"ajax_load_more_gallery_vars\" data-alm-object=\"ajax_load_more_gallery\"><div aria-live=\"polite\" aria-atomic=\"true\" class=\"alm-listing alm-ajax\" data-acf=\"true\" data-acf-field-type=\"gallery\" data-acf-field-name=\"galerie\" data-acf-post-id=\"81577\" data-preloaded=\"true\" data-preloaded-amount=\"12\" data-container-type=\"div\" data-loading-style=\"default\" data-theme-repeater=\"gallery.php\" data-post-type=\"post\" data-order=\"DESC\" data-orderby=\"date\" data-offset=\"0\" data-posts-per-page=\"12\" data-lang=\"de\" data-scroll=\"false\" data-pause=\"true\" data-button-label=\"Show 12 more photos\" data-button-done-label=\"All photos loaded\" data-prev-button-label=\"Load Previous\" data-images-loaded=\"true\" data-lazy-images=\"true\"><li class=\"alm-item no-img\">\n      <h3><a href=\"https:\/\/www.ricany.cz\/de\/gallery\/hriste-c-23-strasin\/\">H\u0159i\u0161t\u011b \u010d. 23 \u2013 Stra\u0161\u00edn<\/a><\/h3>\n   <p class=\"entry-meta\">\n       Januar 30, 2024   <\/p>\n   <\/li>\n<li class=\"alm-item no-img\">\n      <h3><a href=\"https:\/\/www.ricany.cz\/de\/gallery\/hriste-c-23-strasin\/\">H\u0159i\u0161t\u011b \u010d. 23 \u2013 Stra\u0161\u00edn<\/a><\/h3>\n   <p class=\"entry-meta\">\n       Januar 30, 2024   <\/p>\n   <\/li>\n<li class=\"alm-item no-img\">\n      <h3><a href=\"https:\/\/www.ricany.cz\/de\/gallery\/hriste-c-23-strasin\/\">H\u0159i\u0161t\u011b \u010d. 23 \u2013 Stra\u0161\u00edn<\/a><\/h3>\n   <p class=\"entry-meta\">\n       Januar 30, 2024   <\/p>\n   <\/li>\n<li class=\"alm-item no-img\">\n      <h3><a href=\"https:\/\/www.ricany.cz\/de\/gallery\/hriste-c-23-strasin\/\">H\u0159i\u0161t\u011b \u010d. 23 \u2013 Stra\u0161\u00edn<\/a><\/h3>\n   <p class=\"entry-meta\">\n       Januar 30, 2024   <\/p>\n   <\/li>\n<li class=\"alm-item no-img\">\n      <h3><a href=\"https:\/\/www.ricany.cz\/de\/gallery\/hriste-c-23-strasin\/\">H\u0159i\u0161t\u011b \u010d. 23 \u2013 Stra\u0161\u00edn<\/a><\/h3>\n   <p class=\"entry-meta\">\n       Januar 30, 2024   <\/p>\n   <\/li>\n<li class=\"alm-item no-img\">\n      <h3><a href=\"https:\/\/www.ricany.cz\/de\/gallery\/hriste-c-23-strasin\/\">H\u0159i\u0161t\u011b \u010d. 23 \u2013 Stra\u0161\u00edn<\/a><\/h3>\n   <p class=\"entry-meta\">\n       Januar 30, 2024   <\/p>\n   <\/li>\n<li class=\"alm-item no-img\">\n      <h3><a href=\"https:\/\/www.ricany.cz\/de\/gallery\/hriste-c-23-strasin\/\">H\u0159i\u0161t\u011b \u010d. 23 \u2013 Stra\u0161\u00edn<\/a><\/h3>\n   <p class=\"entry-meta\">\n       Januar 30, 2024   <\/p>\n   <\/li>\n<li class=\"alm-item no-img\">\n      <h3><a href=\"https:\/\/www.ricany.cz\/de\/gallery\/hriste-c-23-strasin\/\">H\u0159i\u0161t\u011b \u010d. 23 \u2013 Stra\u0161\u00edn<\/a><\/h3>\n   <p class=\"entry-meta\">\n       Januar 30, 2024   <\/p>\n   <\/li>\n<li class=\"alm-item no-img\">\n      <h3><a href=\"https:\/\/www.ricany.cz\/de\/gallery\/hriste-c-23-strasin\/\">H\u0159i\u0161t\u011b \u010d. 23 \u2013 Stra\u0161\u00edn<\/a><\/h3>\n   <p class=\"entry-meta\">\n       Januar 30, 2024   <\/p>\n   <\/li>\n<li class=\"alm-item no-img\">\n      <h3><a href=\"https:\/\/www.ricany.cz\/de\/gallery\/hriste-c-23-strasin\/\">H\u0159i\u0161t\u011b \u010d. 23 \u2013 Stra\u0161\u00edn<\/a><\/h3>\n   <p class=\"entry-meta\">\n       Januar 30, 2024   <\/p>\n   <\/li>\n<\/div><div class=\"alm-btn-wrap\" data-rel=\"ajax-load-more\"><button class=\"alm-load-more-btn \" type=\"button\">Show 12 more photos<\/button><\/div><\/div>        <\/div>\n    <\/section>","protected":false},"excerpt":{"rendered":"","protected":false},"author":1,"featured_media":0,"parent":105364,"menu_order":499,"comment_status":"closed","ping_status":"closed","template":"","meta":{"_acf_changed":false,"_relevanssi_hide_post":"","_relevanssi_hide_content":"","_relevanssi_pin_for_all":"","_relevanssi_pin_keywords":"","_relevanssi_unpin_keywords":"","_relevanssi_related_keywords":"","_relevanssi_related_include_ids":"","_relevanssi_related_exclude_ids":"","_relevanssi_related_no_append":"","_relevanssi_related_not_related":"","_relevanssi_related_posts":"","_relevanssi_noindex_reason":"","inline_featured_image":false,"footnotes":""},"class_list":["post-105390","page","type-page","status-publish","hentry"],"acf":[],"_links":{"self":[{"href":"https:\/\/www.ricany.cz\/de\/wp-json\/wp\/v2\/pages\/105390","targetHints":{"allow":["GET"]}}],"collection":[{"href":"https:\/\/www.ricany.cz\/de\/wp-json\/wp\/v2\/pages"}],"about":[{"href":"https:\/\/www.ricany.cz\/de\/wp-json\/wp\/v2\/types\/page"}],"author":[{"embeddable":true,"href":"https:\/\/www.ricany.cz\/de\/wp-json\/wp\/v2\/users\/1"}],"replies":[{"embeddable":true,"href":"https:\/\/www.ricany.cz\/de\/wp-json\/wp\/v2\/comments?post=105390"}],"version-history":[{"count":1,"href":"https:\/\/www.ricany.cz\/de\/wp-json\/wp\/v2\/pages\/105390\/revisions"}],"predecessor-version":[{"id":105391,"href":"https:\/\/www.ricany.cz\/de\/wp-json\/wp\/v2\/pages\/105390\/revisions\/105391"}],"up":[{"embeddable":true,"href":"https:\/\/www.ricany.cz\/de\/wp-json\/wp\/v2\/pages\/105364"}],"wp:attachment":[{"href":"https:\/\/www.ricany.cz\/de\/wp-json\/wp\/v2\/media?parent=105390"}],"curies":[{"name":"wp","href":"https:\/\/api.w.org\/{rel}","templated":true}]}}