{"id":105356,"date":"2023-10-27T08:53:20","date_gmt":"2023-10-27T06:53:20","guid":{"rendered":"https:\/\/www.ricany.cz\/spielplatz-nr-3-scheinerova\/"},"modified":"2025-02-06T13:20:04","modified_gmt":"2025-02-06T12:20:04","slug":"spielplatz-nr-3-scheinerova","status":"publish","type":"page","link":"https:\/\/www.ricany.cz\/de\/kultur-und-freizeit\/spielplaetze-fuer-kinder\/spielplatz-nr-3-scheinerova\/","title":{"rendered":"Spielplatz Nr. 3 &#8211; Scheinerova"},"content":{"rendered":"\n<ul class=\"wp-block-list\">\n<li>Holzschaukel<\/li>\n\n\n\n<li>Federschaukel 2 x<\/li>\n\n\n\n<li>Turmsystem mit Rutsche<\/li>\n\n\n\n<li>Sandkasten<\/li>\n\n\n\n<li>Doppelh\u00e4ngende Holzschaukel<\/li>\n\n\n\n<li>H\u00e4ngeschaukel f\u00fcr Kinder<\/li>\n<\/ul>\n<section class=\"block block-gallery\" >\n            <div class=\"gallery\">\n            <div id=\"ajax-load-more\" class=\"ajax-load-more-wrap default\" data-id=\"gallery\" data-alm-id=\"\" data-canonical-url=\"https:\/\/www.ricany.cz\/de\/gallery\/hriste-c-3-scheinerova\/\" data-slug=\"hriste-c-3-scheinerova\" data-post-id=\"81494\"  data-localized=\"ajax_load_more_gallery_vars\" data-alm-object=\"ajax_load_more_gallery\"><div aria-live=\"polite\" aria-atomic=\"true\" class=\"alm-listing alm-ajax\" data-acf=\"true\" data-acf-field-type=\"gallery\" data-acf-field-name=\"galerie\" data-acf-post-id=\"81494\" data-preloaded=\"true\" data-preloaded-amount=\"12\" data-container-type=\"div\" data-loading-style=\"default\" data-theme-repeater=\"gallery.php\" data-post-type=\"post\" data-order=\"DESC\" data-orderby=\"date\" data-offset=\"0\" data-posts-per-page=\"12\" data-lang=\"de\" data-scroll=\"false\" data-pause=\"true\" data-button-label=\"Show 12 more photos\" data-button-done-label=\"All photos loaded\" data-prev-button-label=\"Load Previous\" data-images-loaded=\"true\" data-lazy-images=\"true\"><li class=\"alm-item no-img\">\n      <h3><a href=\"https:\/\/www.ricany.cz\/de\/gallery\/hriste-c-3-scheinerova\/\">H\u0159i\u0161t\u011b \u010d. 3 \u2013 Scheinerova<\/a><\/h3>\n   <p class=\"entry-meta\">\n       Januar 30, 2024   <\/p>\n   <\/li>\n<li class=\"alm-item no-img\">\n      <h3><a href=\"https:\/\/www.ricany.cz\/de\/gallery\/hriste-c-3-scheinerova\/\">H\u0159i\u0161t\u011b \u010d. 3 \u2013 Scheinerova<\/a><\/h3>\n   <p class=\"entry-meta\">\n       Januar 30, 2024   <\/p>\n   <\/li>\n<li class=\"alm-item no-img\">\n      <h3><a href=\"https:\/\/www.ricany.cz\/de\/gallery\/hriste-c-3-scheinerova\/\">H\u0159i\u0161t\u011b \u010d. 3 \u2013 Scheinerova<\/a><\/h3>\n   <p class=\"entry-meta\">\n       Januar 30, 2024   <\/p>\n   <\/li>\n<li class=\"alm-item no-img\">\n      <h3><a href=\"https:\/\/www.ricany.cz\/de\/gallery\/hriste-c-3-scheinerova\/\">H\u0159i\u0161t\u011b \u010d. 3 \u2013 Scheinerova<\/a><\/h3>\n   <p class=\"entry-meta\">\n       Januar 30, 2024   <\/p>\n   <\/li>\n<li class=\"alm-item no-img\">\n      <h3><a href=\"https:\/\/www.ricany.cz\/de\/gallery\/hriste-c-3-scheinerova\/\">H\u0159i\u0161t\u011b \u010d. 3 \u2013 Scheinerova<\/a><\/h3>\n   <p class=\"entry-meta\">\n       Januar 30, 2024   <\/p>\n   <\/li>\n<\/div><div class=\"alm-btn-wrap\" data-rel=\"ajax-load-more\"><button class=\"alm-load-more-btn \" type=\"button\">Show 12 more photos<\/button><\/div><\/div>        <\/div>\n    <\/section>","protected":false},"excerpt":{"rendered":"","protected":false},"author":1,"featured_media":0,"parent":105364,"menu_order":436,"comment_status":"closed","ping_status":"closed","template":"","meta":{"_acf_changed":false,"_relevanssi_hide_post":"","_relevanssi_hide_content":"","_relevanssi_pin_for_all":"","_relevanssi_pin_keywords":"","_relevanssi_unpin_keywords":"","_relevanssi_related_keywords":"","_relevanssi_related_include_ids":"","_relevanssi_related_exclude_ids":"","_relevanssi_related_no_append":"","_relevanssi_related_not_related":"","_relevanssi_related_posts":"","_relevanssi_noindex_reason":"","inline_featured_image":false,"footnotes":""},"class_list":["post-105356","page","type-page","status-publish","hentry"],"acf":[],"_links":{"self":[{"href":"https:\/\/www.ricany.cz\/de\/wp-json\/wp\/v2\/pages\/105356","targetHints":{"allow":["GET"]}}],"collection":[{"href":"https:\/\/www.ricany.cz\/de\/wp-json\/wp\/v2\/pages"}],"about":[{"href":"https:\/\/www.ricany.cz\/de\/wp-json\/wp\/v2\/types\/page"}],"author":[{"embeddable":true,"href":"https:\/\/www.ricany.cz\/de\/wp-json\/wp\/v2\/users\/1"}],"replies":[{"embeddable":true,"href":"https:\/\/www.ricany.cz\/de\/wp-json\/wp\/v2\/comments?post=105356"}],"version-history":[{"count":1,"href":"https:\/\/www.ricany.cz\/de\/wp-json\/wp\/v2\/pages\/105356\/revisions"}],"predecessor-version":[{"id":105358,"href":"https:\/\/www.ricany.cz\/de\/wp-json\/wp\/v2\/pages\/105356\/revisions\/105358"}],"up":[{"embeddable":true,"href":"https:\/\/www.ricany.cz\/de\/wp-json\/wp\/v2\/pages\/105364"}],"wp:attachment":[{"href":"https:\/\/www.ricany.cz\/de\/wp-json\/wp\/v2\/media?parent=105356"}],"curies":[{"name":"wp","href":"https:\/\/api.w.org\/{rel}","templated":true}]}}