{"id":105274,"date":"2023-11-06T09:23:34","date_gmt":"2023-11-06T08:23:34","guid":{"rendered":"https:\/\/www.ricany.cz\/stadt\/staedtische-polizei-ricany\/kamera-system\/"},"modified":"2025-02-06T13:14:33","modified_gmt":"2025-02-06T12:14:33","slug":"kamera-system","status":"publish","type":"page","link":"https:\/\/www.ricany.cz\/de\/stadt\/staedtische-polizei-ricany\/kamera-system\/","title":{"rendered":"Kamera-System"},"content":{"rendered":"\n<p>Um die Sicherheit und \u00f6ffentliche Ordnung in der Stadt \u0158\u00ed\u010dany zu gew\u00e4hrleisten, werden einige Orte mit einem Kamerasystem \u00fcberwacht,<\/p>\n\n<figure class=\"wp-block-table\"><table><tbody><tr><td><strong>Kamerapunkt<\/strong><\/td><td><strong>Standort der Kamera<\/strong><\/td><td><strong>Bereich unter Beobachtung<\/strong><\/td><\/tr><tr><td>\u010d. 1<\/td><td>Masaryk-Platz Nr. 35\/4 <\/td><td>der \u00f6stliche Teil des Masaryk-Platzes und die angrenzende Umgebung<\/td><\/tr><tr><td>\u010d. 2<\/td><td>Masaryk-Platz Nr. 71\/22 <\/td><td>Westlicher Teil des Masaryk-Platzes, Schule, Kirche, Postamt und angrenzende Umgebung<\/td><\/tr><tr><td>\u010d. 3<\/td><td>Masaryk-Platz Nr. 82\/2 <\/td><td>der zentrale Teil des Masaryk-Platzes und die angrenzende Umgebung<\/td><\/tr><tr><td>\u010d. 4<\/td><td>Comenius-Platz Nr. 1518\/5 <\/td><td>Komensk\u00fd-Platz, Parkplatz, Objekte der Stadt \u0158\u00ed\u010dany und der angrenzenden Umgebung<\/td><\/tr><tr><td>\u010d. 5<\/td><td>Comenius-Platz Nr. 1619\/2 <\/td><td>Im Inneren des Stadtb\u00fcros<\/td><\/tr><tr><td>\u010d. 6<\/td><td>Comenius-Platz Nr. 1850 <\/td><td>Innere R\u00e4umlichkeiten des Gemeindeamtes &#8211; Abteilung f\u00fcr soziale Angelegenheiten und Gesundheit; Arbeitsamt<\/td><\/tr><tr><td>\u010d. 7<\/td><td>Comenius-Platz Nr. 1910 <\/td><td>Innenbereiche des Parkplatzes der Ambulanz der Region Mittelb\u00f6hmen<\/td><\/tr><tr><td>\u010d. 8<\/td><td>ul. Leopold Peck Nr. 1520\/6 <\/td><td>Olivovna-Siedlung, angrenzende Parkpl\u00e4tze und Umgebung<\/td><\/tr><tr><td>\u010d. 9<\/td><td>ul. Leopold Peck Nr. 1520\/6 <\/td><td>Hinterer Teil des Parkplatzes in der Olivovna-Siedlung<\/td><\/tr><tr><td>\u010d. 10<\/td><td>ul. Schule Nr. 2400\/6 <\/td><td>Seiteneingang der Schule und des angrenzenden Parkplatzes<\/td><\/tr><tr><td>\u010d. 11<\/td><td>ul. Schule Nr. 2400\/4 <\/td><td>Schulgeb\u00e4ude, angrenzender Parkplatz, Zufahrtsstra\u00dfen<\/td><\/tr><tr><td>\u010d. 12<\/td><td>ul. Stra\u0161\u00ednsk\u00e1 Nr. 3\/294 <\/td><td>Spielplatz, Parkplatz und angrenzende Umgebung<\/td><\/tr><tr><td>\u010d. 13<\/td><td>ul. Stra\u0161\u00ednsk\u00e1 Nr. 3\/294 <\/td><td>Spielplatz &#8211; Kunstrasen<\/td><\/tr><tr><td>\u010d. 14<\/td><td>ul. \u010cernokosteleck\u00e1 Nr. 486\/19 <\/td><td>Teil der \u010cernokosteleck\u00e1 Stra\u00dfe und Riegerova Stra\u00dfe, Diskotheken, Restaurants und angrenzende Umgebung<\/td><\/tr><tr><td>\u010d. 15<\/td><td>ul. \u010cernokosteleck\u00e1 Nr. 54\/29 <\/td><td>Richtung Bezru\u010dova-Grundschule, Parkplatz der Apotheke U B\u00edl\u00e9ho lva, Ha\u0161kova-Stra\u00dfe<\/td><\/tr><tr><td>\u010d. 16<\/td><td>ul. Bezru\u010dova Nr. 94\/13 <\/td><td>Platz vor der Grundschule<\/td><\/tr><tr><td>\u010d. 17<\/td><td>ul. Bezru\u010dova no. p. <\/td><td>Kreuzung der Stra\u00dfen Bezru\u010dova und Rusk\u00e1<\/td><\/tr><tr><td>\u010d. 18<\/td><td>ul. Bezru\u010dova no. p. <\/td><td>Kreuzung der Stra\u00dfen Bezru\u010dova und K N\u00e1dra\u017en\u00ed<\/td><\/tr><tr><td>\u010d. 19<\/td><td>ul. N\u00e1dra\u017en\u00ed Nr. 219\/3 <\/td><td>Bahnhof, Teil des Parkplatzes, Zufahrtsstra\u00dfe und angrenzende Umgebung<\/td><\/tr><tr><td>\u010d. 20<\/td><td>ul. Bahnhof (Kreisverkehr)<\/td><td>Das Innere des Rondells<\/td><\/tr><tr><td>\u010d. 21<\/td><td>ul. Bahnhof (Kreisverkehr)<\/td><td>das Innere des Wartezimmers<\/td><\/tr><tr><td>\u010d. 22<\/td><td>ul. Bahnhof (Kreisverkehr)<\/td><td>Das Innere des Fahrradst\u00e4nders im Ringlokschuppen<\/td><\/tr><tr><td>\u010d. 23<\/td><td>ul. Pod Lihovarem Nr. 2055\/4 <\/td><td>Parkpl\u00e4tze der Einkaufszentren Penny Market, OC Lihovar und BENO \u0158\u00ed\u010dany, angrenzende Stra\u00dfen<\/td><\/tr><tr><td>\u010d. 24<\/td><td>ul. \u0160kroupova Nr. 2026\/2 <\/td><td>Sporthalle &#8211; Eingangsbereich<\/td><\/tr><tr><td>\u010d. 25<\/td><td>ul. \u0160kroupova Nr. 2026\/2 <\/td><td>Sporthalle &#8211; Einrichtungen<\/td><\/tr><tr><td>\u010d. 26<\/td><td>ul. \u0160irok\u00e1 (neben dem Rugbyfeld)<\/td><td>Zufahrtsstra\u00dfen, Parkpl\u00e4tze, angrenzende Sportpl\u00e4tze und Umgebung<\/td><\/tr><tr><td>\u010d. 27  <\/td><td>Anton\u00edn \u0160vehla Park<\/td><td>Park, Teil der 17. Listopadu Stra\u00dfe, \u0160tef\u00e1nikova Stra\u00dfe und angrenzende Umgebung <\/td><\/tr><tr><td>\u010d. 28<\/td><td>Pacov  <\/td><td>multifunktionaler Spielplatz und angrenzende Umgebung<\/td><\/tr><tr><td>\u010d. 29<\/td><td>Pacov  <\/td><td>multifunktionaler Spielplatz und Parkplatz<\/td><\/tr><tr><td>\u010d. 30<\/td><td>ul. Labsk\u00e1 Nr. 6 <\/td><td>Kindergarten Zahr\u00e1dka &#8211; Stra\u00dfe vor dem Kindergarten, Parkplatz und angrenzende Umgebung<\/td><\/tr><tr><td>\u010d. 31<\/td><td>ul. Labsk\u00e1 Nr. 6 <\/td><td>Kindergarten Zahr\u00e1dka &#8211; Au\u00dfenbereich des Kindergartens und angrenzender Garten<\/td><\/tr><tr><td>\u010d. 32<\/td><td>ul. M\u00e1nesova Nr. 2630\/3b <\/td><td>Magic Hill Elementary School &#8211; Stra\u00dfe vor der Grundschule, Parkplatz und angrenzende Nachbarschaft<\/td><\/tr><tr><td>\u010d. 33  <\/td><td>ul. Kamenicka<\/td><td>Kreuzung der Stra\u00dfen Kamenick\u00e1 und Rusk\u00e1, Kreisverkehr, Fahrradst\u00e4nder<\/td><\/tr><tr><td>\u010d. 34<\/td><td>ul. Die Unterklippen<\/td><td>Kreuzung der Stra\u00dfen Podskal\u00ed und L\u00e1ze\u0148sk\u00e1<\/td><\/tr><tr><td>\u010d. 35<\/td><td>ul. Schule Nr. 2400\/4 <\/td><td>angrenzender Sportplatz, Schulgeb\u00e4ude<\/td><\/tr><tr><td>\u010d. 36<\/td><td>ul. Tschernokostelecka<\/td><td>Kreuzung der Stra\u00dfen \u010cernokosteleck\u00e1 und Smi\u0159ick\u00fdch<\/td><\/tr><tr><td>\u010d. 37<\/td><td>M\u00fchlenteich  <\/td><td>Teichdamm<\/td><\/tr><tr><td>\u010d. 38<\/td><td>Mysaryk-Platz Nr. 66\/27 <\/td><td>Webcam &#8211; zentraler Teil des Masaryk-Platzes und angrenzende Umgebung<\/td><\/tr><tr><td>\u010d. 39<\/td><td>Radweg (Na Vysok\u00e9)<\/td><td>Spielplatz, Pavillon, Erfrischungen<\/td><\/tr><tr><td>\u010d. 40<\/td><td>Radweg (Na Vysok\u00e9)<\/td><td>Zyklusz\u00e4hler<\/td><\/tr><tr><td>\u010d. 41<\/td><td>Radweg (Am Stein)<\/td><td>Zyklusz\u00e4hler<\/td><\/tr><tr><td>\u010d. 42<\/td><td>ul. Breit<\/td><td>Durchgangsz\u00e4hler<\/td><\/tr><tr><td>\u010d. 43<\/td><td>Mysaryk-Platz Nr. 34\/5 <\/td><td>Webkamera &#8211; \u00f6stlicher Teil des Masaryk-Platzes und angrenzende Umgebung<\/td><\/tr><tr><td>\u010d. 44<\/td><td>ul. Olivova Nr. 1800\/2 <\/td><td>Schotterparkplatz<\/td><\/tr><tr><td>\u010d. 45<\/td><td>ul. Wolkerova<\/td><td>Parkm\u00f6glichkeiten<\/td><\/tr><tr><td>\u010d. 46<\/td><td>Melantrichova Stra\u00dfe Nr. 2000\/38 <\/td><td>Innerhalb des Gemeindeamtes &#8211; Abteilung Bauamt<\/td><\/tr><tr><td>\u010d. 47<\/td><td>Masaryk-Platz Nr. 83\/1 <\/td><td>Altes Rathaus &#8211; \u00dcberdachte Ausstellungshalle<\/td><\/tr><tr><td>\u010d. 48<\/td><td>ul. In der Trati<\/td><td>Unterf\u00fchrung unter der Bahnlinie &#8211; Innenr\u00e4ume  <\/td><\/tr><tr><td>\u010d. 49<\/td><td>ul. In der Trati<\/td><td>Unterf\u00fchrung unter der Bahnlinie &#8211; angrenzende Umgebung  <\/td><\/tr><tr><td>\u010d. 51<\/td><td>ul. Die Unterklippen<\/td><td>Spielplatz und die angrenzende Umgebung der Kurwiese  <\/td><\/tr><tr><td>\u010d. 52<\/td><td>ul. Thomayer&#8217;s<\/td><td>getrennte M\u00fclldeponien  <\/td><\/tr><tr><td>\u010d. 53  <\/td><td>ul. Scheiner&#8217;s<\/td><td>Unterf\u00fchrung unter der &#8222;Mauseloch&#8220;-Bahnstrecke und die angrenzende Umgebung<\/td><\/tr><tr><td>\u010d. 54<\/td><td>Masaryk-Platz Nr. 83\/1 <\/td><td>Altes Rathaus &#8211; Innenseite des Eingangskorridors<\/td><\/tr><tr><td>\u010d. 55<\/td><td>Masaryk-Platz Nr. 53\/40 <\/td><td>Neues Rathaus &#8211; Innenr\u00e4ume des Eingangsvestib\u00fcls<\/td><\/tr><\/tbody><\/table><\/figure>\n\n<p>Dar\u00fcber hinaus werden an \u00f6ffentlich zug\u00e4nglichen Orten automatische Fotodokumentationsger\u00e4te (Fotofallen) eingesetzt, die vor allem dazu dienen, die Verursacher von schwarzen M\u00fcllkippen und Vandalismus zu ermitteln.  <\/p>\n","protected":false},"excerpt":{"rendered":"<p>Um die Sicherheit und \u00f6ffentliche Ordnung in der Stadt \u0158\u00ed\u010dany zu gew\u00e4hrleisten, werden einige Orte mit einem Kamerasystem \u00fcberwacht, Kamerapunkt&#8230;<\/p>\n","protected":false},"author":1,"featured_media":0,"parent":105259,"menu_order":363,"comment_status":"closed","ping_status":"closed","template":"","meta":{"_acf_changed":false,"_relevanssi_hide_post":"","_relevanssi_hide_content":"","_relevanssi_pin_for_all":"","_relevanssi_pin_keywords":"","_relevanssi_unpin_keywords":"","_relevanssi_related_keywords":"","_relevanssi_related_include_ids":"","_relevanssi_related_exclude_ids":"","_relevanssi_related_no_append":"","_relevanssi_related_not_related":"","_relevanssi_related_posts":"","_relevanssi_noindex_reason":"","inline_featured_image":false,"footnotes":""},"class_list":["post-105274","page","type-page","status-publish","hentry"],"acf":[],"_links":{"self":[{"href":"https:\/\/www.ricany.cz\/de\/wp-json\/wp\/v2\/pages\/105274","targetHints":{"allow":["GET"]}}],"collection":[{"href":"https:\/\/www.ricany.cz\/de\/wp-json\/wp\/v2\/pages"}],"about":[{"href":"https:\/\/www.ricany.cz\/de\/wp-json\/wp\/v2\/types\/page"}],"author":[{"embeddable":true,"href":"https:\/\/www.ricany.cz\/de\/wp-json\/wp\/v2\/users\/1"}],"replies":[{"embeddable":true,"href":"https:\/\/www.ricany.cz\/de\/wp-json\/wp\/v2\/comments?post=105274"}],"version-history":[{"count":1,"href":"https:\/\/www.ricany.cz\/de\/wp-json\/wp\/v2\/pages\/105274\/revisions"}],"predecessor-version":[{"id":105275,"href":"https:\/\/www.ricany.cz\/de\/wp-json\/wp\/v2\/pages\/105274\/revisions\/105275"}],"up":[{"embeddable":true,"href":"https:\/\/www.ricany.cz\/de\/wp-json\/wp\/v2\/pages\/105259"}],"wp:attachment":[{"href":"https:\/\/www.ricany.cz\/de\/wp-json\/wp\/v2\/media?parent=105274"}],"curies":[{"name":"wp","href":"https:\/\/api.w.org\/{rel}","templated":true}]}}