{"id":105268,"date":"2023-11-06T09:44:00","date_gmt":"2023-11-06T08:44:00","guid":{"rendered":"https:\/\/www.ricany.cz\/stadt\/staedtische-polizei-ricany\/ticket-hinter-dem-scheibenwischer\/"},"modified":"2025-02-06T13:14:06","modified_gmt":"2025-02-06T12:14:06","slug":"ticket-hinter-dem-scheibenwischer","status":"publish","type":"page","link":"https:\/\/www.ricany.cz\/de\/stadt\/staedtische-polizei-ricany\/ticket-hinter-dem-scheibenwischer\/","title":{"rendered":"Ticket hinter dem Scheibenwischer"},"content":{"rendered":"\n<h3 class=\"wp-block-heading\"><strong>Vorladung einer Person, die der Begehung einer Straftat verd\u00e4chtigt wird &#8211; Vorladung der Stadtpolizei von \u0158\u00ed\u010dany<\/strong><\/h3>\n\n<p>Wenn der Fahrer ein Verkehrsdelikt begeht und nicht mit dem Fahrzeug unterwegs ist, stellt der Beamte einen &#8222;Call for Suspected Offender&#8220; (&#8222;COSO&#8220;) aus und bringt ihn an der Front- oder Seitenscheibe des Fahrzeugs an.<\/p>\n\n<div class=\"wp-block-columns is-layout-flex wp-container-core-columns-is-layout-9d6595d7 wp-block-columns-is-layout-flex\">\n<div class=\"wp-block-column is-layout-flow wp-block-column-is-layout-flow\">\n<figure class=\"wp-block-image size-full\"><img decoding=\"async\" width=\"441\" height=\"372\" src=\"https:\/\/www.ricany.cz\/wp-content\/smush-webp\/2023\/11\/VOPP-vzor-web.jpg.webp\" alt=\"\" class=\"wp-image-28474\" srcset=\"https:\/\/www.ricany.cz\/wp-content\/smush-webp\/2023\/11\/VOPP-vzor-web.jpg.webp 441w, https:\/\/www.ricany.cz\/wp-content\/smush-webp\/2023\/11\/VOPP-vzor-web-430x363.jpg.webp 430w, https:\/\/www.ricany.cz\/wp-content\/smush-webp\/2023\/11\/VOPP-vzor-web-300x253.jpg.webp 300w\" sizes=\"(max-width: 441px) 100vw, 441px\" \/><\/figure>\n<\/div>\n\n\n\n<div class=\"wp-block-column is-layout-flow wp-block-column-is-layout-flow\">\n<figure class=\"wp-block-image size-full\"><img decoding=\"async\" width=\"227\" height=\"495\" src=\"https:\/\/www.ricany.cz\/wp-content\/smush-webp\/2023\/11\/nova-VOPP-vzor-web.jpg.webp\" alt=\"\" class=\"wp-image-28472\" srcset=\"https:\/\/www.ricany.cz\/wp-content\/smush-webp\/2023\/11\/nova-VOPP-vzor-web.jpg.webp 227w, https:\/\/www.ricany.cz\/wp-content\/smush-webp\/2023\/11\/nova-VOPP-vzor-web-166x363.jpg.webp 166w, https:\/\/www.ricany.cz\/wp-content\/smush-webp\/2023\/11\/nova-VOPP-vzor-web-138x300.jpg.webp 138w\" sizes=\"(max-width: 227px) 100vw, 227px\" \/><\/figure>\n<\/div>\n<\/div>\n\n<h3 class=\"wp-block-heading\"><strong>Was tun Sie, wenn Sie hinter dem Scheibenwischer einen Hinweis der Stadtpolizei von \u0158\u00ed\u010dany finden?<\/strong><\/h3>\n\n<ul class=\"wp-block-list\">\n<li><strong>Wann und wo sollte sich der Fahrer melden?<\/strong><\/li>\n<\/ul>\n\n<p>Im VOPP wird Ihnen mitgeteilt, welches Vergehen Sie begangen haben, und Sie werden aufgefordert, sich innerhalb von 5 Tagen bei der auf dem VOPP aufgef\u00fchrten Adresse der Stadtpolizei \u0158\u00ed\u010dany zu melden. Eine sehr wichtige Information ist der Ort und die Frist, wann und wo der Fahrer erscheinen muss. In \u0158\u00ed\u010dany ist dies die Adresse:  <\/p>\n\n<p><strong>St\u00e4dtische Polizei von \u0158\u00ed\u010dany, Komensk\u00e9ho n\u00e1m\u011bst\u00ed 1619\/3, \u0158\u00ed\u010dany<\/strong>.<\/p>\n\n<p>Die Frist betr\u00e4gt<strong> 5 Tage<\/strong> nach dem Vergehen. Wenn Sie aus schwerwiegenden Gr\u00fcnden nicht teilnehmen k\u00f6nnen, k\u00f6nnen Sie einen Ersatztermin vereinbaren, indem Sie sich an die oben genannten Telefonkontakte wenden: <\/p>\n    <section class=\"block block-contacts\" >\n                    <div class=\"contacts\">\n                <article class=\"contact mestska-policie\">\n            <div class=\"picture placeholder\">\n            &nbsp;\n        <\/div>\n        <div class=\"content\">\n        <h4>                M\u011bstsk\u00e1 policie                <\/h4>                    <div class=\"description\">GPS: 49.9916781N, 14.6641289E<\/div>\n                <div class=\"details\">\n                            <a class=\"icon phone\" href=\"tel:+420323618150\" title=\"Phone\" aria-label=\"Phone\">+420&nbsp;323&nbsp;618&nbsp;150<\/a>\n                                        <a class=\"icon mobile\" href=\"tel:+420725\u00a0022\u00a0765\" title=\"Mobile\" aria-label=\"Mobile\">+420&nbsp;725\u00a0022\u00a0765<\/a>\n                                        <a class=\"icon mail\" href=\"mailto:mestska.policie@ricany.cz\" title=\"Email\" aria-label=\"Email\">mestska.policie@ricany.cz<\/a>\n                                                                <p class=\"icon department\">\n                                                <a href=\"https:\/\/www.ricany.cz\/kontakty\/databaze-kontaktu\/?_kontakty_oddeleni=mestska-policie\" title=\"Department\" aria-label=\"Department\">M\u011bstsk\u00e1 policie<\/a>\n                                    <\/p>\n                                        <p class=\"icon address\" title=\"Address\" aria-label=\"Address\">Komensk\u00e9ho n\u00e1m 1619\/3,\u00a0\u0158\u00ed\u010dany, 251 01<\/p>\n                                <\/div>\n    <\/div>\n<\/article>            <\/div>\n            <\/section>\n\n<ul class=\"wp-block-list\">\n<li><strong>Was muss der Fahrer bei der st\u00e4dtischen Polizeistation mitnehmen?<\/strong><\/li>\n<\/ul>\n\n<p>Um den VOPP zu besprechen, muss der Fahrer Folgendes mitbringen: Ausweis und F\u00fchrerschein, einen Fahrzeugschein oder andere Dokumente zur Kl\u00e4rung des Vergehens und den Teil des VOPP, den der Beamte am Fahrzeug hinterlassen hat. Wenn der VOPP-Schein besch\u00e4digt ist oder Sie ihn verloren haben, ist das kein Problem. Auf der Polizeiwache erhalten Sie einen zweiten VOPP-Schein, den der Beamte zur Registrierung aush\u00e4ndigt und auf dessen Grundlage der Vorfall gekl\u00e4rt wird. <\/p>\n\n<ul class=\"wp-block-list\">\n<li><strong>Wie kann das Vergehen behoben werden?<\/strong><\/li>\n<\/ul>\n\n<p>Die Straftat kann an Ort und Stelle durch Einigung, im Verf\u00fcgungsverfahren durch Verh\u00e4ngung eines Bu\u00dfgeldes von bis zu 2.000 CZK oder durch Anzeige bei der zust\u00e4ndigen Beh\u00f6rde, in deren Zust\u00e4ndigkeitsbereich die Anh\u00f6rung f\u00e4llt, gel\u00f6st werden, wenn es daf\u00fcr einen Grund gibt &#8211; zum Beispiel, wenn Sie mit der Straftat nicht einverstanden sind.<\/p>\n\n<ul class=\"wp-block-list\">\n<li><strong>Was ist, wenn der Fahrer nicht auftaucht?<\/strong><\/li>\n<\/ul>\n\n<p>Fahrer, die am Tag der Anh\u00f6rung (Strafe) nicht beim VOPP erscheinen, kommen nicht davon. Das ungel\u00f6ste Vergehen wird zur weiteren Bearbeitung an die zust\u00e4ndige Beh\u00f6rde gemeldet, in deren Zust\u00e4ndigkeitsbereich die Anh\u00f6rung f\u00e4llt (Stadtverwaltung von \u0158\u00ed\u010dany &#8211; Rechtsabteilung &#8211; Deliktabteilung). <\/p>\n\n<ul class=\"wp-block-list\">\n<li><strong>Kann ich das Problem per Telefon l\u00f6sen?<\/strong><\/li>\n<\/ul>\n\n<p>Das Vergehen kann nur pers\u00f6nlich gekl\u00e4rt werden, eine andere M\u00f6glichkeit ist nicht zul\u00e4ssig. Sie k\u00f6nnen sich telefonisch entschuldigen oder einen anderen Termin im B\u00fcro vereinbaren, um das Vergehen zu kl\u00e4ren. <\/p>\n\n<ul class=\"wp-block-list\">\n<li><strong>Kann ich die Straftat f\u00fcr eine andere Person l\u00f6sen?<\/strong><\/li>\n<\/ul>\n\n<p>NEIN, die Straftat kann nur mit der Person besprochen werden, die die Straftat begangen hat.  <\/p>\n","protected":false},"excerpt":{"rendered":"<p>Vorladung einer Person, die der Begehung einer Straftat verd\u00e4chtigt wird &#8211; Vorladung der Stadtpolizei von \u0158\u00ed\u010dany Wenn der Fahrer ein&#8230;<\/p>\n","protected":false},"author":1,"featured_media":0,"parent":105259,"menu_order":354,"comment_status":"closed","ping_status":"closed","template":"","meta":{"_acf_changed":false,"_relevanssi_hide_post":"","_relevanssi_hide_content":"","_relevanssi_pin_for_all":"","_relevanssi_pin_keywords":"","_relevanssi_unpin_keywords":"","_relevanssi_related_keywords":"","_relevanssi_related_include_ids":"","_relevanssi_related_exclude_ids":"","_relevanssi_related_no_append":"","_relevanssi_related_not_related":"","_relevanssi_related_posts":"","_relevanssi_noindex_reason":"","inline_featured_image":false,"footnotes":""},"class_list":["post-105268","page","type-page","status-publish","hentry"],"acf":[],"_links":{"self":[{"href":"https:\/\/www.ricany.cz\/de\/wp-json\/wp\/v2\/pages\/105268","targetHints":{"allow":["GET"]}}],"collection":[{"href":"https:\/\/www.ricany.cz\/de\/wp-json\/wp\/v2\/pages"}],"about":[{"href":"https:\/\/www.ricany.cz\/de\/wp-json\/wp\/v2\/types\/page"}],"author":[{"embeddable":true,"href":"https:\/\/www.ricany.cz\/de\/wp-json\/wp\/v2\/users\/1"}],"replies":[{"embeddable":true,"href":"https:\/\/www.ricany.cz\/de\/wp-json\/wp\/v2\/comments?post=105268"}],"version-history":[{"count":1,"href":"https:\/\/www.ricany.cz\/de\/wp-json\/wp\/v2\/pages\/105268\/revisions"}],"predecessor-version":[{"id":105269,"href":"https:\/\/www.ricany.cz\/de\/wp-json\/wp\/v2\/pages\/105268\/revisions\/105269"}],"up":[{"embeddable":true,"href":"https:\/\/www.ricany.cz\/de\/wp-json\/wp\/v2\/pages\/105259"}],"wp:attachment":[{"href":"https:\/\/www.ricany.cz\/de\/wp-json\/wp\/v2\/media?parent=105268"}],"curies":[{"name":"wp","href":"https:\/\/api.w.org\/{rel}","templated":true}]}}