{"id":105264,"date":"2023-11-06T09:36:29","date_gmt":"2023-11-06T08:36:29","guid":{"rendered":"https:\/\/www.ricany.cz\/stadt\/staedtische-polizei-ricany\/revierbeamte\/"},"modified":"2025-02-06T13:14:03","modified_gmt":"2025-02-06T12:14:03","slug":"revierbeamte","status":"publish","type":"page","link":"https:\/\/www.ricany.cz\/de\/stadt\/staedtische-polizei-ricany\/revierbeamte\/","title":{"rendered":"Revierbeamte"},"content":{"rendered":"\n<p><br\/>Anzahl der MP-Bezirke: 7 Anzahl der Bezirksbeamten: 7<\/p>\n\n<p>Ein Revierbeamter der Stadtpolizei von \u0158\u00ed\u010dany<em>(im Folgenden Revierbeamter genannt<\/em>) verrichtet seinen Dienst in dem zugewiesenen Revier. Die einzelnen Bezirke sind durch ein abgegrenztes Gebiet definiert &#8211; siehe Karte. <\/p>\n\n<p>Auf der Karte von \u0158\u00ed\u010dany und seiner Umgebung finden Sie insgesamt 7 Stadtteile:<\/p>\n\n<p>1. \u0158\u00ed\u010dany u Prahy, 2. \u0158\u00ed\u010dany &#8211; Rado\u0161ovice, 3. Pacov u \u0158\u00ed\u010dany, 4. Stra\u0161\u00edn u \u0158\u00ed\u010dany, 5. Vod\u011br\u00e1dky, 6. Ja\u017elovice, 7. Ku\u0159\u00ed u \u0158\u00ed\u010dany.      <\/p>\n\n<figure class=\"wp-block-image size-full\"><img decoding=\"async\" width=\"966\" height=\"852\" src=\"https:\/\/www.ricany.cz\/wp-content\/smush-webp\/2023\/11\/ricany-mestska-policie-mapa_02.jpg.webp\" alt=\"\" class=\"wp-image-28455\" srcset=\"https:\/\/www.ricany.cz\/wp-content\/smush-webp\/2023\/11\/ricany-mestska-policie-mapa_02.jpg.webp 966w, https:\/\/www.ricany.cz\/wp-content\/smush-webp\/2023\/11\/ricany-mestska-policie-mapa_02-600x529.jpg.webp 600w, https:\/\/www.ricany.cz\/wp-content\/smush-webp\/2023\/11\/ricany-mestska-policie-mapa_02-412x363.jpg.webp 412w, https:\/\/www.ricany.cz\/wp-content\/smush-webp\/2023\/11\/ricany-mestska-policie-mapa_02-823x726.jpg.webp 823w, https:\/\/www.ricany.cz\/wp-content\/smush-webp\/2023\/11\/ricany-mestska-policie-mapa_02-300x265.jpg.webp 300w\" sizes=\"(max-width: 966px) 100vw, 966px\" \/><\/figure>\n\n<p><\/p>\n\n<p><strong><u>Prinzip und Stellenbeschreibung eines Revierbeamten in der Stadt \u0158\u00ed\u010dany<\/u><\/strong><\/p>\n\n<p>Das Prinzip des Revierbeamten ist eine gr\u00f6\u00dfere pers\u00f6nliche Verantwortung f\u00fcr das Revier und ein engerer Kontakt mit den B\u00fcrgern im Revier. Der Revierbeamte hat einen besseren \u00dcberblick \u00fcber das Geschehen vor Ort und sollte sich als Erster um Einzelf\u00e4lle k\u00fcmmern &#8211; um Vorf\u00e4lle im Rahmen der Gew\u00e4hrleistung der \u00f6ffentlichen Ordnung und deren Pr\u00e4vention, einschlie\u00dflich der Verkehrssicherheit. Bei Abwesenheit des Revierbeamten \u00fcbernimmt die Standard-MP-Streife den Dienst, die dann die notwendigen Informationen vom Dienst im Revier an den Revierbeamten weitergibt.  <\/p>\n\n<p>Der Revierbeamte f\u00fchrt auch regelm\u00e4\u00dfige MP-Streifendienste im gesamten Katastergebiet der Stadt \u0158\u00ed\u010dany durch.<\/p>\n\n<p>Der Bezirkspolizeibeamte nimmt seine Aufgaben und Pflichten gem\u00e4\u00df dem Gesetz \u00fcber die Gemeindepolizei Nr. 553\/1991 Slg. wahr, und jeder hat das Recht, ihn um Hilfe zu bitten. Die Aufgabenerf\u00fcllung im Bezirk erfolgt haupts\u00e4chlich durch Fu\u00dfpatrouillen oder in Form von Fahrrad- und Autopatrouillen.<\/p>\n\n<p><strong>Der Schwerpunkt der T\u00e4tigkeit des Revierbeamten liegt unter anderem in der Kontrolle von: <\/strong>unbefugter Besetzung des \u00f6ffentlichen Raums, geparkten Autowracks, freilaufenden Tieren, Verschmutzung des \u00f6ffentlichen Raums, unbefugter Einrichtung von M\u00fclldeponien, Einhaltung des zivilen Zusammenlebens, St\u00f6rung der Nachtruhe, Verbrechensbek\u00e4mpfung. \u00dcberwachung der Einhaltung der allgemeinverbindlichen Verordnungen der Stadt \u0158\u00ed\u010dany und Zusammenarbeit mit den Siedlungskomitees der einzelnen Stadtteile. <\/p>\n<section class=\"block block-record-listing-dynamic\" >\n    <div class=\"filters\">\n        <div class=\"facetwp-facet facetwp-facet-zaznamy_hledat facetwp-type-search\" data-name=\"zaznamy_hledat\" data-type=\"search\"><\/div><div class=\"facetwp-facet facetwp-facet-zaznamy_pocet facetwp-type-pager\" data-name=\"zaznamy_pocet\" data-type=\"pager\"><\/div>    <\/div>\n    <div class=\"facetwp-template records\">\n        <p class=\"notice\">We are really sorry but there are no records.<\/p>    <\/div>\n    <div class=\"facetwp-facet facetwp-facet-obecne_nacist_dalsi facetwp-type-pager\" data-name=\"obecne_nacist_dalsi\" data-type=\"pager\"><\/div><\/section>","protected":false},"excerpt":{"rendered":"<p>Anzahl der MP-Bezirke: 7 Anzahl der Bezirksbeamten: 7 Ein Revierbeamter der Stadtpolizei von \u0158\u00ed\u010dany(im Folgenden Revierbeamter genannt) verrichtet seinen Dienst&#8230;<\/p>\n","protected":false},"author":1,"featured_media":0,"parent":105259,"menu_order":358,"comment_status":"closed","ping_status":"closed","template":"","meta":{"_acf_changed":false,"_relevanssi_hide_post":"","_relevanssi_hide_content":"","_relevanssi_pin_for_all":"","_relevanssi_pin_keywords":"","_relevanssi_unpin_keywords":"","_relevanssi_related_keywords":"","_relevanssi_related_include_ids":"","_relevanssi_related_exclude_ids":"","_relevanssi_related_no_append":"","_relevanssi_related_not_related":"","_relevanssi_related_posts":"","_relevanssi_noindex_reason":"","inline_featured_image":false,"footnotes":""},"class_list":["post-105264","page","type-page","status-publish","hentry"],"acf":[],"_links":{"self":[{"href":"https:\/\/www.ricany.cz\/de\/wp-json\/wp\/v2\/pages\/105264","targetHints":{"allow":["GET"]}}],"collection":[{"href":"https:\/\/www.ricany.cz\/de\/wp-json\/wp\/v2\/pages"}],"about":[{"href":"https:\/\/www.ricany.cz\/de\/wp-json\/wp\/v2\/types\/page"}],"author":[{"embeddable":true,"href":"https:\/\/www.ricany.cz\/de\/wp-json\/wp\/v2\/users\/1"}],"replies":[{"embeddable":true,"href":"https:\/\/www.ricany.cz\/de\/wp-json\/wp\/v2\/comments?post=105264"}],"version-history":[{"count":1,"href":"https:\/\/www.ricany.cz\/de\/wp-json\/wp\/v2\/pages\/105264\/revisions"}],"predecessor-version":[{"id":105265,"href":"https:\/\/www.ricany.cz\/de\/wp-json\/wp\/v2\/pages\/105264\/revisions\/105265"}],"up":[{"embeddable":true,"href":"https:\/\/www.ricany.cz\/de\/wp-json\/wp\/v2\/pages\/105259"}],"wp:attachment":[{"href":"https:\/\/www.ricany.cz\/de\/wp-json\/wp\/v2\/media?parent=105264"}],"curies":[{"name":"wp","href":"https:\/\/api.w.org\/{rel}","templated":true}]}}