{"id":105242,"date":"2023-11-08T11:06:52","date_gmt":"2023-11-08T10:06:52","guid":{"rendered":"https:\/\/www.ricany.cz\/stadt\/ueberraschung-ricany\/archiv-ueberraschung-ricany\/4-jahr\/"},"modified":"2025-02-06T13:08:33","modified_gmt":"2025-02-06T12:08:33","slug":"4-jahr","status":"publish","type":"page","link":"https:\/\/www.ricany.cz\/de\/stadt\/ueberraschung-ricany\/4-jahr\/","title":{"rendered":"4. Jahr"},"content":{"rendered":"\n<p>Ergebnisse der Abstimmung auf der Website <a href=\"https:\/\/vote.d21.me\/vote\/PrekvapteRicanyIV\/results\">www.ridimricany.cz<\/a><\/p>\n<section class=\"block block-record-listing-dynamic\" >\n    <div class=\"filters\">\n        <div class=\"facetwp-facet facetwp-facet-zaznamy_hledat facetwp-type-search\" data-name=\"zaznamy_hledat\" data-type=\"search\"><\/div><div class=\"facetwp-facet facetwp-facet-zaznamy_pocet facetwp-type-pager\" data-name=\"zaznamy_pocet\" data-type=\"pager\"><\/div>    <\/div>\n    <div class=\"facetwp-template records\">\n        <article class=\"record\">\n    <div class=\"content\">\n        <h2>\n            <a class=\"popup-open\" href=\"https:\/\/www.ricany.cz\/de\/record\/ricanaci-nejvice-chteji-opravit-stezku-k-nadrazi-zastresit-autobusove-zastavky-a-zapojit-se-do-obnovy-lesa-podporili-i-moderni-umely-povrch-hriste-na-lazenske-louce\/\">                \u0158\u00ed\u010da\u0148\u00e1ci nejv\u00edce cht\u011bj\u00ed opravit stezku k n\u00e1dra\u017e\u00ed, zast\u0159e\u0161it autobusov\u00e9 zast\u00e1vky a zapojit se do obnovy lesa. Podpo\u0159ili i modern\u00ed um\u011bl\u00fd povrch h\u0159i\u0161t\u011b na L\u00e1ze\u0148sk\u00e9 louce.                <\/a>        <\/h2>\n                <div class=\"details\">\n            <div class=\"content-left\">\n                <p class=\"data icon calendar\" title=\"Publication date\" aria-label=\"Publication date\">\n                    <label>Publication date:<\/label> 21. 10. 2020                <\/p>\n                                                                            <\/div>\n                                <\/div>\n                    <a class=\"button popup-open\" href=\"https:\/\/www.ricany.cz\/de\/record\/ricanaci-nejvice-chteji-opravit-stezku-k-nadrazi-zastresit-autobusove-zastavky-a-zapojit-se-do-obnovy-lesa-podporili-i-moderni-umely-povrch-hriste-na-lazenske-louce\/\">Show more<\/a>\n            <\/div>\n<\/article>    <\/div>\n    <div class=\"facetwp-facet facetwp-facet-obecne_nacist_dalsi facetwp-type-pager\" data-name=\"obecne_nacist_dalsi\" data-type=\"pager\"><\/div><\/section>","protected":false},"excerpt":{"rendered":"<p>Ergebnisse der Abstimmung auf der Website www.ridimricany.cz<\/p>\n","protected":false},"author":1,"featured_media":0,"parent":105228,"menu_order":923,"comment_status":"closed","ping_status":"closed","template":"","meta":{"_acf_changed":false,"_relevanssi_hide_post":"","_relevanssi_hide_content":"","_relevanssi_pin_for_all":"","_relevanssi_pin_keywords":"","_relevanssi_unpin_keywords":"","_relevanssi_related_keywords":"","_relevanssi_related_include_ids":"","_relevanssi_related_exclude_ids":"","_relevanssi_related_no_append":"","_relevanssi_related_not_related":"","_relevanssi_related_posts":"","_relevanssi_noindex_reason":"","inline_featured_image":false,"footnotes":""},"class_list":["post-105242","page","type-page","status-publish","hentry"],"acf":[],"_links":{"self":[{"href":"https:\/\/www.ricany.cz\/de\/wp-json\/wp\/v2\/pages\/105242","targetHints":{"allow":["GET"]}}],"collection":[{"href":"https:\/\/www.ricany.cz\/de\/wp-json\/wp\/v2\/pages"}],"about":[{"href":"https:\/\/www.ricany.cz\/de\/wp-json\/wp\/v2\/types\/page"}],"author":[{"embeddable":true,"href":"https:\/\/www.ricany.cz\/de\/wp-json\/wp\/v2\/users\/1"}],"replies":[{"embeddable":true,"href":"https:\/\/www.ricany.cz\/de\/wp-json\/wp\/v2\/comments?post=105242"}],"version-history":[{"count":1,"href":"https:\/\/www.ricany.cz\/de\/wp-json\/wp\/v2\/pages\/105242\/revisions"}],"predecessor-version":[{"id":105243,"href":"https:\/\/www.ricany.cz\/de\/wp-json\/wp\/v2\/pages\/105242\/revisions\/105243"}],"up":[{"embeddable":true,"href":"https:\/\/www.ricany.cz\/de\/wp-json\/wp\/v2\/pages\/105228"}],"wp:attachment":[{"href":"https:\/\/www.ricany.cz\/de\/wp-json\/wp\/v2\/media?parent=105242"}],"curies":[{"name":"wp","href":"https:\/\/api.w.org\/{rel}","templated":true}]}}