{"id":105224,"date":"2023-10-30T13:53:10","date_gmt":"2023-10-30T12:53:10","guid":{"rendered":"https:\/\/www.ricany.cz\/stadt\/partnerstaedte\/"},"modified":"2025-02-06T13:05:09","modified_gmt":"2025-02-06T12:05:09","slug":"partnerstaedte","status":"publish","type":"page","link":"https:\/\/www.ricany.cz\/de\/stadt\/gegenwart\/partnerstaedte\/","title":{"rendered":"Partnerst\u00e4dte"},"content":{"rendered":"\n<div class=\"wp-block-buttons is-layout-flex wp-block-buttons-is-layout-flex\">\n<div class=\"wp-block-button\"><a class=\"wp-block-button__link wp-element-button\" href=\"https:\/\/twinning.ricany.cz\/\">St\u00e4dtepartnerschaft \u0158\u00ed\u010dany &#8211; St\u00e4dtepartnerschaft<\/a><\/div>\n<\/div>\n\n<h4 class=\"wp-block-heading\">Die Stadt \u0158\u00ed\u010dany ist Teil eines Netzwerks von Partnerst\u00e4dten mit anderen europ\u00e4ischen St\u00e4dten. Es ist eine Allianz zwischen den Menschen, die in den St\u00e4dten leben. Ihr Ziel ist es, kulturelle Traditionen, Erfahrungen und Freundschaften zu st\u00e4rken. <\/h4>\n\n<div class=\"wp-block-columns is-layout-flex wp-container-core-columns-is-layout-9d6595d7 wp-block-columns-is-layout-flex\">\n<div class=\"wp-block-column is-layout-flow wp-block-column-is-layout-flow\" style=\"flex-basis:50%\">\n<figure class=\"wp-block-image size-large is-style-default\"><img decoding=\"async\" width=\"1200\" height=\"345\" src=\"https:\/\/www.ricany.cz\/wp-content\/smush-webp\/2023\/11\/Partnerska_mesta_erby-1-1200x345.jpg.webp\" alt=\"\" class=\"wp-image-46381\" srcset=\"https:\/\/www.ricany.cz\/wp-content\/smush-webp\/2023\/11\/Partnerska_mesta_erby-1-1200x345.jpg.webp 1200w, https:\/\/www.ricany.cz\/wp-content\/smush-webp\/2023\/11\/Partnerska_mesta_erby-1-600x172.jpg.webp 600w, https:\/\/www.ricany.cz\/wp-content\/smush-webp\/2023\/11\/Partnerska_mesta_erby-1-472x136.jpg.webp 472w, https:\/\/www.ricany.cz\/wp-content\/smush-webp\/2023\/11\/Partnerska_mesta_erby-1-944x271.jpg.webp 944w, https:\/\/www.ricany.cz\/wp-content\/smush-webp\/2023\/11\/Partnerska_mesta_erby-1-300x86.jpg.webp 300w, https:\/\/www.ricany.cz\/wp-content\/smush-webp\/2023\/11\/Partnerska_mesta_erby-1.jpg.webp 1392w\" sizes=\"(max-width: 1200px) 100vw, 1200px\" \/><\/figure>\n<\/div>\n\n\n\n<div class=\"wp-block-column is-layout-flow wp-block-column-is-layout-flow\" style=\"flex-basis:50%\">\n<figure class=\"wp-block-image size-large is-style-default\"><img decoding=\"async\" width=\"1200\" height=\"345\" src=\"https:\/\/www.ricany.cz\/wp-content\/smush-webp\/2023\/11\/Partnerska_mesta_erby-2-1200x345.jpg.webp\" alt=\"\" class=\"wp-image-46384\" srcset=\"https:\/\/www.ricany.cz\/wp-content\/smush-webp\/2023\/11\/Partnerska_mesta_erby-2-1200x345.jpg.webp 1200w, https:\/\/www.ricany.cz\/wp-content\/smush-webp\/2023\/11\/Partnerska_mesta_erby-2-600x172.jpg.webp 600w, https:\/\/www.ricany.cz\/wp-content\/smush-webp\/2023\/11\/Partnerska_mesta_erby-2-472x136.jpg.webp 472w, https:\/\/www.ricany.cz\/wp-content\/smush-webp\/2023\/11\/Partnerska_mesta_erby-2-944x271.jpg.webp 944w, https:\/\/www.ricany.cz\/wp-content\/smush-webp\/2023\/11\/Partnerska_mesta_erby-2-300x86.jpg.webp 300w, https:\/\/www.ricany.cz\/wp-content\/smush-webp\/2023\/11\/Partnerska_mesta_erby-2.jpg.webp 1392w\" sizes=\"(max-width: 1200px) 100vw, 1200px\" \/><\/figure>\n<\/div>\n<\/div>\n\n<p><strong>Partnerst\u00e4dte sind:<\/strong><\/p>\n\n<ul class=\"wp-block-list\">\n<li>Albertslund in D\u00e4nemark,  <\/li>\n\n\n\n<li>Borken in Deutschland,  <\/li>\n\n\n\n<li>Dainville, Frankreich,  <\/li>\n\n\n\n<li>Grabow in Deutschland,  <\/li>\n\n\n\n<li>M\u00f6lndal in Schweden,  <\/li>\n\n\n\n<li>Abat\u00f3wek in Polen,<\/li>\n\n\n\n<li>Whitstable in Gro\u00dfbritannien.  <\/li>\n<\/ul>\n\n<p>Der erste Partnerschaftsvertrag wurde 1993 mit der Stadt <em>Albertslund<\/em> geschlossen. Der letzte wurde 2017 mit der Stadt <em>Borken<\/em> geschlossen. Die Stadt \u0158\u00ed\u010dany ist ein sehr aktives Mitglied dieses Partnerschaftsnetzwerks, unsere Sch\u00fcler nehmen regelm\u00e4\u00dfig an den Drachenbootrennen in Borken teil und es gibt auch eine langj\u00e4hrige erfolgreiche Zusammenarbeit innerhalb der Kunstschulen (ZU\u0160) in jeder Stadt. Neben kulturellen und sportlichen Veranstaltungen organisieren wir auch den Austausch von st\u00e4dtischen Mitarbeitern im Rahmen des gegenseitigen Informations- und Erfahrungsaustauschs.   <\/p>\n\n<p>Das letzte j\u00e4hrliche Treffen der Partnerst\u00e4dte fand am 24. und 26. November 2023 in unserem Haus in \u0158\u00ed\u010dany statt. <\/p>\n\n<figure class=\"wp-block-image size-large\"><img decoding=\"async\" width=\"1200\" height=\"642\" src=\"https:\/\/www.ricany.cz\/wp-content\/smush-webp\/2023\/11\/Partnerska_mesta.jpg-1200x642.jpg.webp\" alt=\"\" class=\"wp-image-46378\" srcset=\"https:\/\/www.ricany.cz\/wp-content\/smush-webp\/2023\/11\/Partnerska_mesta.jpg-1200x642.jpg.webp 1200w, https:\/\/www.ricany.cz\/wp-content\/smush-webp\/2023\/11\/Partnerska_mesta.jpg-600x321.jpg.webp 600w, https:\/\/www.ricany.cz\/wp-content\/smush-webp\/2023\/11\/Partnerska_mesta.jpg-472x253.jpg.webp 472w, https:\/\/www.ricany.cz\/wp-content\/smush-webp\/2023\/11\/Partnerska_mesta.jpg-944x505.jpg.webp 944w, https:\/\/www.ricany.cz\/wp-content\/smush-webp\/2023\/11\/Partnerska_mesta.jpg-300x161.jpg.webp 300w\" sizes=\"(max-width: 1200px) 100vw, 1200px\" \/><\/figure>\n","protected":false},"excerpt":{"rendered":"<p>Die Stadt \u0158\u00ed\u010dany ist Teil eines Netzwerks von Partnerst\u00e4dten mit anderen europ\u00e4ischen St\u00e4dten. Es ist eine Allianz zwischen den Menschen,&#8230;<\/p>\n","protected":false},"author":3,"featured_media":0,"parent":105170,"menu_order":882,"comment_status":"closed","ping_status":"closed","template":"","meta":{"_acf_changed":false,"_relevanssi_hide_post":"","_relevanssi_hide_content":"","_relevanssi_pin_for_all":"","_relevanssi_pin_keywords":"","_relevanssi_unpin_keywords":"","_relevanssi_related_keywords":"","_relevanssi_related_include_ids":"","_relevanssi_related_exclude_ids":"","_relevanssi_related_no_append":"","_relevanssi_related_not_related":"","_relevanssi_related_posts":"","_relevanssi_noindex_reason":"","inline_featured_image":false,"footnotes":""},"class_list":["post-105224","page","type-page","status-publish","hentry"],"acf":[],"_links":{"self":[{"href":"https:\/\/www.ricany.cz\/de\/wp-json\/wp\/v2\/pages\/105224","targetHints":{"allow":["GET"]}}],"collection":[{"href":"https:\/\/www.ricany.cz\/de\/wp-json\/wp\/v2\/pages"}],"about":[{"href":"https:\/\/www.ricany.cz\/de\/wp-json\/wp\/v2\/types\/page"}],"author":[{"embeddable":true,"href":"https:\/\/www.ricany.cz\/de\/wp-json\/wp\/v2\/users\/3"}],"replies":[{"embeddable":true,"href":"https:\/\/www.ricany.cz\/de\/wp-json\/wp\/v2\/comments?post=105224"}],"version-history":[{"count":1,"href":"https:\/\/www.ricany.cz\/de\/wp-json\/wp\/v2\/pages\/105224\/revisions"}],"predecessor-version":[{"id":105225,"href":"https:\/\/www.ricany.cz\/de\/wp-json\/wp\/v2\/pages\/105224\/revisions\/105225"}],"up":[{"embeddable":true,"href":"https:\/\/www.ricany.cz\/de\/wp-json\/wp\/v2\/pages\/105170"}],"wp:attachment":[{"href":"https:\/\/www.ricany.cz\/de\/wp-json\/wp\/v2\/media?parent=105224"}],"curies":[{"name":"wp","href":"https:\/\/api.w.org\/{rel}","templated":true}]}}