{"id":105210,"date":"2023-10-10T09:19:10","date_gmt":"2023-10-10T07:19:10","guid":{"rendered":"https:\/\/www.ricany.cz\/stadt\/staedtischer-verkehr\/gemeinsame-fahrraeder\/"},"modified":"2025-02-06T12:50:37","modified_gmt":"2025-02-06T11:50:37","slug":"gemeinsame-fahrraeder","status":"publish","type":"page","link":"https:\/\/www.ricany.cz\/de\/stadt\/staedtischer-verkehr\/gemeinsame-fahrraeder\/","title":{"rendered":"Gemeinsame Fahrr\u00e4der"},"content":{"rendered":"\n<p>Derzeit gibt es in \u0158\u00ed\u010dany 60 Gemeinschaftsfahrr\u00e4der, die Sie an einer von 30 Stationen ausleihen k\u00f6nnen. Die ersten 15 Minuten sind kostenlos, dank unseres Bikesharing-Partners Contera. Jede weitere 30 Minuten kostet 30 Kronen (die Geb\u00fchr f\u00fcr den ganzen Tag betr\u00e4gt 300 Kronen).<\/p>\n\n<ul class=\"wp-block-list\">\n<li>Die Fahrr\u00e4der sind mit GPS mit SMARTlock-Funktion ausgestattet, die eine \u00dcberwachung und Sperrung im Falle eines Diebstahls erm\u00f6glicht.<br\/> <\/li>\n\n\n\n<li>Der Bikesharing-Service f\u00fcr \u0158\u00ed\u010dany wird von Nextbike angeboten, das auch in anderen St\u00e4dten, darunter Prag, Shared Bikes betreibt. Weitere Informationen, eine Preisliste und eine Karte der Stationen mit der aktuellen Anzahl der Fahrr\u00e4der finden Sie unter <strong>\n  <a href=\"https:\/\/www.nextbikeczech.com\/mesto\/ricany\/\">https:\/\/www.nextbikeczech.com\/mesto\/ricany\/<\/a>\n<\/strong><\/li>\n<\/ul>\n\n<p><strong>Ich m\u00f6chte zum ersten Mal ein Fahrrad mieten. Wie macht man das?<\/strong><br\/>Wenn Sie ein Smartphone haben, laden Sie die nextbike-App herunter. Melden Sie sich an, geben Sie Ihren Vornamen, Nachnamen und Ihre E-Mail-Adresse an und w\u00e4hlen Sie in den Kontoeinstellungen eine Zahlungsmethode &#8211; Kreditkarte. Die Karte wird mit einer Zahlung von 50 CZK verifiziert, die automatisch auf das Reiseguthaben \u00fcbertragen wird, und das Konto ist aktiv. Wenn Sie zum Rad kommen, scannen Sie den QR-Code und das Schloss \u00f6ffnet sich.<\/p>\n\n<p><strong>Wie kann ich ein Darlehen beenden?<\/strong><br\/>Um den Verleih zu beenden, ziehen Sie einfach manuell den blauen Sperrhebel \u00fcber dem Hinterrad. Nach dem Signalton wird die Ausleihe beendet. Sie brauchen in der App nichts auszuw\u00e4hlen, aber \u00fcberpr\u00fcfen Sie immer das Ende des Kredits in Meine Kredite.<\/p>\n\n<p><strong>Was passiert, wenn ich das Fahrrad nicht an der offiziellen Station zur\u00fcckbringe?<\/strong><br\/>F\u00fcr die R\u00fcckgabe des Fahrrads au\u00dferhalb der offiziellen Station wird eine Servicegeb\u00fchr erhoben.<\/p>\n\n<p><strong>Wo und wann kann ich ein Fahrrad mieten?<\/strong><br\/>Die Fahrr\u00e4der sind immer verf\u00fcgbar und Sie k\u00f6nnen ihre aktuelle Verf\u00fcgbarkeit auf der Karte in der App \u00fcberpr\u00fcfen.<\/p>\n\n<p><strong>Ist es m\u00f6glich, ein Fahrrad zu buchen?<\/strong><br\/>Ja, und es ist ganz einfach. Nur zwei Klicks in der App. Klicken Sie einfach auf das gew\u00fcnschte Fahrrad und best\u00e4tigen Sie Ihre Buchung &#8211; das dauert 15 Minuten und kostet 10 Kronen.<\/p>\n\n<p><br\/>W<strong>ie melde ich ein Problem mit meinem Verleih oder einen Defekt an meinem Fahrrad?<\/strong> Der einfachste Weg, ein<strong>Problem<\/strong> zu melden, ist, direkt in der App im Bereich &#8222;Brauchen Sie Hilfe?&#8220; ein Feedback zu hinterlassen. Sie k\u00f6nnen einen Kommentar \u00fcber den technischen Zustand des Fahrrads oder das Problem mit dem Leihger\u00e4t hinzuf\u00fcgen. Alternativ k\u00f6nnen Sie auch den Kundendienst anrufen (+420 581 652 047) oder werktags von 9:00 bis 17:00 Uhr eine E-Mail an servis@nextbikeczech.com senden.<\/p>\n\n<p><strong>Liste der Lebensr\u00e4ume:<\/strong><\/p>\n\n<ul class=\"wp-block-list\">\n<li>Bahnhof, Freedom Road<\/li>\n\n\n\n<li>Bahnhof, Rondel (oben)<\/li>\n\n\n\n<li>Masaryk-Platz (in der N\u00e4he des Rathauses)<\/li>\n\n\n\n<li>Olivova-Stra\u00dfe, Bahn\u00fcbergang<\/li>\n\n\n\n<li>Olivova-Siedlung, Bushaltestelle<\/li>\n\n\n\n<li>M\u00fchlenteich, Spielplatz Kolovratsk\u00e1<\/li>\n\n\n\n<li>Sporthalle, Ol\u0161any<\/li>\n\n\n\n<li>Comenius-Platz, Gabi Caf\u00e9<\/li>\n\n\n\n<li>Centrum Na Fialce, M\u00e1nesova Stra\u00dfe<\/li>\n\n\n\n<li>Z\u00f6ller-Komplex<\/li>\n\n\n\n<li>Gebiet Contera, Rossman<\/li>\n\n\n\n<li>Contera-Komplex, Technick\u00e1 ul.<\/li>\n\n\n\n<li>Verkehrsspielplatz, Na Obci<\/li>\n\n\n\n<li>O\u00e1za, V. Chobota<\/li>\n\n\n\n<li>Na Kav\u010d\u00ed sk\u00e1le, ul. 5. Mai (Park)<\/li>\n\n\n\n<li>Na Kav\u010d\u00ed sk\u00e1le, M\u0160 \u010cty\u0159l\u00edstek<\/li>\n\n\n\n<li>Kindergarten Zahr\u00e1dka, Doma\u017elick\u00e1 ul.<\/li>\n\n\n\n<li>Gazebo Na Vysok\u00e9, am Radweg<\/li>\n\n\n\n<li>Gazebo Kolovratsk\u00e1, am Radweg<\/li>\n\n\n\n<li>OC Lihovar<\/li>\n\n\n\n<li>17. November, Dr. Max Apotheke<\/li>\n\n\n\n<li>Marv\u00e1nek, bei der Kneipe<\/li>\n\n\n\n<li>Jure\u010dek, in der N\u00e4he des Restaurants<\/li>\n\n\n\n<li>Bezru\u010dova Stra\u00dfe, neben dem Kn\u00f6delladen<\/li>\n\n\n\n<li>An der Br\u00fccke, Parkplatz<\/li>\n\n\n\n<li>Smi\u0159ick\u00fdch, bei der Br\u00fccke<\/li>\n\n\n\n<li>Pacov, Sportkomplex<\/li>\n\n\n\n<li>Stra\u0161\u00edn, Pastelkov<\/li>\n\n\n\n<li>Stra\u0161\u00edn, Gemeindehaus<\/li>\n\n\n\n<li>Stra\u0161\u00edn, an der Bushaltestelle<\/li>\n<\/ul>\n","protected":false},"excerpt":{"rendered":"<p>Derzeit gibt es in \u0158\u00ed\u010dany 60 Gemeinschaftsfahrr\u00e4der, die Sie an einer von 30 Stationen ausleihen k\u00f6nnen. Die ersten 15 Minuten&#8230;<\/p>\n","protected":false},"author":1,"featured_media":0,"parent":105195,"menu_order":326,"comment_status":"closed","ping_status":"closed","template":"","meta":{"_acf_changed":false,"_relevanssi_hide_post":"","_relevanssi_hide_content":"","_relevanssi_pin_for_all":"","_relevanssi_pin_keywords":"","_relevanssi_unpin_keywords":"","_relevanssi_related_keywords":"","_relevanssi_related_include_ids":"","_relevanssi_related_exclude_ids":"","_relevanssi_related_no_append":"","_relevanssi_related_not_related":"","_relevanssi_related_posts":"","_relevanssi_noindex_reason":"","inline_featured_image":false,"footnotes":""},"class_list":["post-105210","page","type-page","status-publish","hentry"],"acf":[],"_links":{"self":[{"href":"https:\/\/www.ricany.cz\/de\/wp-json\/wp\/v2\/pages\/105210","targetHints":{"allow":["GET"]}}],"collection":[{"href":"https:\/\/www.ricany.cz\/de\/wp-json\/wp\/v2\/pages"}],"about":[{"href":"https:\/\/www.ricany.cz\/de\/wp-json\/wp\/v2\/types\/page"}],"author":[{"embeddable":true,"href":"https:\/\/www.ricany.cz\/de\/wp-json\/wp\/v2\/users\/1"}],"replies":[{"embeddable":true,"href":"https:\/\/www.ricany.cz\/de\/wp-json\/wp\/v2\/comments?post=105210"}],"version-history":[{"count":1,"href":"https:\/\/www.ricany.cz\/de\/wp-json\/wp\/v2\/pages\/105210\/revisions"}],"predecessor-version":[{"id":105211,"href":"https:\/\/www.ricany.cz\/de\/wp-json\/wp\/v2\/pages\/105210\/revisions\/105211"}],"up":[{"embeddable":true,"href":"https:\/\/www.ricany.cz\/de\/wp-json\/wp\/v2\/pages\/105195"}],"wp:attachment":[{"href":"https:\/\/www.ricany.cz\/de\/wp-json\/wp\/v2\/media?parent=105210"}],"curies":[{"name":"wp","href":"https:\/\/api.w.org\/{rel}","templated":true}]}}