{"id":105205,"date":"2023-10-10T09:10:53","date_gmt":"2023-10-10T07:10:53","guid":{"rendered":"https:\/\/www.ricany.cz\/stadt\/staedtischer-verkehr\/seniorentaxi\/"},"modified":"2025-02-06T12:49:07","modified_gmt":"2025-02-06T11:49:07","slug":"seniorentaxi","status":"publish","type":"page","link":"https:\/\/www.ricany.cz\/de\/stadt\/staedtischer-verkehr\/seniorentaxi\/","title":{"rendered":"Seniorentaxi"},"content":{"rendered":"\n<p><strong>Der SENIOR TAXI-Service kann von Senioren mit Wohnsitz in \u0158\u00ed\u010dany \u00fcber 65 Jahren oder Inhabern von ZTP- und ZTP\/P-Karten mit einer Begleitperson genutzt werden.  <\/strong><strong>Nach \u0158\u00ed\u010dany zahlen Sie 15 CZK f\u00fcr eine Fahrt. Die R\u00fcckfahrt muss separat gebucht werden, ebenfalls f\u00fcr 15 CZK. Sie k\u00f6nnen den Service auch f\u00fcr Fahrten zu medizinischen Einrichtungen in Prag nutzen.  <\/strong><\/p>\n\n<ul class=\"wp-block-list\">\n<li>Seit Anfang November k\u00f6nnen Senioren in \u0158\u00ed\u010dany den Seniorentaxi-Service f\u00fcr Fahrten zu weiter entfernten medizinischen Einrichtungen in Prag nutzen. Bislang war der Service auf ausgew\u00e4hlte Praxen und Krankenh\u00e4user gem\u00e4\u00df einer genehmigten Liste beschr\u00e4nkt, aber dies wurde aufgrund der wachsenden Zahl von Anfragen f\u00fcr den Transport zu anderen medizinischen Einrichtungen aufgehoben. Jetzt bietet Senior Taxi zwei Optionen je nach Entfernung an: f\u00fcr Fahrten nach Prag bis zu 30 km betr\u00e4gt der Startpreis 150 CZK und f\u00fcr Entfernungen bis zu 60 km 300 CZK. Die R\u00fcckfahrt muss separat zu einem Preis von 150 CZK \/ 300 CZK gebucht werden. Wir sind der Meinung, dass diese \u00c4nderung mehr Flexibilit\u00e4t bringt und es Senioren erm\u00f6glicht, leichter einen Arzt zu besuchen, der ihren individuellen Bed\u00fcrfnissen entspricht.    <\/li>\n<\/ul>\n\n<ul class=\"wp-block-list\">\n<li>Die <strong>SENIOR TAXI CARD<\/strong>, die zur Inanspruchnahme der Dienstleistung berechtigt, wird auf der Grundlage des vorgelegten Personalausweises an der Kasse des Rathauses am Masaryk-Platz oder an der Kasse des Rathauses am Komensk\u00fd-Platz ausgestellt. Voraussetzung ist ein Wohnsitz in \u0158\u00ed\u010dany oder eine eidesstattliche Erkl\u00e4rung \u00fcber den Aufenthalt bei Verwandten oder in einem Altenheim, DPS.<br\/> <\/li>\n\n\n\n<li><strong>Sie k\u00f6nnen Ihre Reise jederzeit unter der Telefonnummer +420 724 382 353 reservieren, wobei <\/strong>die Reservierung mindestens 24 Stunden im Voraus erfolgen muss. Wenn Sie am Tag der Fahrt buchen, kann es sein, dass keine Pl\u00e4tze mehr frei sind. Wenn Sie den R\u00fccktransfer nutzen m\u00f6chten, vergessen Sie nicht, Ihre R\u00fcckfahrt zu buchen.<strong>  Der Dienst wird nur werktags von 7.00 Uhr bis 15.30 Uhr angeboten.  <\/strong>Eine Person kann mit einer \u00e4lteren Person als Begleitperson ohne SENIOR TAXI-Karte oder mit mehreren Personen mit einer Karte reisen. Eine Fahrt f\u00fcr alle kostet 15 \/ 150 Kronen.<br\/> <\/li>\n\n\n\n<li>Sie k\u00f6nnen in \u0158\u00ed\u010dany \u00fcberall hinfahren, wo Sie hinm\u00fcssen (zur Post, zum Arzt, zum Lebensmittelgesch\u00e4ft, zum Friseur, zu einem Besuch). Sie gilt auch f\u00fcr die Gebietsteile Pacov, Ku\u0159\u00ed, Stra\u0161\u00edn, Vod\u011br\u00e1dky und Ja\u017elovice.  <br\/><\/li>\n\n\n\n<li>Wenn Sie weitere Fragen oder Anmerkungen haben, wenden Sie sich bitte an die Stadtr\u00e4tin, Ing. Jarmila Vor\u00e1\u010dkov\u00e1, Tel.: 323 618 109.<br\/><\/li>\n\n\n\n<li>Der beliebte und bew\u00e4hrte SENOR TAXI Service ist seit 2018 in \u0158\u00ed\u010dany t\u00e4tig.  <\/li>\n<\/ul>\n\n<figure class=\"wp-block-image size-full\"><img decoding=\"async\" width=\"1000\" height=\"667\" src=\"https:\/\/www.ricany.cz\/wp-content\/smush-webp\/2023\/10\/ricany-doprava-senior-taxi.jpg.webp\" alt=\"\" class=\"wp-image-12326\" srcset=\"https:\/\/www.ricany.cz\/wp-content\/smush-webp\/2023\/10\/ricany-doprava-senior-taxi.jpg.webp 1000w, https:\/\/www.ricany.cz\/wp-content\/smush-webp\/2023\/10\/ricany-doprava-senior-taxi-600x400.jpg.webp 600w, https:\/\/www.ricany.cz\/wp-content\/smush-webp\/2023\/10\/ricany-doprava-senior-taxi-472x315.jpg.webp 472w, https:\/\/www.ricany.cz\/wp-content\/smush-webp\/2023\/10\/ricany-doprava-senior-taxi-944x630.jpg.webp 944w, https:\/\/www.ricany.cz\/wp-content\/smush-webp\/2023\/10\/ricany-doprava-senior-taxi-300x200.jpg.webp 300w\" sizes=\"(max-width: 1000px) 100vw, 1000px\" \/><\/figure>\n","protected":false},"excerpt":{"rendered":"<p>Der SENIOR TAXI-Service kann von Senioren mit Wohnsitz in \u0158\u00ed\u010dany \u00fcber 65 Jahren oder Inhabern von ZTP- und ZTP\/P-Karten mit&#8230;<\/p>\n","protected":false},"author":1,"featured_media":0,"parent":105195,"menu_order":317,"comment_status":"closed","ping_status":"closed","template":"","meta":{"_acf_changed":false,"_relevanssi_hide_post":"","_relevanssi_hide_content":"","_relevanssi_pin_for_all":"","_relevanssi_pin_keywords":"","_relevanssi_unpin_keywords":"","_relevanssi_related_keywords":"","_relevanssi_related_include_ids":"","_relevanssi_related_exclude_ids":"","_relevanssi_related_no_append":"","_relevanssi_related_not_related":"","_relevanssi_related_posts":"","_relevanssi_noindex_reason":"","inline_featured_image":false,"footnotes":""},"class_list":["post-105205","page","type-page","status-publish","hentry"],"acf":[],"_links":{"self":[{"href":"https:\/\/www.ricany.cz\/de\/wp-json\/wp\/v2\/pages\/105205","targetHints":{"allow":["GET"]}}],"collection":[{"href":"https:\/\/www.ricany.cz\/de\/wp-json\/wp\/v2\/pages"}],"about":[{"href":"https:\/\/www.ricany.cz\/de\/wp-json\/wp\/v2\/types\/page"}],"author":[{"embeddable":true,"href":"https:\/\/www.ricany.cz\/de\/wp-json\/wp\/v2\/users\/1"}],"replies":[{"embeddable":true,"href":"https:\/\/www.ricany.cz\/de\/wp-json\/wp\/v2\/comments?post=105205"}],"version-history":[{"count":1,"href":"https:\/\/www.ricany.cz\/de\/wp-json\/wp\/v2\/pages\/105205\/revisions"}],"predecessor-version":[{"id":105206,"href":"https:\/\/www.ricany.cz\/de\/wp-json\/wp\/v2\/pages\/105205\/revisions\/105206"}],"up":[{"embeddable":true,"href":"https:\/\/www.ricany.cz\/de\/wp-json\/wp\/v2\/pages\/105195"}],"wp:attachment":[{"href":"https:\/\/www.ricany.cz\/de\/wp-json\/wp\/v2\/media?parent=105205"}],"curies":[{"name":"wp","href":"https:\/\/api.w.org\/{rel}","templated":true}]}}