{"id":105073,"date":"2023-10-13T10:11:20","date_gmt":"2023-10-13T08:11:20","guid":{"rendered":"https:\/\/www.ricany.cz\/rathaus\/gemeindeamt\/abteilungen-und-bereiche\/abteilung-stadtverwaltung-und-instandhaltung\/verwaltung-der-friedhoefe\/"},"modified":"2025-02-06T12:58:33","modified_gmt":"2025-02-06T11:58:33","slug":"verwaltung-der-friedhoefe","status":"publish","type":"page","link":"https:\/\/www.ricany.cz\/de\/rathaus\/gemeindeamt\/abteilungen-und-bereiche\/abteilung-stadtverwaltung-und-instandhaltung\/verwaltung-der-friedhoefe\/","title":{"rendered":"Verwaltung der Friedh\u00f6fe"},"content":{"rendered":"\n<p><strong>Standort:<\/strong> <\/p>\n\n<ul class=\"wp-block-list\">\n<li>ul. K Soln\u00e9 stezce 72, \u0158\u00ed\u010dany<\/li>\n<\/ul>\n\n<h3 class=\"wp-block-heading\">B\u00fcrozeiten<\/h3>\n\n<figure class=\"wp-block-table\"><table class=\"has-fixed-layout\"><thead><tr><th>offizieller Tag<\/th><th class=\"has-text-align-left\" data-align=\"left\">Morgen<\/th><th class=\"has-text-align-left\" data-align=\"left\">Nachmittag<\/th><\/tr><\/thead><tbody><tr><td>Montag<\/td><td class=\"has-text-align-left\" data-align=\"left\">9.00-12.00<\/td><td class=\"has-text-align-left\" data-align=\"left\">12.30-18.00<\/td><\/tr><tr><td>Dienstag<\/td><td class=\"has-text-align-left\" data-align=\"left\">per Telefon<\/td><td class=\"has-text-align-left\" data-align=\"left\">per Telefon<\/td><\/tr><tr><td>Mittwoch<\/td><td class=\"has-text-align-left\" data-align=\"left\">9.00-12.00<\/td><td class=\"has-text-align-left\" data-align=\"left\">12.30-18.00<\/td><\/tr><tr><td>Donnerstag<\/td><td class=\"has-text-align-left\" data-align=\"left\">per Telefon<\/td><td class=\"has-text-align-left\" data-align=\"left\">per Telefon<\/td><\/tr><tr><td>Freitag<\/td><td class=\"has-text-align-left\" data-align=\"left\">per Telefon<\/td><td class=\"has-text-align-left\" data-align=\"left\">\u2014<\/td><\/tr><\/tbody><\/table><\/figure>\n\n<p>Im Allgemeinen befasst sich die Friedhofsverwaltung mit diesem Thema:<\/p>\n\n<ul class=\"wp-block-list\">\n<li>Betrieb von \u00f6ffentlichen Friedh\u00f6fen<\/li>\n\n\n\n<li>Vertr\u00e4ge \u00fcber die Anmietung von Grabstellen<\/li>\n\n\n\n<li>Organisation der Abfallwirtschaft auf Friedh\u00f6fen<\/li>\n\n\n\n<li>Registrierung von Gedenkst\u00e4tten und Kriegsgr\u00e4bern<\/li>\n<\/ul>\n\n<h3 class=\"wp-block-heading\">Kontakt<\/h3>\n    <section class=\"block block-contacts\" >\n                    <div class=\"contacts\">\n                <article class=\"contact mestsky-urad-ricany\">\n            <div class=\"picture placeholder\">\n            &nbsp;\n        <\/div>\n        <div class=\"content\">\n        <h4>                Mi\u010dkov\u00e1 Monika                <\/h4>                    <div class=\"description\">referent spr\u00e1vy h\u0159bitov\u016f<\/div>\n                <div class=\"details\">\n                            <a class=\"icon phone\" href=\"tel:+420323602665\" title=\"Phone\" aria-label=\"Phone\">+420&nbsp;323&nbsp;602&nbsp;665&nbsp;<\/a>\n                                        <a class=\"icon mobile\" href=\"tel:+420771296430\" title=\"Mobile\" aria-label=\"Mobile\">+420&nbsp;771 296 430<\/a>\n                                        <a class=\"icon mail\" href=\"mailto:monika.mickova@ricany.cz\" title=\"Email\" aria-label=\"Email\">monika.mickova@ricany.cz<\/a>\n                                                                <p class=\"icon department\">\n                                                <a href=\"https:\/\/www.ricany.cz\/kontakty\/databaze-kontaktu\/?_kontakty_oddeleni=odbor-spravy-a-udrzby-mesta\" title=\"Department\" aria-label=\"Department\">Odbor spr\u00e1vy a \u00fadr\u017eby m\u011bsta<\/a>\n                                    <\/p>\n                                            <\/div>\n    <\/div>\n<\/article><article class=\"contact odbor-spravy-a-udrzby-mesta\">\n            <div class=\"picture placeholder\">\n            &nbsp;\n        <\/div>\n        <div class=\"content\">\n        <h4>                Zden\u011bk Kr\u00e1l\u00edk                <\/h4>                    <div class=\"description\">spr\u00e1vce h\u0159bitova<\/div>\n                <div class=\"details\">\n                                        <a class=\"icon mobile\" href=\"tel:+420606779640\" title=\"Mobile\" aria-label=\"Mobile\">+420&nbsp;606 779 640<\/a>\n                                                                            <p class=\"icon department\">\n                                                <a href=\"https:\/\/www.ricany.cz\/kontakty\/databaze-kontaktu\/?_kontakty_oddeleni=odbor-spravy-a-udrzby-mesta\" title=\"Department\" aria-label=\"Department\">Odbor spr\u00e1vy a \u00fadr\u017eby m\u011bsta<\/a>\n                                    <\/p>\n                                            <\/div>\n    <\/div>\n<\/article>            <\/div>\n            <\/section>\n    <section class=\"block block-files\" >\n                    <div class=\"files\">\n                                    <a class=\"file pdf\" href=\"https:\/\/www.ricany.cz\/wp-content\/uploads\/2023\/10\/Rad-verejnych-pohrebist-2020.pdf\" download>\n                        <span class=\"title\">\u0158\u00e1d ve\u0159ejn\u00fdch poh\u0159ebi\u0161\u0165 2020<\/span>\n                        <span class=\"right\">\n                            <span class=\"size\">485.31 kB,<\/span>\n                            <span class=\"extension\">pdf<\/span>                        <\/span>\n                    <\/a>\n                                    <a class=\"file pdf\" href=\"https:\/\/www.ricany.cz\/wp-content\/uploads\/2023\/10\/Cenik-ricanskych-hrbitovu-2018.pdf\" download>\n                        <span class=\"title\">Cen\u00edk \u0159\u00ed\u010dansk\u00fdch h\u0159bitov\u016f 2018<\/span>\n                        <span class=\"right\">\n                            <span class=\"size\">1.13 MB,<\/span>\n                            <span class=\"extension\">pdf<\/span>                        <\/span>\n                    <\/a>\n                            <\/div>\n            <\/section>\n","protected":false},"excerpt":{"rendered":"<p>Standort: B\u00fcrozeiten offizieller Tag Morgen Nachmittag Montag 9.00-12.00 12.30-18.00 Dienstag per Telefon per Telefon Mittwoch 9.00-12.00 12.30-18.00 Donnerstag per Telefon&#8230;<\/p>\n","protected":false},"author":1,"featured_media":0,"parent":105071,"menu_order":767,"comment_status":"closed","ping_status":"closed","template":"","meta":{"_acf_changed":false,"_relevanssi_hide_post":"","_relevanssi_hide_content":"","_relevanssi_pin_for_all":"","_relevanssi_pin_keywords":"","_relevanssi_unpin_keywords":"","_relevanssi_related_keywords":"","_relevanssi_related_include_ids":"","_relevanssi_related_exclude_ids":"","_relevanssi_related_no_append":"","_relevanssi_related_not_related":"","_relevanssi_related_posts":"","_relevanssi_noindex_reason":"","inline_featured_image":false,"footnotes":""},"class_list":["post-105073","page","type-page","status-publish","hentry"],"acf":[],"_links":{"self":[{"href":"https:\/\/www.ricany.cz\/de\/wp-json\/wp\/v2\/pages\/105073","targetHints":{"allow":["GET"]}}],"collection":[{"href":"https:\/\/www.ricany.cz\/de\/wp-json\/wp\/v2\/pages"}],"about":[{"href":"https:\/\/www.ricany.cz\/de\/wp-json\/wp\/v2\/types\/page"}],"author":[{"embeddable":true,"href":"https:\/\/www.ricany.cz\/de\/wp-json\/wp\/v2\/users\/1"}],"replies":[{"embeddable":true,"href":"https:\/\/www.ricany.cz\/de\/wp-json\/wp\/v2\/comments?post=105073"}],"version-history":[{"count":2,"href":"https:\/\/www.ricany.cz\/de\/wp-json\/wp\/v2\/pages\/105073\/revisions"}],"predecessor-version":[{"id":105219,"href":"https:\/\/www.ricany.cz\/de\/wp-json\/wp\/v2\/pages\/105073\/revisions\/105219"}],"up":[{"embeddable":true,"href":"https:\/\/www.ricany.cz\/de\/wp-json\/wp\/v2\/pages\/105071"}],"wp:attachment":[{"href":"https:\/\/www.ricany.cz\/de\/wp-json\/wp\/v2\/media?parent=105073"}],"curies":[{"name":"wp","href":"https:\/\/api.w.org\/{rel}","templated":true}]}}