{"id":105007,"date":"2023-10-12T15:31:02","date_gmt":"2023-10-12T13:31:02","guid":{"rendered":"https:\/\/www.ricany.cz\/rathaus\/gemeindeamt\/abteilungen-und-bereiche\/abteilung-buero-des-buergermeisters\/sekretariat\/"},"modified":"2025-02-06T11:28:02","modified_gmt":"2025-02-06T10:28:02","slug":"sekretariat","status":"publish","type":"page","link":"https:\/\/www.ricany.cz\/de\/rathaus\/gemeindeamt\/abteilungen-und-bereiche\/abteilung-buero-des-buergermeisters\/sekretariat\/","title":{"rendered":"Sekretariat"},"content":{"rendered":"\n<p><strong>Standort:  <\/strong><\/p>\n\n<ul class=\"wp-block-list\">\n<li><a href=\"https:\/\/www.ricany.cz\/kontakty\/#a\" data-type=\"link\" data-id=\"https:\/\/www.ricany.cz\/kontakty\/#a\">Geb\u00e4ude A, Masarykovo n\u00e1m\u011bst\u00ed 53\/40, \u0158\u00ed\u010dany<\/a><\/li>\n<\/ul>\n\n<p>Die Abteilung befasst sich mit den folgenden Agenden:<\/p>\n\n<ul class=\"wp-block-list\">\n<li>Verwaltungsarbeit<\/li>\n\n\n\n<li>organisatorische und administrative T\u00e4tigkeiten f\u00fcr den Rat und die Stadtverwaltung von \u0158\u00ed\u010dany<\/li>\n<\/ul>\n\n<h3 class=\"wp-block-heading\">Kontakt<\/h3>\n    <section class=\"block block-contacts\" >\n                    <div class=\"contacts\">\n                <article class=\"contact mestsky-urad-ricany\">\n            <div class=\"picture placeholder\">\n            &nbsp;\n        <\/div>\n        <div class=\"content\">\n        <h4>                Baro\u0148ov\u00e1 S\u00e1ra Zde\u0148ka Mgr.                <\/h4>                    <div class=\"description\">asistentka m\u00edstostarost\u016f a tajemn\u00edka<\/div>\n                <div class=\"details\">\n                            <a class=\"icon phone\" href=\"tel:+420323618106\" title=\"Phone\" aria-label=\"Phone\">+420&nbsp;323&nbsp;618&nbsp;106<\/a>\n                                                    <a class=\"icon mail\" href=\"mailto:zdenka.baronova@ricany.cz\" title=\"Email\" aria-label=\"Email\">zdenka.baronova@ricany.cz<\/a>\n                                        <p class=\"icon office\" title=\"Office number\" aria-label=\"Office number\">A-209<\/p>\n                                                    <p class=\"icon department\">\n                                                <a href=\"https:\/\/www.ricany.cz\/kontakty\/databaze-kontaktu\/?_kontakty_oddeleni=odbor-kancelar-starosty\" title=\"Department\" aria-label=\"Department\">Odbor kancel\u00e1\u0159 starosty<\/a>\n                                    <\/p>\n                                            <\/div>\n    <\/div>\n<\/article><article class=\"contact mestsky-urad-ricany\">\n            <div class=\"picture placeholder\">\n            &nbsp;\n        <\/div>\n        <div class=\"content\">\n        <h4>                \u017dilkov\u00e1 Mark\u00e9ta Mgr.                <\/h4>                    <div class=\"description\">asistentka starosty<\/div>\n                <div class=\"details\">\n                            <a class=\"icon phone\" href=\"tel:+420323618114\" title=\"Phone\" aria-label=\"Phone\">+420&nbsp;323&nbsp;618&nbsp;114<\/a>\n                                        <a class=\"icon mobile\" href=\"tel:+420721302550\" title=\"Mobile\" aria-label=\"Mobile\">+420&nbsp;721 302 550<\/a>\n                                        <a class=\"icon mail\" href=\"mailto:marketa.zilkova@ricany.cz\" title=\"Email\" aria-label=\"Email\">marketa.zilkova@ricany.cz<\/a>\n                                        <p class=\"icon office\" title=\"Office number\" aria-label=\"Office number\">A-209<\/p>\n                                                    <p class=\"icon department\">\n                                                <a href=\"https:\/\/www.ricany.cz\/kontakty\/databaze-kontaktu\/?_kontakty_oddeleni=odbor-kancelar-starosty\" title=\"Department\" aria-label=\"Department\">Odbor kancel\u00e1\u0159 starosty<\/a>\n                                    <\/p>\n                                            <\/div>\n    <\/div>\n<\/article>            <\/div>\n            <\/section>\n","protected":false},"excerpt":{"rendered":"<p>Standort: Die Abteilung befasst sich mit den folgenden Agenden: Kontakt<\/p>\n","protected":false},"author":1,"featured_media":0,"parent":105005,"menu_order":53,"comment_status":"closed","ping_status":"closed","template":"","meta":{"_acf_changed":false,"_relevanssi_hide_post":"","_relevanssi_hide_content":"","_relevanssi_pin_for_all":"","_relevanssi_pin_keywords":"","_relevanssi_unpin_keywords":"","_relevanssi_related_keywords":"","_relevanssi_related_include_ids":"","_relevanssi_related_exclude_ids":"","_relevanssi_related_no_append":"","_relevanssi_related_not_related":"","_relevanssi_related_posts":"","_relevanssi_noindex_reason":"","inline_featured_image":false,"footnotes":""},"class_list":["post-105007","page","type-page","status-publish","hentry"],"acf":[],"_links":{"self":[{"href":"https:\/\/www.ricany.cz\/de\/wp-json\/wp\/v2\/pages\/105007","targetHints":{"allow":["GET"]}}],"collection":[{"href":"https:\/\/www.ricany.cz\/de\/wp-json\/wp\/v2\/pages"}],"about":[{"href":"https:\/\/www.ricany.cz\/de\/wp-json\/wp\/v2\/types\/page"}],"author":[{"embeddable":true,"href":"https:\/\/www.ricany.cz\/de\/wp-json\/wp\/v2\/users\/1"}],"replies":[{"embeddable":true,"href":"https:\/\/www.ricany.cz\/de\/wp-json\/wp\/v2\/comments?post=105007"}],"version-history":[{"count":1,"href":"https:\/\/www.ricany.cz\/de\/wp-json\/wp\/v2\/pages\/105007\/revisions"}],"predecessor-version":[{"id":105008,"href":"https:\/\/www.ricany.cz\/de\/wp-json\/wp\/v2\/pages\/105007\/revisions\/105008"}],"up":[{"embeddable":true,"href":"https:\/\/www.ricany.cz\/de\/wp-json\/wp\/v2\/pages\/105005"}],"wp:attachment":[{"href":"https:\/\/www.ricany.cz\/de\/wp-json\/wp\/v2\/media?parent=105007"}],"curies":[{"name":"wp","href":"https:\/\/api.w.org\/{rel}","templated":true}]}}