{"id":104632,"date":"2023-10-23T15:36:22","date_gmt":"2023-10-23T13:36:22","guid":{"rendered":"https:\/\/www.ricany.cz\/ueberblick-ueber-die-zuschuesse-aus-dem-programm-veranstaltungen-2018-operationen-2018-und-repraesentation-1-pol-2018\/"},"modified":"2025-02-06T07:04:22","modified_gmt":"2025-02-06T06:04:22","slug":"ueberblick-ueber-die-zuschuesse-aus-dem-programm-veranstaltungen-2018-operationen-2018-und-repraesentation-1-pol-2018","status":"publish","type":"page","link":"https:\/\/www.ricany.cz\/de\/ueberblick-ueber-die-zuschuesse-aus-dem-programm-veranstaltungen-2018-operationen-2018-und-repraesentation-1-pol-2018\/","title":{"rendered":"\u00dcberblick \u00fcber die Zusch\u00fcsse aus dem Programm Veranstaltungen 2018, Operationen 2018 und Repr\u00e4sentation 1. pol. 2018"},"content":{"rendered":"\n<p><strong>St\u00e4dtische Zusch\u00fcsse aus dem Programm Events 2018 verteilt<\/strong><\/p>\n\n<p>Am 13. September 2017 genehmigte der Stadtrat von \u0158\u00ed\u010dany mit Beschluss 17-07-023 das AKTIONSPROGRAMM f\u00fcr die Bereitstellung von Zusch\u00fcssen aus dem Haushalt der Stadt \u0158\u00ed\u010dany f\u00fcr 2018.   Gem\u00e4\u00df den Bedingungen des genehmigten Programms konnten Antragsteller bis zum 31. Dezember 2016 Antr\u00e4ge auf finanzielle Unterst\u00fctzung f\u00fcr ihre Projekte im Grantys-Datenbanksystem einreichen. 12. 2017. Es wurden insgesamt 62 Antr\u00e4ge auf Zusch\u00fcsse registriert. In seiner Sitzung am 14. Februar 2018 genehmigte der Stadtrat von \u0158\u00ed\u010dany die Verteilung der Mittel an die Antragsteller, die die Bedingungen des Programms Aktion 2018 erf\u00fcllten, in H\u00f6he von insgesamt 1.378.200 CZK.    <\/p>\n\n<figure class=\"wp-block-table\"><table><tbody><tr><td><strong>Name der Organisation<\/strong><\/td><td><strong>Gegenstand des Ersuchens<\/strong><\/td><td><strong>Vom Rat genehmigter Betrag<\/strong><\/td><\/tr><tr><td>Aizen &#8211; Japanischer Garten, o.p.s.<\/td><td>Kindertag im Japanischen Garten Aizen<\/td><td>20 000<\/td><\/tr><tr><td>Aizen &#8211; Japanischer Garten, o.p.s.<\/td><td>Pflanzen Sie Ihren Baum im Aizen Japanese Garden<\/td><td>20 000<\/td><\/tr><tr><td>Aizen &#8211; Japanischer Garten, o.p.s.<\/td><td>Sommerkino im Japanischen Garten von Aizen<\/td><td>12 800<\/td><\/tr><tr><td>Aizen &#8211; Japanischer Garten, o.p.s.<\/td><td>Japanischer Tag im Aizen-Garten<\/td><td>20 000<\/td><\/tr><tr><td>Laufclub \u0158\u00ed\u010dany z.s.<\/td><td>Waldlauf \u0158\u00ed\u010dany XCR 2018<\/td><td>20 000<\/td><\/tr><tr><td>Brusla\u0159sk\u00fd klub \u0158\u00ed\u010dany, z. s.<\/td><td>Nikolaus auf Eis<\/td><td>20 000<\/td><\/tr><tr><td>Brusla\u0159sk\u00fd klub \u0158\u00ed\u010dany, z. s.<\/td><td>Mardi Gras auf Eis (Karneval)<\/td><td>20 000<\/td><\/tr><tr><td>Brusla\u0159sk\u00fd klub \u0158\u00ed\u010dany, z. s.<\/td><td>Halloween &#8211; Spuk auf dem Eis<\/td><td>20 000<\/td><\/tr><tr><td>Brusla\u0159sk\u00fd klub \u0158\u00ed\u010dany, z. s.<\/td><td>Tag der Kinder auf dem Eis<\/td><td>20 000<\/td><\/tr><tr><td>Brusla\u0159sk\u00fd klub \u0158\u00ed\u010dany, z. s.<\/td><td>Eisball &#8211; Winter Jamboree<\/td><td>20 000<\/td><\/tr><tr><td>Centrum Na Fialce o.p.s.<\/td><td>Schwimm-Marathon 2018<\/td><td>40 000<\/td><\/tr><tr><td>Weg der Integration, o.p.s.<\/td><td>Club und auf den Stra\u00dfen 3<\/td><td>18 000<\/td><\/tr><tr><td>Weg der Integration, o.p.s.<\/td><td>Verletzungsfreier Tag 2018<\/td><td>18 000<\/td><\/tr><tr><td>Weg der Integration, o.p.s.<\/td><td>Tag der Retter<\/td><td>39 000<\/td><\/tr><tr><td>Theaterverein Tyl<\/td><td>Theater Herbst von Ji\u0159\u00ed \u0160atoplet<\/td><td>40 000<\/td><\/tr><tr><td>Fight Club \u0158\u00ed\u010dany, z. s.<\/td><td>\u0158\u00ed\u010dansk\u00e9 potah\u00e1n\u00ed 7<\/td><td>8 000<\/td><\/tr><tr><td>Fight Club \u0158\u00ed\u010dany, z. s.<\/td><td>\u0158\u00ed\u010dansk\u00e9 potah\u00e1n\u00ed 6<\/td><td>8 000<\/td><\/tr><tr><td>FK \u0158\u00ed\u010dany, Verein<\/td><td>Miroslav \u0160af\u00e1rik Gedenkfeier 2018<\/td><td>20 000<\/td><\/tr><tr><td>Fuego \u0158\u00ed\u010dany z.s.<\/td><td>41. \u0158\u00ed\u010dany Cup 2018 &#8211; Wettbewerb im Tanzsport<\/td><td>50 000<\/td><\/tr><tr><td>Fuego \u0158\u00ed\u010dany z.s.<\/td><td>Fuego Cup 2018 &#8211; 16. Weinlese<\/td><td>40 000<\/td><\/tr><tr><td>HaMfest, z.s.<\/td><td>HaMfest.cz 2018<\/td><td>20 000<\/td><\/tr><tr><td>Judo Club Kyklop Zweigverein \u0158\u00ed\u010dany<\/td><td>Judo Cup Ricany 2018<\/td><td>50 000<\/td><\/tr><tr><td>Jun\u00e1k &#8211; Tschechischer Pfadfinder, Zentrum L\u00edpa \u0158\u00ed\u010dany, z. s.<\/td><td>Zyklotrophie 2018<\/td><td>11 000<\/td><\/tr><tr><td>Jure\u010dek z.s.<\/td><td>Jure\u010dkov\u00e1 Trefa 2018<\/td><td>20 000<\/td><\/tr><tr><td>K\u010cT, Abteilung \u0158\u00ed\u010dany &#8211; Rado\u0161ovice<\/td><td>Touristenmarsch durch die Pytl\u00e1ckie-Schluchten<\/td><td>20 000<\/td><\/tr><tr><td>Schachklub \u0158\u00ed\u010dany 1925, z.s.<\/td><td>KP von j\u00fcngeren Sch\u00fclern<\/td><td>20 000<\/td><\/tr><tr><td>Scooter Grand Prix<\/td><td>Gro\u00dfer Preis der Motorroller \u0158\u00ed\u010dany<\/td><td>17 000<\/td><\/tr><tr><td>Mraveni\u0161t\u011b, Freizeitzentrum \u0158\u00ed\u010dany, z.s.<\/td><td>Dies ist<\/td><td>18 000<\/td><\/tr><tr><td>Mraveni\u0161t\u011b, Freizeitzentrum \u0158\u00ed\u010dany, z.s.<\/td><td>\u0158\u00ed\u010dany Pedal Rennen 2018<\/td><td>50 000<\/td><\/tr><tr><td>Na Radostech, z. s.<\/td><td>Street Food Festival 2018<\/td><td>50 000<\/td><\/tr><tr><td>Die Zierpflanzengesellschaft in \u0158\u00ed\u010dany, z.s.<\/td><td>Ausrottung von Unkraut im Jahr 2018 &#8211; Fl\u00fcgelwurz <\/td><td>8 000<\/td><\/tr><tr><td>Rugby Club \u0158\u00ed\u010dany, z.s.<\/td><td>Internationales Turnier PYRF 2018 f\u00fcr U14<\/td><td>30 000<\/td><\/tr><tr><td>Rugby Club \u0158\u00ed\u010dany, z.s.<\/td><td>Internationales Turnier PYRF 2018 f\u00fcr U16<\/td><td>30 000<\/td><\/tr><tr><td>SC SPIRIT \u0158\u00cd\u010cANY z. s.<\/td><td>Karate-Sportliga f\u00fcr Kinder in \u0158\u00ed\u010dany<\/td><td>20 000<\/td><\/tr><tr><td>SC SPIRIT \u0158\u00cd\u010cANY z. s.<\/td><td>Mittelb\u00f6hmische Karate-Meisterschaft<\/td><td>20 000<\/td><\/tr><tr><td>SC SPIRIT \u0158\u00cd\u010cANY z. s.<\/td><td>Blaues und rotes Mini-Volleyball-Turnier<\/td><td>8 000<\/td><\/tr><tr><td>SC SPIRIT \u0158\u00cd\u010cANY z. s.<\/td><td>Gelb-orangefarbenes Mini-Volleyballturnier<\/td><td>8 000<\/td><\/tr><tr><td>SC SPIRIT \u0158\u00cd\u010cANY z. s.<\/td><td>Karate-Mini-Turnier f\u00fcr Kinder in Ricany<\/td><td>20 000<\/td><\/tr><tr><td>Seniorenzentrum \u0158\u00ed\u010dany<\/td><td>Diabetes-Tag<\/td><td>8 000<\/td><\/tr><tr><td>Seniorenzentrum \u0158\u00ed\u010dany<\/td><td>PC-Kurs f\u00fcr Senioren<\/td><td>8 000<\/td><\/tr><tr><td>Seniorenzentrum \u0158\u00ed\u010dany<\/td><td>PC-Kurs f\u00fcr Familien mit Kindern<\/td><td>8 000<\/td><\/tr><tr><td>SK Slun\u00e9\u010dko, z.s.<\/td><td>K\u00fchles Tal 2018<\/td><td>8 000<\/td><\/tr><tr><td>Studio DANCE EB Verein<\/td><td>3. schrittweise Tasse \u0158\u00ed\u010dany<\/td><td>20 000<\/td><\/tr><tr><td>Studio DANCE EB Verein<\/td><td>Tanz f\u00fcr alle<\/td><td>8 000<\/td><\/tr><tr><td>Schule f\u00fcr Taekwon-Do ITF KWANG GAE z.s.<\/td><td>OFFENE MEISTERSCHAFT DER TSCHECHISCHEN REPUBLIK<\/td><td>50 000<\/td><\/tr><tr><td>Schule f\u00fcr Taekwon-Do ITF KWANG GAE z.s.<\/td><td>15. Internationale Meisterschaft Best of the Best 2018<\/td><td>50 000<\/td><\/tr><tr><td>Sokol \u0158\u00ed\u010dany und Rado\u0161ovice<\/td><td>Leichtathletikwettbewerbe im Fr\u00fchjahr<\/td><td>20 000<\/td><\/tr><tr><td>Sokol \u0158\u00ed\u010dany und Rado\u0161ovice<\/td><td>Leichtathletik-Tag f\u00fcr Sch\u00fcler<\/td><td>20 000<\/td><\/tr><tr><td>Sokol \u0158\u00ed\u010dany und Rado\u0161ovice<\/td><td>Schwimmen Schulschwimmmeisterschaften<\/td><td>30 000<\/td><\/tr><tr><td>Sokol \u0158\u00ed\u010dany und Rado\u0161ovice<\/td><td>St. Wenzel Aquathlon<\/td><td>30 000<\/td><\/tr><tr><td>Sokol \u0158\u00ed\u010dany und Rado\u0161ovice<\/td><td>\u0158\u00ed\u010dany Swimming School Cup<\/td><td>15 000<\/td><\/tr><tr><td>TJ Tourist, z.s.<\/td><td>Beliebige Sterne<\/td><td>20 000<\/td><\/tr><tr><td>TJ Tourist, z.s.<\/td><td>Teamgym Cup \u0158\u00ed\u010dany 2018<\/td><td>34 500<\/td><\/tr><tr><td>T\u0160 Twist \u0158\u00ed\u010dany, z.s.<\/td><td>Fr\u00fchjahrspreis von T\u0160 Twist \u0158\u00ed\u010dany 2018, 16. Weinlese<\/td><td>40 000<\/td><\/tr><tr><td>T\u0160 Twist \u0158\u00ed\u010dany, z.s.<\/td><td>Mayor&#8217;s Cup 2018, 18. Weinlese<\/td><td>40 000<\/td><\/tr><tr><td>T\u0160 Twist \u0158\u00ed\u010dany, z.s.<\/td><td>Weihnachten TWISTing<\/td><td>20 000<\/td><\/tr><tr><td>Vesmir \u0158\u00ed\u010dany, z.s.<\/td><td>Durchf\u00fchrung des Kindertages in Marv\u00e1nek 2018<\/td><td>14 900<\/td><\/tr><tr><td>ZO \u010cSOP EKOCENTRUM \u0158\u00cd\u010cANY<\/td><td>Arbor Day 2018<\/td><td>8 000<\/td><\/tr><tr><td>ZO \u010cSOP EKOCENTRUM \u0158\u00cd\u010cANY<\/td><td>Welpen auf dem Hof<\/td><td>8 000<\/td><\/tr><tr><td>ZO \u010cSOP EKOCENTRUM \u0158\u00cd\u010cANY<\/td><td>Sheep in the Yard &#8211; Schafe scheren, Wolle spinnen, filzen<\/td><td>8 000<\/td><\/tr><tr><td>ZO \u010cSOP EKOCENTRUM \u0158\u00cd\u010cANY<\/td><td>Ziegennachmittag in Dvorku &#8211; Butter- und K\u00e4seherstellung<\/td><td>8 000<\/td><\/tr><tr><td>ZO \u010cSOP EKOCENTRUM \u0158\u00cd\u010cANY<\/td><td>Nussknacker im Nussknacker<\/td><td>8 000<\/td><\/tr><\/tbody><\/table><\/figure>\n\n<p><strong>St\u00e4dtische Zusch\u00fcsse aus dem Programm Betrieb und Repr\u00e4sentation 2018 in 1. pol. 2018 verteilt<\/strong><\/p>\n\n<p>Am 13. September 2017 genehmigte der Stadtrat von \u0158\u00ed\u010dany das Operationelle Programm unter dem Beschluss 17-07-020 und das Repr\u00e4sentationsprogramm unter dem Beschluss 17-07-018 f\u00fcr die Bereitstellung von Zusch\u00fcssen aus dem Haushalt der Stadt \u0158\u00ed\u010dany f\u00fcr 2018. 36 Antr\u00e4ge auf Zusch\u00fcsse wurden f\u00fcr das Operationelle Programm und 13 Antr\u00e4ge f\u00fcr das Repr\u00e4sentationsprogramm f\u00fcr das erste Halbjahr 2018 registriert.    <\/p>\n\n<p>Den Antr\u00e4gen, die die Bedingungen des Programms PROVOZ 2018 erf\u00fcllten, wurden durch den Beschluss des Stadtrats von \u0158\u00ed\u010dany vom 14. M\u00e4rz 2018 Mittel in H\u00f6he von insgesamt 3.620.045 CZK zugewiesen. <\/p>\n\n<p>Durch Beschluss des Stadtrats von \u0158\u00ed\u010dany vom 14. M\u00e4rz 2018 wurden f\u00fcr das erste Halbjahr 2018 insgesamt 200.480,00 CZK an einzelne Antragsteller vergeben, die die Stadt \u0158\u00ed\u010dany bei internationalen Veranstaltungen vertreten.   Antragsteller auf Platz 1. &#8211; Platz, erhielten sie einen Zuschuss von 100 %. Die Antragsteller auf den Pl\u00e4tzen 4 bis 13 erhielten 64 % des beantragten Betrags.   <\/p>\n\n<p><strong>Operationelles Programm 2018 &#8211; Zuteilung der Mittel<\/strong><\/p>\n\n<figure class=\"wp-block-table\"><table><tbody><tr><td><strong><em>Name der Organisation<\/em><\/strong><\/td><td><strong><em>Vom Rat genehmigter Betrag (in CZK)<\/em><\/strong><\/td><\/tr><tr><td>Alphabet der praktischen Bewegung, z. s.<\/td><td>22 825<\/td><\/tr><tr><td>Aikido Kenkyukai \u0158\u00ed\u010dany, z. s.<\/td><td>91 300<\/td><\/tr><tr><td>Aizen &#8211; Japanischer Garten, o. p. s.<\/td><td>22 825<\/td><\/tr><tr><td>Ant Parkour Deadly Team \u0158\u00ed\u010dany, z. s.<\/td><td>91 300<\/td><\/tr><tr><td>Laufclub \u0158\u00ed\u010dany, z. s.<\/td><td>9 130<\/td><\/tr><tr><td>Brusla\u0159sk\u00fd klub \u0158\u00ed\u010dany, z. s.<\/td><td>136 950<\/td><\/tr><tr><td>Centrum Na Fialce, o. p. s.<\/td><td>228 250<\/td><\/tr><tr><td>\u010cesk\u00fd ryb\u00e1\u0159sk\u00fd svaz, z. s.<\/td><td>136 950<\/td><\/tr><tr><td>Divadeln\u00ed spolek Tyl, z. s.<\/td><td>22 825<\/td><\/tr><tr><td>FBC \u0158\u00ed\u010dany, z. s.<\/td><td>136 950<\/td><\/tr><tr><td>Fight Club \u0158\u00ed\u010dany, z. s.<\/td><td>9 130<\/td><\/tr><tr><td>FK Rado\u0161ovice, z. s.<\/td><td>136 950<\/td><\/tr><tr><td>FK \u0158\u00ed\u010dany, z. s.<\/td><td>228 250<\/td><\/tr><tr><td>Fuego \u0158\u00ed\u010dany, z. s.<\/td><td>91 300<\/td><\/tr><tr><td>Judo Club Kyklop, Zweigverein \u0158\u00ed\u010dany<\/td><td>91 300<\/td><\/tr><tr><td>Jun\u00e1k \u2013 \u010desk\u00fd skaut, st\u0159edisko L\u00edpa \u0158\u00ed\u010dany, z. s.<\/td><td>136 950<\/td><\/tr><tr><td>Schachklub \u0158\u00ed\u010dany 1925, z. s.<\/td><td>91 300<\/td><\/tr><tr><td>Mraveni\u0161t\u011b, Freizeitzentrum \u0158\u00ed\u010dany, z. s.<\/td><td>228 250<\/td><\/tr><tr><td>Okra\u0161lovac\u00ed spolek v \u0158\u00ed\u010danech, z. s.<\/td><td>9 130<\/td><\/tr><tr><td>Rugby Club \u0158\u00ed\u010dany, z. s.<\/td><td>136 950<\/td><\/tr><tr><td>\u0158\u00ed\u010dansk\u00fd Komorn\u00ed Orchestr, z. s.<\/td><td>22 825<\/td><\/tr><tr><td>Sbor C\u00edrkve Bratrsk\u00e9 v \u0158\u00ed\u010danech<\/td><td>22 825<\/td><\/tr><tr><td>SC Spirit \u0158\u00ed\u010dany, z. s.<\/td><td>136 950<\/td><\/tr><tr><td>SH \u010cMS \u2013 Sbor dobrovoln\u00fdch hasi\u010d\u016f \u0158\u00ed\u010dany<\/td><td>45 650<\/td><\/tr><tr><td>SK Slun\u00e9\u010dko, z. s.<\/td><td>91 300<\/td><\/tr><tr><td>Sport, o. p. s.<\/td><td>91 300<\/td><\/tr><tr><td>Studio Dance EB, z. s.<\/td><td>136 950<\/td><\/tr><tr><td>\u0160kola Taekwon-Do Kwang Gae, z. s.<\/td><td>91 300<\/td><\/tr><tr><td>TJ Sokol \u0158\u00ed\u010dany und Rado\u0161ovice, z. s.<\/td><td>365 200<\/td><\/tr><tr><td>TJ Sokol Pacov, z. s.<\/td><td>9 130<\/td><\/tr><tr><td>TJ Tourist, z. s.<\/td><td>228 250<\/td><\/tr><tr><td>TK Rado\u0161ovice, z. s.<\/td><td>91 300<\/td><\/tr><tr><td>T\u0160 TWIST \u0158\u00ed\u010dany, z. s.<\/td><td>136 950<\/td><\/tr><tr><td>ZO \u010cSOP EKOCENTRUM \u0158\u00ed\u010dany, z. s.<\/td><td>91 300<\/td><\/tr><\/tbody><\/table><\/figure>\n\n<p><strong>Programm der Repr\u00e4sentation 1. pol. 2018 &#8211; Zuweisung von Mitteln<\/strong><\/p>\n\n<figure class=\"wp-block-table\"><table><tbody><tr><td><strong><em>Rangliste<\/em><\/strong><\/td><td><strong><em>Antragsteller<\/em><\/strong><\/td><td><strong><em>Name des Projekts<\/em><\/strong><\/td><td><strong><em>Vom Rat genehmigter Betrag (in CZK)<\/em><\/strong><\/td><\/tr><tr><td>1.<\/td><td>FBC \u0158\u00ed\u010dany, z.s.<\/td><td>Unihockeyspieler fahren nach M\u00f6lndal<\/td><td>30 000,-<\/td><\/tr><tr><td>2.<\/td><td>TJ Tourist, z.s.<\/td><td>Repr\u00e4sentation der Stadt gegen\u00fcber der Partnerstadt Dainville<\/td><td>24 000,-<\/td><\/tr><tr><td>3.<\/td><td>Rugby Club \u0158\u00ed\u010dany, z.s.<\/td><td>Weltjugendspiele 2018<\/td><td>30 000,-<\/td><\/tr><tr><td>4.<\/td><td>FK Rado\u0161ovice, z. s.<\/td><td>Internationales Turnier Deutschland Cup<\/td><td>19 200,-  <\/td><\/tr><tr><td>5.<\/td><td>FK \u0158\u00ed\u010dany, z. s.<\/td><td>Jesolo Cup 2018<\/td><td>19 200,-<\/td><\/tr><tr><td>6.<\/td><td>TJ Sokol \u0158\u00ed\u010dany und Rado\u0161ovice<\/td><td>45. Treffen der Falkner in \u00d6etz, \u00d6sterreich<\/td><td>11 520,-<\/td><\/tr><tr><td>7.<\/td><td>Schule f\u00fcr Taekwon-Do ITF KWANG GAE, z. s.<\/td><td>Pre\u0161ov Open 2018<\/td><td>19 200,-<\/td><\/tr><tr><td>8.<\/td><td>Schachklub \u0158\u00ed\u010dany 1925, z. s.<\/td><td>Tschechisch-Slowakische Frauen-Schach-Extraliga<\/td><td>5 120,-<\/td><\/tr><tr><td>9.<\/td><td>Mat\u011bj Burian<\/td><td>Repr\u00e4sentative Triathlon-Reise &#8211; Australien<\/td><td>6 400,-<\/td><\/tr><tr><td>10.<\/td><td>Laufclub \u0158\u00ed\u010dany, z.s.<\/td><td>Weltmeisterschaften f\u00fcr Veteranen im Abfahrtslauf 2018<\/td><td>3 840,-<\/td><\/tr><tr><td>11.<\/td><td>Fuego \u0158\u00ed\u010dany, z. s.<\/td><td>Deutschland 2018-dance comp Wuppertal<\/td><td>19 200,-<\/td><\/tr><tr><td>12.<\/td><td>Mat\u011bj Bedrn\u00edk<\/td><td>Vertretung im MTB-Camp in Italien<\/td><td>6 400,-<\/td><\/tr><tr><td>13.<\/td><td>Karol\u00edna Bedrn\u00edkov\u00e1<\/td><td>Vertretung im MTB-Camp in Italien<\/td><td>6 400,-<\/td><\/tr><\/tbody><\/table><\/figure>\n","protected":false},"excerpt":{"rendered":"<p>St\u00e4dtische Zusch\u00fcsse aus dem Programm Events 2018 verteilt Am 13. September 2017 genehmigte der Stadtrat von \u0158\u00ed\u010dany mit Beschluss 17-07-023&#8230;<\/p>\n","protected":false},"author":1,"featured_media":0,"parent":0,"menu_order":619,"comment_status":"closed","ping_status":"closed","template":"","meta":{"_acf_changed":false,"_relevanssi_hide_post":"","_relevanssi_hide_content":"","_relevanssi_pin_for_all":"","_relevanssi_pin_keywords":"","_relevanssi_unpin_keywords":"","_relevanssi_related_keywords":"","_relevanssi_related_include_ids":"","_relevanssi_related_exclude_ids":"","_relevanssi_related_no_append":"","_relevanssi_related_not_related":"","_relevanssi_related_posts":"","_relevanssi_noindex_reason":"","inline_featured_image":false,"footnotes":""},"class_list":["post-104632","page","type-page","status-publish","hentry"],"acf":[],"_links":{"self":[{"href":"https:\/\/www.ricany.cz\/de\/wp-json\/wp\/v2\/pages\/104632","targetHints":{"allow":["GET"]}}],"collection":[{"href":"https:\/\/www.ricany.cz\/de\/wp-json\/wp\/v2\/pages"}],"about":[{"href":"https:\/\/www.ricany.cz\/de\/wp-json\/wp\/v2\/types\/page"}],"author":[{"embeddable":true,"href":"https:\/\/www.ricany.cz\/de\/wp-json\/wp\/v2\/users\/1"}],"replies":[{"embeddable":true,"href":"https:\/\/www.ricany.cz\/de\/wp-json\/wp\/v2\/comments?post=104632"}],"version-history":[{"count":1,"href":"https:\/\/www.ricany.cz\/de\/wp-json\/wp\/v2\/pages\/104632\/revisions"}],"predecessor-version":[{"id":104633,"href":"https:\/\/www.ricany.cz\/de\/wp-json\/wp\/v2\/pages\/104632\/revisions\/104633"}],"wp:attachment":[{"href":"https:\/\/www.ricany.cz\/de\/wp-json\/wp\/v2\/media?parent=104632"}],"curies":[{"name":"wp","href":"https:\/\/api.w.org\/{rel}","templated":true}]}}